{"id":29415,"date":"2025-02-20T22:31:02","date_gmt":"2025-02-20T22:31:02","guid":{"rendered":"http:\/\/olemosaic.com\/producto\/bol-de-coco-rojo-salamandra-menorca\/"},"modified":"2025-07-25T20:21:44","modified_gmt":"2025-07-25T18:21:44","slug":"bol-noix-de-coco-rouge-salamandre-minorque","status":"publish","type":"product","link":"https:\/\/olemosaic.com\/fr\/produit\/bol-noix-de-coco-rouge-salamandre-minorque\/","title":{"rendered":"Bol en noix de coco rouge. Salamandre. Minorque."},"content":{"rendered":"<p>Ce bol en noix de coco rouge est une pi\u00e8ce exquise qui capture l&rsquo;essence vibrante de Minorque. Con\u00e7u avec un fond bleu intense, sa surface est orn\u00e9e d&rsquo;une illustration d\u00e9taill\u00e9e d&rsquo;une salamandre, symbole embl\u00e9matique de la faune minorquine, qui apporte une touche de fra\u00eecheur et de singularit\u00e9. Les nuances blanches entourant la salamandre contrastent magnifiquement avec le bleu du bol, tandis que la texture en mosa\u00efque \u00e0 l&rsquo;ext\u00e9rieur ajoute un air artisanal, \u00e9voquant la riche tradition c\u00e9ramique de l&rsquo;\u00eele.<\/p>\n<p>Le d\u00e9tail central \u00ab\u00a0MINORQUE\u00a0\u00bb est strat\u00e9giquement plac\u00e9 dans le design, faisant de ce bol non seulement un objet d\u00e9coratif, mais un authentique rappel des merveilles de cette impressionnante \u00eele de la M\u00e9diterran\u00e9e. Que ce soit pour l&rsquo;utiliser comme un centre de table accrocheur ou comme un ustensile fonctionnel dans la cuisine, ce bol se distingue par son esth\u00e9tique et sa polyvalence.<\/p>\n<p>En tant que sp\u00e9cialistes des souvenirs en gros, chez Ol\u00e9 Mosaic, nous proposons des produits authentiques qui refl\u00e8tent la culture et le patrimoine de l&rsquo;Espagne. Ce bol en noix de coco rouge est le choix parfait pour les touristes \u00e0 la recherche de souvenirs repr\u00e9sentatifs de Minorque, garantissant que chaque pi\u00e8ce \u00e9voque la beaut\u00e9 et la tradition de l&rsquo;\u00eele.<\/p>\n","protected":false},"excerpt":{"rendered":"<p>Bol en noix de coco rouge d\u00e9cor\u00e9 d&rsquo;un design vibrant mettant en avant une salamandre, repr\u00e9sentant la faune de Minorque. Ce bol pr\u00e9sente un fond bleu intense avec des d\u00e9tails blancs et une texture en mosa\u00efque qui lui donne une touche artisanale et attrayante. L&rsquo;inscription \u00ab\u00a0MINORQUE\u00a0\u00bb contextualise le produit, en faisant un souvenir parfait qui allie esth\u00e9tique et fonctionnalit\u00e9. Id\u00e9al pour d\u00e9corer ou comme centre de table.<\/p>\n","protected":false},"featured_media":11946,"template":"","meta":{"_acf_changed":false},"product_brand":[],"product_cat":[521],"product_tag":[530],"class_list":{"0":"post-29415","1":"product","2":"type-product","3":"status-publish","4":"has-post-thumbnail","6":"product_cat-bols","7":"product_tag-animaux","8":"pa_ciudad-menorca","9":"pa_motivo-salamandres","10":"pa_pais-espana","12":"first","13":"instock","14":"shipping-taxable","15":"product-type-simple"},"acf":[],"_links":{"self":[{"href":"https:\/\/olemosaic.com\/fr\/wp-json\/wp\/v2\/product\/29415","targetHints":{"allow":["GET"]}}],"collection":[{"href":"https:\/\/olemosaic.com\/fr\/wp-json\/wp\/v2\/product"}],"about":[{"href":"https:\/\/olemosaic.com\/fr\/wp-json\/wp\/v2\/types\/product"}],"wp:featuredmedia":[{"embeddable":true,"href":"https:\/\/olemosaic.com\/fr\/wp-json\/wp\/v2\/media\/11946"}],"wp:attachment":[{"href":"https:\/\/olemosaic.com\/fr\/wp-json\/wp\/v2\/media?parent=29415"}],"wp:term":[{"taxonomy":"product_brand","embeddable":true,"href":"https:\/\/olemosaic.com\/fr\/wp-json\/wp\/v2\/product_brand?post=29415"},{"taxonomy":"product_cat","embeddable":true,"href":"https:\/\/olemosaic.com\/fr\/wp-json\/wp\/v2\/product_cat?post=29415"},{"taxonomy":"product_tag","embeddable":true,"href":"https:\/\/olemosaic.com\/fr\/wp-json\/wp\/v2\/product_tag?post=29415"}],"curies":[{"name":"wp","href":"https:\/\/api.w.org\/{rel}","templated":true}]}}