{"id":29414,"date":"2025-02-20T23:31:02","date_gmt":"2025-02-20T22:31:02","guid":{"rendered":"http:\/\/olemosaic.com\/producto\/bol-de-coco-rojo-caballito-de-mar-gran-canaria\/"},"modified":"2025-07-25T19:16:15","modified_gmt":"2025-07-25T17:16:15","slug":"bol-noix-de-coco-rouge-hippocampe-grande-canarie","status":"publish","type":"product","link":"https:\/\/olemosaic.com\/fr\/produit\/bol-noix-de-coco-rouge-hippocampe-grande-canarie\/","title":{"rendered":"Bol en noix de coco rouge. Hippocampe. Grande Canarie."},"content":{"rendered":"<p>Ce bol en noix de coco rouge est une charmante repr\u00e9sentation de la culture et de la beaut\u00e9 de la Grande Canarie, parfait comme souvenir et un excellent ajout \u00e0 toute collection. \u00c9labor\u00e9 artisanalement, ce bol color\u00e9 se distingue par sa finition brillante vibrante qui fait ressortir les beaux hippocampes dans des tons rouges, sur un \u00e9l\u00e9gant fond noir. La base du bol arbore le texte \u00ab\u00a0Gran Canaria\u00a0\u00bb, un rappel de la destination touristique qu&rsquo;il repr\u00e9sente. De plus, son bord est d\u00e9cor\u00e9 de petits c\u0153urs, ajoutant une touche de charme et d&rsquo;originalit\u00e9 qui en fait un article unique et fonctionnel.<\/p>\n<p>Ce bol n&rsquo;est pas seulement id\u00e9al pour servir des ap\u00e9ritifs ou comme \u00e9l\u00e9ment d\u00e9coratif, il symbolise \u00e9galement le riche h\u00e9ritage culturel des \u00eeles Canaries, o\u00f9 la mer joue un r\u00f4le fondamental dans la vie quotidienne et la tradition artistique. Les hippocampes sont un motif embl\u00e9matique de la r\u00e9gion, associ\u00e9 \u00e0 la beaut\u00e9 marine et \u00e0 la biodiversit\u00e9 qui caract\u00e9rise la Grande Canarie.<\/p>\n<p>Chez Ol\u00e9 Mosaic, en tant que grossiste de souvenirs, nous proposons des produits authentiques et repr\u00e9sentatifs comme ce bol en noix de coco, qui connectent les touristes \u00e0 l&rsquo;essence culturelle du lieu. Ce bol en noix de coco rouge est, sans aucun doute, un cadeau id\u00e9al pour ceux qui cherchent \u00e0 se souvenir de leur exp\u00e9rience aux \u00eeles Canaries avec un souvenir de qualit\u00e9.<\/p>\n","protected":false},"excerpt":{"rendered":"<p>Bol en noix de coco rouge, d\u00e9cor\u00e9 d&rsquo;hippocampes et d&rsquo;un design vibrant inspir\u00e9 de la Grande Canarie. Ce bol color\u00e9, fabriqu\u00e9 en noix de coco, pr\u00e9sente une finition brillante qui fait ressortir les d\u00e9tails des hippocampes dans des tons rouges sur un fond noir, ainsi que l&rsquo;inscription \u00ab\u00a0Gran Canaria\u00a0\u00bb. Son bord attrayant orn\u00e9 de petits c\u0153urs lui ajoute une touche unique, en faisant un souvenir parfait et fonctionnel de la beaut\u00e9 de l&rsquo;archipel canarien.<\/p>\n","protected":false},"featured_media":10248,"template":"","meta":{"_acf_changed":false},"product_brand":[],"product_cat":[521],"product_tag":[530],"class_list":{"0":"post-29414","1":"product","2":"type-product","3":"status-publish","4":"has-post-thumbnail","6":"product_cat-bols","7":"product_tag-animaux","8":"pa_ciudad-gran-canaria","9":"pa_motivo-hippocampes","10":"pa_pais-espana","12":"first","13":"instock","14":"shipping-taxable","15":"product-type-simple"},"acf":[],"_links":{"self":[{"href":"https:\/\/olemosaic.com\/fr\/wp-json\/wp\/v2\/product\/29414","targetHints":{"allow":["GET"]}}],"collection":[{"href":"https:\/\/olemosaic.com\/fr\/wp-json\/wp\/v2\/product"}],"about":[{"href":"https:\/\/olemosaic.com\/fr\/wp-json\/wp\/v2\/types\/product"}],"wp:featuredmedia":[{"embeddable":true,"href":"https:\/\/olemosaic.com\/fr\/wp-json\/wp\/v2\/media\/10248"}],"wp:attachment":[{"href":"https:\/\/olemosaic.com\/fr\/wp-json\/wp\/v2\/media?parent=29414"}],"wp:term":[{"taxonomy":"product_brand","embeddable":true,"href":"https:\/\/olemosaic.com\/fr\/wp-json\/wp\/v2\/product_brand?post=29414"},{"taxonomy":"product_cat","embeddable":true,"href":"https:\/\/olemosaic.com\/fr\/wp-json\/wp\/v2\/product_cat?post=29414"},{"taxonomy":"product_tag","embeddable":true,"href":"https:\/\/olemosaic.com\/fr\/wp-json\/wp\/v2\/product_tag?post=29414"}],"curies":[{"name":"wp","href":"https:\/\/api.w.org\/{rel}","templated":true}]}}