{"id":29412,"date":"2025-02-20T22:31:02","date_gmt":"2025-02-20T22:31:02","guid":{"rendered":"http:\/\/olemosaic.com\/producto\/bol-de-coco-rojo-delfin-menorca\/"},"modified":"2025-07-25T18:51:37","modified_gmt":"2025-07-25T16:51:37","slug":"bol-noix-de-coco-rouge-dauphin-minorque","status":"publish","type":"product","link":"https:\/\/olemosaic.com\/fr\/produit\/bol-noix-de-coco-rouge-dauphin-minorque\/","title":{"rendered":"Bol en noix de coco rouge. Dauphin. Minorque."},"content":{"rendered":"<p>Ce bol en noix de coco rouge est une v\u00e9ritable \u0153uvre artisanale qui refl\u00e8te l&rsquo;essence de Minorque et sa riche vie marine. Avec une finition brillante, ce bol singulier se distingue par sa combinaison vibrante de tons rouges et blancs, \u00e9voquant les criques et les paysages de l&rsquo;\u00eele. Au centre, la figure d\u00e9licate d&rsquo;un dauphin, symbole embl\u00e9matique de la vie marine minorquine, souligne la connexion de l&rsquo;\u00eele avec la mer et sa biodiversit\u00e9. Ce design n&#8217;embellit pas seulement le bol, mais en fait \u00e9galement un excellent souvenir qui capture la beaut\u00e9 naturelle et culturelle de Minorque.<\/p>\n<p>Id\u00e9al pour servir des ap\u00e9ritifs ou comme pi\u00e8ce d\u00e9corative, ce bol est un souvenir repr\u00e9sentatif de l&rsquo;une des plus belles \u00eeles de la M\u00e9diterran\u00e9e. Chaque bol est unique, fruit de l&rsquo;artisanat local, ce qui souligne son authenticit\u00e9 et sa pertinence culturelle. Chez Ol\u00e9 Mosaic, nous sommes sp\u00e9cialis\u00e9s dans la distribution de souvenirs en gros, et ce bol en noix de coco rouge est une option parfaite pour les boutiques de cadeaux touristiques souhaitant proposer des produits distinctifs et de qualit\u00e9. En choisissant ce bol, les touristes n&rsquo;acqui\u00e8rent pas seulement un article d\u00e9coratif, mais une partie de la culture minorquine qu&rsquo;ils pourront emporter chez eux.<\/p>\n","protected":false},"excerpt":{"rendered":"<p>Bol en noix de coco rouge d\u00e9cor\u00e9 d&rsquo;un charmant design de dauphin, repr\u00e9sentant l&rsquo;essence de Minorque. Ce produit artisanal poss\u00e8de une finition brillante et une combinaison de tons rouges et blancs qui rehausse la beaut\u00e9 naturelle du mat\u00e9riau. La figure du dauphin, symbole de la vie marine minorquine, se d\u00e9tache au centre, faisant de ce bol un souvenir attrayant qui capture la culture et la beaut\u00e9 de l&rsquo;\u00eele. Id\u00e9al pour servir ou comme pi\u00e8ce d\u00e9corative.<\/p>\n","protected":false},"featured_media":11910,"template":"","meta":{"_acf_changed":false},"product_brand":[],"product_cat":[521],"product_tag":[530],"class_list":{"0":"post-29412","1":"product","2":"type-product","3":"status-publish","4":"has-post-thumbnail","6":"product_cat-bols","7":"product_tag-animaux","8":"pa_ciudad-menorca","9":"pa_motivo-dauphins","10":"pa_pais-espana","12":"first","13":"instock","14":"shipping-taxable","15":"product-type-simple"},"acf":[],"_links":{"self":[{"href":"https:\/\/olemosaic.com\/fr\/wp-json\/wp\/v2\/product\/29412","targetHints":{"allow":["GET"]}}],"collection":[{"href":"https:\/\/olemosaic.com\/fr\/wp-json\/wp\/v2\/product"}],"about":[{"href":"https:\/\/olemosaic.com\/fr\/wp-json\/wp\/v2\/types\/product"}],"wp:featuredmedia":[{"embeddable":true,"href":"https:\/\/olemosaic.com\/fr\/wp-json\/wp\/v2\/media\/11910"}],"wp:attachment":[{"href":"https:\/\/olemosaic.com\/fr\/wp-json\/wp\/v2\/media?parent=29412"}],"wp:term":[{"taxonomy":"product_brand","embeddable":true,"href":"https:\/\/olemosaic.com\/fr\/wp-json\/wp\/v2\/product_brand?post=29412"},{"taxonomy":"product_cat","embeddable":true,"href":"https:\/\/olemosaic.com\/fr\/wp-json\/wp\/v2\/product_cat?post=29412"},{"taxonomy":"product_tag","embeddable":true,"href":"https:\/\/olemosaic.com\/fr\/wp-json\/wp\/v2\/product_tag?post=29412"}],"curies":[{"name":"wp","href":"https:\/\/api.w.org\/{rel}","templated":true}]}}