{"id":29411,"date":"2025-02-20T22:31:02","date_gmt":"2025-02-20T22:31:02","guid":{"rendered":"http:\/\/olemosaic.com\/producto\/bol-de-coco-rojo-flor\/"},"modified":"2025-07-25T20:15:52","modified_gmt":"2025-07-25T18:15:52","slug":"bol-noix-de-coco-rouge-fleur","status":"publish","type":"product","link":"https:\/\/olemosaic.com\/fr\/produit\/bol-noix-de-coco-rouge-fleur\/","title":{"rendered":"Bol en noix de coco rouge. Fleur."},"content":{"rendered":"<p>Ce bol en noix de coco rouge est un v\u00e9ritable joyau d\u00e9coratif, id\u00e9al pour ceux qui recherchent une touche d&rsquo;\u00e9l\u00e9gance et d&rsquo;authenticit\u00e9 dans leur maison. Fabriqu\u00e9 de mani\u00e8re artisanale, il se distingue par son design d\u00e9licat, qui combine la beaut\u00e9 naturelle de la noix de coco avec un \u00e9mail rouge vibrant, cr\u00e9ant un contraste attrayant qui captive le regard. Au centre du bol, un motif floral stylis\u00e9 dans des tons chauds rehausse son caract\u00e8re distinctif, transformant cette pi\u00e8ce en un objet \u00e0 la fois fonctionnel et visuellement attrayant.<\/p>\n<p>Sa finition naturelle \u00e0 l&rsquo;int\u00e9rieur, compl\u00e9t\u00e9e par les pigments rouges \u00e0 l&rsquo;ext\u00e9rieur, en fait une option polyvalente pour servir des ap\u00e9ritifs ou comme pi\u00e8ce d\u00e9corative dans n&rsquo;importe quel espace. Ce bol repr\u00e9sente un \u00e9chantillon de la riche culture artistique dans l&rsquo;\u00e9laboration d&rsquo;artisanat avec de la noix de coco, une technique qui s&rsquo;est transmise au fil des g\u00e9n\u00e9rations dans diverses r\u00e9gions.<\/p>\n<p>Chez Ol\u00e9 Mosaic, nous sommes sp\u00e9cialistes de la distribution de souvenirs en gros, et ce bol en noix de coco rouge est un excellent choix pour les boutiques de cadeaux touristiques qui cherchent \u00e0 offrir des produits authentiques et de qualit\u00e9. Ce souvenir n&rsquo;\u00e9voque pas seulement l&rsquo;h\u00e9ritage culturel, mais agit \u00e9galement comme un souvenir tangible d&rsquo;un voyage m\u00e9morable, id\u00e9al pour ceux qui appr\u00e9cient l&rsquo;artisanat et l&rsquo;art local.<\/p>\n","protected":false},"excerpt":{"rendered":"<p>Bol en noix de coco rouge avec un d\u00e9licat motif floral au centre, id\u00e9al comme pi\u00e8ce d\u00e9corative ou pour servir. Fabriqu\u00e9 en noix de coco, sa surface est orn\u00e9e de pigments rouges qui cr\u00e9ent un contraste attrayant avec la finition naturelle du mat\u00e9riau. Le motif floral, stylis\u00e9 et dans des tons chauds, apporte une touche \u00e9l\u00e9gante et artisanale. Ce bol est parfait pour ajouter une touche de couleur et d&rsquo;authenticit\u00e9 \u00e0 n&rsquo;importe quel espace.<\/p>\n","protected":false},"featured_media":11854,"template":"","meta":{"_acf_changed":false},"product_brand":[],"product_cat":[521],"product_tag":[],"class_list":{"0":"post-29411","1":"product","2":"type-product","3":"status-publish","4":"has-post-thumbnail","6":"product_cat-bols","7":"pa_motivo-fleurs","9":"first","10":"instock","11":"shipping-taxable","12":"product-type-simple"},"acf":[],"_links":{"self":[{"href":"https:\/\/olemosaic.com\/fr\/wp-json\/wp\/v2\/product\/29411","targetHints":{"allow":["GET"]}}],"collection":[{"href":"https:\/\/olemosaic.com\/fr\/wp-json\/wp\/v2\/product"}],"about":[{"href":"https:\/\/olemosaic.com\/fr\/wp-json\/wp\/v2\/types\/product"}],"wp:featuredmedia":[{"embeddable":true,"href":"https:\/\/olemosaic.com\/fr\/wp-json\/wp\/v2\/media\/11854"}],"wp:attachment":[{"href":"https:\/\/olemosaic.com\/fr\/wp-json\/wp\/v2\/media?parent=29411"}],"wp:term":[{"taxonomy":"product_brand","embeddable":true,"href":"https:\/\/olemosaic.com\/fr\/wp-json\/wp\/v2\/product_brand?post=29411"},{"taxonomy":"product_cat","embeddable":true,"href":"https:\/\/olemosaic.com\/fr\/wp-json\/wp\/v2\/product_cat?post=29411"},{"taxonomy":"product_tag","embeddable":true,"href":"https:\/\/olemosaic.com\/fr\/wp-json\/wp\/v2\/product_tag?post=29411"}],"curies":[{"name":"wp","href":"https:\/\/api.w.org\/{rel}","templated":true}]}}