{"id":29410,"date":"2025-02-20T23:31:02","date_gmt":"2025-02-20T22:31:02","guid":{"rendered":"http:\/\/olemosaic.com\/producto\/bol-de-coco-rojo-caballito-de-mar-mallorca-3\/"},"modified":"2025-07-25T20:12:39","modified_gmt":"2025-07-25T18:12:39","slug":"bol-noix-de-coco-rouge-hippocampe-majorque-fr-2","status":"publish","type":"product","link":"https:\/\/olemosaic.com\/fr\/produit\/bol-noix-de-coco-rouge-hippocampe-majorque-fr-2\/","title":{"rendered":"Bol en noix de coco rouge. Hippocampe. Majorque. Bal\u00e9ares."},"content":{"rendered":"<p>Ce bol en noix de coco rouge est un v\u00e9ritable joyau de l&rsquo;artisanat majorquin, con\u00e7u pour refl\u00e9ter l&rsquo;essence de la M\u00e9diterran\u00e9e. Sa forme arrondie est id\u00e9ale aussi bien comme \u00e9l\u00e9ment d\u00e9coratif que pour servir des ap\u00e9ritifs, ajoutant une touche distinctive \u00e0 n&rsquo;importe quelle table ou espace de votre maison. D\u00e9cor\u00e9 d&rsquo;un \u00e9l\u00e9gant hippocampe, symbole embl\u00e9matique de la faune marine des \u00eeles Bal\u00e9ares, ce bol pr\u00e9sente une finition dans des tons rouges et blancs vibrants. Les d\u00e9tails en forme de mosa\u00efque autour du bord apportent un air unique et contemporain, en faisant un souvenir incontournable qui raconte la beaut\u00e9 de Majorque.<\/p>\n<p>La technique artisanale utilis\u00e9e pour sa fabrication garantit que chaque bol est une pi\u00e8ce unique et de haute qualit\u00e9, id\u00e9ale pour ceux qui recherchent des souvenirs authentiques repr\u00e9sentant la culture et le mode de vie de la r\u00e9gion. De plus, ce pr\u00e9cieux bol n&rsquo;est pas seulement un exemple de la riche tradition artistique de Majorque, mais c&rsquo;est aussi un excellent cadeau pour les touristes qui souhaitent emporter chez eux un morceau de la culture m\u00e9diterran\u00e9enne. Chez Ol\u00e9 Mosaic, en tant que grossistes de souvenirs, nous proposons des produits comme ce bol en noix de coco rouge qui se distinguent par leur design original et leur pertinence culturelle, parfaits pour les boutiques de cadeaux touristiques \u00e0 la recherche d&rsquo;articles authentiques et magnifiquement \u00e9labor\u00e9s.<\/p>\n","protected":false},"excerpt":{"rendered":"<p>Bol en noix de coco rouge, d\u00e9cor\u00e9 d&rsquo;un \u00e9l\u00e9gant hippocampe, repr\u00e9sentant l&rsquo;essence de Majorque. Cette pi\u00e8ce artisanale pr\u00e9sente un design tr\u00e8s sp\u00e9cial avec une finition dans les tons rouges et blancs, o\u00f9 se d\u00e9tachent les d\u00e9tails en forme de mosa\u00efque autour du bord. Le bol est id\u00e9al comme \u00e9l\u00e9ment d\u00e9coratif ou pour servir des ap\u00e9ritifs, et apporte une touche m\u00e9diterran\u00e9enne \u00e0 n&rsquo;importe quel environnement. Sa technique artisanale garantit un produit unique et de haute qualit\u00e9.<\/p>\n","protected":false},"featured_media":11886,"template":"","meta":{"_acf_changed":false},"product_brand":[],"product_cat":[521],"product_tag":[530],"class_list":{"0":"post-29410","1":"product","2":"type-product","3":"status-publish","4":"has-post-thumbnail","6":"product_cat-bols","7":"product_tag-animaux","8":"pa_ciudad-mallorca","9":"pa_motivo-hippocampes","10":"pa_pais-espana","12":"first","13":"instock","14":"shipping-taxable","15":"product-type-simple"},"acf":[],"_links":{"self":[{"href":"https:\/\/olemosaic.com\/fr\/wp-json\/wp\/v2\/product\/29410","targetHints":{"allow":["GET"]}}],"collection":[{"href":"https:\/\/olemosaic.com\/fr\/wp-json\/wp\/v2\/product"}],"about":[{"href":"https:\/\/olemosaic.com\/fr\/wp-json\/wp\/v2\/types\/product"}],"wp:featuredmedia":[{"embeddable":true,"href":"https:\/\/olemosaic.com\/fr\/wp-json\/wp\/v2\/media\/11886"}],"wp:attachment":[{"href":"https:\/\/olemosaic.com\/fr\/wp-json\/wp\/v2\/media?parent=29410"}],"wp:term":[{"taxonomy":"product_brand","embeddable":true,"href":"https:\/\/olemosaic.com\/fr\/wp-json\/wp\/v2\/product_brand?post=29410"},{"taxonomy":"product_cat","embeddable":true,"href":"https:\/\/olemosaic.com\/fr\/wp-json\/wp\/v2\/product_cat?post=29410"},{"taxonomy":"product_tag","embeddable":true,"href":"https:\/\/olemosaic.com\/fr\/wp-json\/wp\/v2\/product_tag?post=29410"}],"curies":[{"name":"wp","href":"https:\/\/api.w.org\/{rel}","templated":true}]}}