{"id":29408,"date":"2025-02-20T23:31:01","date_gmt":"2025-02-20T22:31:01","guid":{"rendered":"http:\/\/olemosaic.com\/producto\/bol-de-coco-rojo-flecha-camino-de-santiago-2\/"},"modified":"2025-07-25T19:41:36","modified_gmt":"2025-07-25T17:41:36","slug":"bol-noix-de-coco-rouge-fleche-chemin-de-compostelle-fr","status":"publish","type":"product","link":"https:\/\/olemosaic.com\/fr\/produit\/bol-noix-de-coco-rouge-fleche-chemin-de-compostelle-fr\/","title":{"rendered":"Bol en noix de coco rouge. Fl\u00e8che. Chemin de Compostelle. Espagne."},"content":{"rendered":"<p>Ce bol rouge en noix de coco est un souvenir embl\u00e9matique qui repr\u00e9sente la riche tradition du Chemin de Compostelle, l&rsquo;une des routes de p\u00e8lerinage les plus importantes au monde. Fabriqu\u00e9 \u00e0 partir d&rsquo;un mat\u00e9riau naturel, ce bol attrayant se distingue par sa couleur rouge vibrante, qui \u00e9voque la passion et l&rsquo;histoire de cette travers\u00e9e historique. Au centre, une inscription claire en blanc indiquant \u00ab\u00a0CAMINO DE SANTIAGO\u00a0\u00bb est compl\u00e9t\u00e9e par une fl\u00e8che, symbolisant le chemin parcouru par des milliers de p\u00e8lerins au fil des si\u00e8cles.<\/p>\n<p>Le design du bol est unique, avec de subtiles d\u00e9corations qui ornent le bord, apportant une touche artistique qui en fait un bel objet d\u00e9coratif. Sa finition brillante souligne chaque d\u00e9tail, transformant ce produit en un souvenir attrayant qui captera l&rsquo;attention des touristes. Id\u00e9al pour se souvenir de cette exp\u00e9rience inoubliable, le bol ne sert pas seulement d&rsquo;\u00e9l\u00e9ment fonctionnel, mais agit \u00e9galement comme un v\u00e9ritable symbole de la culture et du patrimoine espagnol.<\/p>\n<p>Chez Ol\u00e9 Mosaic, nous nous sp\u00e9cialisons dans la distribution de souvenirs en gros, offrant une vari\u00e9t\u00e9 d&rsquo;articles repr\u00e9sentatifs du Chemin de Compostelle. Ce bol est une excellente option pour les boutiques de cadeaux touristiques \u00e0 la recherche de produits authentiques et significatifs. Avec ce bol rouge en noix de coco, les touristes trouveront le moyen id\u00e9al de se souvenir de leur voyage et de partager l&rsquo;histoire du Chemin.<\/p>\n","protected":false},"excerpt":{"rendered":"<p>Bol en noix de coco rouge d\u00e9cor\u00e9 d&rsquo;un motif distinctif de fl\u00e8che indiquant le \u00ab\u00a0Chemin de Compostelle\u00a0\u00bb. Ce bol attrayant, en mat\u00e9riau naturel et finition brillante, se distingue par sa couleur rouge vibrante et une inscription claire en blanc qui met en valeur l&#8217;embl\u00e9matique route de p\u00e8lerinage. De subtiles d\u00e9corations sur le bord compl\u00e8tent son design, en faisant un souvenir parfait pour se souvenir de la tradition du chemin et ajouter une touche authentique \u00e0 n&rsquo;importe quel espace.<\/p>\n","protected":false},"featured_media":11748,"template":"","meta":{"_acf_changed":false},"product_brand":[],"product_cat":[521],"product_tag":[],"class_list":{"0":"post-29408","1":"product","2":"type-product","3":"status-publish","4":"has-post-thumbnail","6":"product_cat-bols","7":"pa_ciudad-santiago-de-compostela","8":"pa_motivo-fleches","9":"pa_pais-espana","11":"first","12":"instock","13":"shipping-taxable","14":"product-type-simple"},"acf":[],"_links":{"self":[{"href":"https:\/\/olemosaic.com\/fr\/wp-json\/wp\/v2\/product\/29408","targetHints":{"allow":["GET"]}}],"collection":[{"href":"https:\/\/olemosaic.com\/fr\/wp-json\/wp\/v2\/product"}],"about":[{"href":"https:\/\/olemosaic.com\/fr\/wp-json\/wp\/v2\/types\/product"}],"wp:featuredmedia":[{"embeddable":true,"href":"https:\/\/olemosaic.com\/fr\/wp-json\/wp\/v2\/media\/11748"}],"wp:attachment":[{"href":"https:\/\/olemosaic.com\/fr\/wp-json\/wp\/v2\/media?parent=29408"}],"wp:term":[{"taxonomy":"product_brand","embeddable":true,"href":"https:\/\/olemosaic.com\/fr\/wp-json\/wp\/v2\/product_brand?post=29408"},{"taxonomy":"product_cat","embeddable":true,"href":"https:\/\/olemosaic.com\/fr\/wp-json\/wp\/v2\/product_cat?post=29408"},{"taxonomy":"product_tag","embeddable":true,"href":"https:\/\/olemosaic.com\/fr\/wp-json\/wp\/v2\/product_tag?post=29408"}],"curies":[{"name":"wp","href":"https:\/\/api.w.org\/{rel}","templated":true}]}}