{"id":29391,"date":"2025-02-20T23:31:01","date_gmt":"2025-02-20T22:31:01","guid":{"rendered":"http:\/\/olemosaic.com\/producto\/bol-de-coco-rojo-isla-gran-canaria\/"},"modified":"2025-07-25T19:18:28","modified_gmt":"2025-07-25T17:18:28","slug":"bol-noix-de-coco-rouge-ile-grande-canarie","status":"publish","type":"product","link":"https:\/\/olemosaic.com\/fr\/produit\/bol-noix-de-coco-rouge-ile-grande-canarie\/","title":{"rendered":"Bol en noix de coco rouge. \u00cele. Grande Canarie."},"content":{"rendered":"<p>Ce bol en noix de coco rouge est un exemple impressionnant de l&rsquo;art artisanal de Grande Canarie, parfait pour ceux qui souhaitent emporter un petit morceau de cette \u00eele magnifique. \u00c9labor\u00e9 \u00e0 partir de la coque de noix de coco, ce bol pr\u00e9sente une finition rouge vibrante qui \u00e9voque la chaleur et la joie du paysage canarien. Avec un design peint \u00e0 la main, ses bords sont orn\u00e9s de charmants c\u0153urs, cr\u00e9ant une esth\u00e9tique attrayante et romantique. Au centre du bol, la phrase \u00ab\u00a0Gran Canaria\u00a0\u00bb se d\u00e9tache en noir, un rappel visible du riche h\u00e9ritage de l&rsquo;\u00eele.<\/p>\n<p>Chaque pi\u00e8ce est unique, reflet du savoir-faire des artisans locaux et de leur connexion avec la culture canarienne. Ce bol n&rsquo;est pas seulement un souvenir color\u00e9, mais aussi une d\u00e9claration d&rsquo;amour pour l&rsquo;\u00eele, id\u00e9ale pour ceux qui recherchent des cadeaux authentiques et significatifs. Son design polyvalent permet de l&rsquo;utiliser aussi bien pour la d\u00e9coration que pour servir des ap\u00e9ritifs, ce qui en fait un objet fonctionnel et ornemental.<\/p>\n<p>Chez Ol\u00e9 Mosaic, nous nous sp\u00e9cialisons dans la distribution de souvenirs en gros, et ce bol en noix de coco rouge est une magnifique option pour les boutiques de souvenirs touristiques qui recherchent des produits distinctifs et authentiques de Grande Canarie. Avec son charme et sa singularit\u00e9, ce souvenir capture l&rsquo;essence de l&rsquo;\u00eele et se positionne comme un cadeau id\u00e9al pour ceux qui souhaitent se souvenir de leur visite dans ce paradis atlantique.<\/p>\n","protected":false},"excerpt":{"rendered":"<p>Bol en noix de coco rouge, inspir\u00e9 par la beaut\u00e9 de Grande Canarie. Ce bol singulier, fabriqu\u00e9 \u00e0 partir de la coque de noix de coco, pr\u00e9sente une finition rouge vibrante qui se combine avec de d\u00e9licats motifs en forme de c\u0153urs. Au centre, la phrase \u00ab\u00a0Gran Canaria\u00a0\u00bb se d\u00e9tache dans une couleur noire contrastante. Son design artisanal, peint \u00e0 la main, rehausse l&rsquo;essence culturelle de l&rsquo;\u00eele, en faisant une pi\u00e8ce unique et color\u00e9e pour toute collection.<\/p>\n","protected":false},"featured_media":10200,"template":"","meta":{"_acf_changed":false},"product_brand":[],"product_cat":[521],"product_tag":[],"class_list":{"0":"post-29391","1":"product","2":"type-product","3":"status-publish","4":"has-post-thumbnail","6":"product_cat-bols","7":"pa_ciudad-gran-canaria","8":"pa_motivo-iles","9":"pa_pais-espana","11":"first","12":"instock","13":"shipping-taxable","14":"product-type-simple"},"acf":[],"_links":{"self":[{"href":"https:\/\/olemosaic.com\/fr\/wp-json\/wp\/v2\/product\/29391","targetHints":{"allow":["GET"]}}],"collection":[{"href":"https:\/\/olemosaic.com\/fr\/wp-json\/wp\/v2\/product"}],"about":[{"href":"https:\/\/olemosaic.com\/fr\/wp-json\/wp\/v2\/types\/product"}],"wp:featuredmedia":[{"embeddable":true,"href":"https:\/\/olemosaic.com\/fr\/wp-json\/wp\/v2\/media\/10200"}],"wp:attachment":[{"href":"https:\/\/olemosaic.com\/fr\/wp-json\/wp\/v2\/media?parent=29391"}],"wp:term":[{"taxonomy":"product_brand","embeddable":true,"href":"https:\/\/olemosaic.com\/fr\/wp-json\/wp\/v2\/product_brand?post=29391"},{"taxonomy":"product_cat","embeddable":true,"href":"https:\/\/olemosaic.com\/fr\/wp-json\/wp\/v2\/product_cat?post=29391"},{"taxonomy":"product_tag","embeddable":true,"href":"https:\/\/olemosaic.com\/fr\/wp-json\/wp\/v2\/product_tag?post=29391"}],"curies":[{"name":"wp","href":"https:\/\/api.w.org\/{rel}","templated":true}]}}