{"id":29390,"date":"2025-02-20T23:31:01","date_gmt":"2025-02-20T22:31:01","guid":{"rendered":"http:\/\/olemosaic.com\/producto\/bol-de-coco-rojo-salamandra-barcelona-3\/"},"modified":"2025-07-25T19:41:00","modified_gmt":"2025-07-25T17:41:00","slug":"bol-noix-de-coco-rouge-salamandre-barcelone-fr-2","status":"publish","type":"product","link":"https:\/\/olemosaic.com\/fr\/produit\/bol-noix-de-coco-rouge-salamandre-barcelone-fr-2\/","title":{"rendered":"Bol en noix de coco rouge. Salamandre. Gaud\u00ed. Barcelone."},"content":{"rendered":"<p>Ce bol en noix de coco rouge est un souvenir fascinant de Barcelone qui capture l&rsquo;essence vibrante de cette ville iconique. Avec un design exclusif, ce bol pr\u00e9sente l&rsquo;illustration d&rsquo;une salamandre, embl\u00e9matique de nombreuses \u0153uvres d&rsquo;art et d&rsquo;architecture barcelonaises, ainsi que le mot \u00ab\u00a0Barcelone\u00a0\u00bb grav\u00e9 de mani\u00e8re pro\u00e9minente. Sa couleur rouge intense \u00e9voque l&rsquo;\u00e9nergie et la passion de la culture catalane, tandis que les d\u00e9tails en forme de c\u0153urs sur le bord ajoutent une touche de douceur et d&rsquo;originalit\u00e9, cr\u00e9ant un effet visuel attrayant et unique.<\/p>\n<p>Fabriqu\u00e9 en noix de coco, ce bol n&rsquo;est pas seulement une belle pi\u00e8ce d\u00e9corative, mais aussi un article fonctionnel qui peut \u00eatre utilis\u00e9 en diverses occasions. Id\u00e9al pour \u00eatre expos\u00e9 sur des \u00e9tag\u00e8res, comme centre de table ou m\u00eame comme cadeau, ce bol repr\u00e9sente le riche h\u00e9ritage culturel de Barcelone et sa connexion avec l&rsquo;art moderniste. En ramenant ce souvenir chez vous, vous n&rsquo;acqu\u00e9rez pas seulement un objet d\u00e9coratif, mais un morceau de la magie de Barcelone.<\/p>\n<p>Chez Ol\u00e9 Mosaic, nous nous sp\u00e9cialisons dans la distribution de souvenirs authentiques en gros, comme ce bol en noix de coco rouge, parfait pour les boutiques de souvenirs touristiques qui recherchent des produits uniques et repr\u00e9sentatifs. Ce bol est une excellente option pour ceux qui souhaitent se souvenir de leur voyage ou partager la culture catalane avec leurs amis et leurs proches.<\/p>\n","protected":false},"excerpt":{"rendered":"<p>Bol en noix de coco rouge vibrant, inspir\u00e9 par la salamandre de Barcelone, parfait comme souvenir ou \u00e9l\u00e9ment d\u00e9coratif. Ce produit pr\u00e9sente un design exclusif avec la gravure d&rsquo;une salamandre et le mot \u00ab\u00a0Barcelone\u00a0\u00bb, le tout dans des tons contrast\u00e9s. Son bord est orn\u00e9 de d\u00e9tails en forme de c\u0153urs, cr\u00e9ant un effet visuel attrayant et unique. Id\u00e9al pour ajouter une touche de culture catalane \u00e0 n&rsquo;importe quel espace.<\/p>\n","protected":false},"featured_media":10234,"template":"","meta":{"_acf_changed":false},"product_brand":[],"product_cat":[521],"product_tag":[530],"class_list":{"0":"post-29390","1":"product","2":"type-product","3":"status-publish","4":"has-post-thumbnail","6":"product_cat-bols","7":"product_tag-animaux","8":"pa_ciudad-barcelona","9":"pa_motivo-salamandres","10":"pa_pais-espana","12":"first","13":"instock","14":"shipping-taxable","15":"product-type-simple"},"acf":[],"_links":{"self":[{"href":"https:\/\/olemosaic.com\/fr\/wp-json\/wp\/v2\/product\/29390","targetHints":{"allow":["GET"]}}],"collection":[{"href":"https:\/\/olemosaic.com\/fr\/wp-json\/wp\/v2\/product"}],"about":[{"href":"https:\/\/olemosaic.com\/fr\/wp-json\/wp\/v2\/types\/product"}],"wp:featuredmedia":[{"embeddable":true,"href":"https:\/\/olemosaic.com\/fr\/wp-json\/wp\/v2\/media\/10234"}],"wp:attachment":[{"href":"https:\/\/olemosaic.com\/fr\/wp-json\/wp\/v2\/media?parent=29390"}],"wp:term":[{"taxonomy":"product_brand","embeddable":true,"href":"https:\/\/olemosaic.com\/fr\/wp-json\/wp\/v2\/product_brand?post=29390"},{"taxonomy":"product_cat","embeddable":true,"href":"https:\/\/olemosaic.com\/fr\/wp-json\/wp\/v2\/product_cat?post=29390"},{"taxonomy":"product_tag","embeddable":true,"href":"https:\/\/olemosaic.com\/fr\/wp-json\/wp\/v2\/product_tag?post=29390"}],"curies":[{"name":"wp","href":"https:\/\/api.w.org\/{rel}","templated":true}]}}