{"id":29388,"date":"2025-02-20T23:31:01","date_gmt":"2025-02-20T22:31:01","guid":{"rendered":"http:\/\/olemosaic.com\/producto\/bol-de-coco-rojo-caballito-de-mar-barcelona-2\/"},"modified":"2025-07-25T19:25:49","modified_gmt":"2025-07-25T17:25:49","slug":"bol-noix-de-coco-rouge-hippocampe-barcelone-fr","status":"publish","type":"product","link":"https:\/\/olemosaic.com\/fr\/produit\/bol-noix-de-coco-rouge-hippocampe-barcelone-fr\/","title":{"rendered":"Bol en noix de coco rouge. Hippocampe. Style m\u00e9diterran\u00e9en. Barcelone."},"content":{"rendered":"<p>Ce bol en noix de coco rouge est un souvenir exquis inspir\u00e9 par le charme maritime de Barcelone, con\u00e7u pour ceux qui souhaitent emporter un petit morceau de cette ville vibrante. Fabriqu\u00e9 avec une technique artisanale qui met en valeur la beaut\u00e9 de la noix de coco naturelle, le bol pr\u00e9sente une finition captivante dans des tons dor\u00e9s et rouges, infusant une sensation de chaleur et d&rsquo;\u00e9l\u00e9gance. Son int\u00e9rieur, moul\u00e9 de mani\u00e8re distinctive, est compl\u00e9t\u00e9 par une gravure centrale d&rsquo;un d\u00e9licat hippocampe, un symbole iconique associ\u00e9 \u00e0 la richesse marine de la r\u00e9gion.<\/p>\n<p>Ce bol est non seulement id\u00e9al pour servir des ap\u00e9ritifs de mani\u00e8re stylis\u00e9e, mais il fonctionne \u00e9galement comme un \u00e9l\u00e9ment d\u00e9coratif exceptionnel, ajoutant une touche de sophistication \u00e0 n&rsquo;importe quelle ambiance. L&rsquo;hippocampe grav\u00e9 souligne la connexion du produit avec la culture maritime de Barcelone, \u00e9voquant des images de promenades sur le port et les couleurs vibrantes de la M\u00e9diterran\u00e9e. Ce bol en noix de coco rouge s&rsquo;\u00e9rige comme un souvenir authentique de la ville, offrant aux touristes une pi\u00e8ce repr\u00e9sentative de la tradition artisanale locale.<\/p>\n<p>Chez Ol\u00e9 Mosaic, nous sommes distributeurs de souvenirs en gros, et ce bol est une option charmante et unique pour les boutiques de souvenirs touristiques qui recherchent des produits avec une touche d&rsquo;authenticit\u00e9 et de pertinence culturelle. Avec son design exclusif, ce bol est plus qu&rsquo;un simple objet ; c&rsquo;est un t\u00e9moignage du riche h\u00e9ritage de Barcelone et une excellente id\u00e9e de souvenir.<\/p>\n","protected":false},"excerpt":{"rendered":"<p>Bol en noix de coco rouge avec un design d&rsquo;hippocampe, inspir\u00e9 par le charme de Barcelone. Ce bol \u00e9l\u00e9gant pr\u00e9sente une finition dans des tons dor\u00e9s et rouges, avec des taches distinctives et une gravure centrale d&rsquo;un hippocampe. Sa fabrication artisanale souligne la beaut\u00e9 du mat\u00e9riau naturel, en faisant un souvenir attrayant qui \u00e9voque la riche culture maritime de la ville. Id\u00e9al pour servir des ap\u00e9ritifs ou comme \u00e9l\u00e9ment d\u00e9coratif.<\/p>\n","protected":false},"featured_media":11866,"template":"","meta":{"_acf_changed":false},"product_brand":[],"product_cat":[521],"product_tag":[530],"class_list":{"0":"post-29388","1":"product","2":"type-product","3":"status-publish","4":"has-post-thumbnail","6":"product_cat-bols","7":"product_tag-animaux","8":"pa_ciudad-barcelona","9":"pa_motivo-hippocampes","10":"pa_pais-espana","12":"first","13":"instock","14":"shipping-taxable","15":"product-type-simple"},"acf":[],"_links":{"self":[{"href":"https:\/\/olemosaic.com\/fr\/wp-json\/wp\/v2\/product\/29388","targetHints":{"allow":["GET"]}}],"collection":[{"href":"https:\/\/olemosaic.com\/fr\/wp-json\/wp\/v2\/product"}],"about":[{"href":"https:\/\/olemosaic.com\/fr\/wp-json\/wp\/v2\/types\/product"}],"wp:featuredmedia":[{"embeddable":true,"href":"https:\/\/olemosaic.com\/fr\/wp-json\/wp\/v2\/media\/11866"}],"wp:attachment":[{"href":"https:\/\/olemosaic.com\/fr\/wp-json\/wp\/v2\/media?parent=29388"}],"wp:term":[{"taxonomy":"product_brand","embeddable":true,"href":"https:\/\/olemosaic.com\/fr\/wp-json\/wp\/v2\/product_brand?post=29388"},{"taxonomy":"product_cat","embeddable":true,"href":"https:\/\/olemosaic.com\/fr\/wp-json\/wp\/v2\/product_cat?post=29388"},{"taxonomy":"product_tag","embeddable":true,"href":"https:\/\/olemosaic.com\/fr\/wp-json\/wp\/v2\/product_tag?post=29388"}],"curies":[{"name":"wp","href":"https:\/\/api.w.org\/{rel}","templated":true}]}}