{"id":29386,"date":"2025-02-20T23:30:59","date_gmt":"2025-02-20T22:30:59","guid":{"rendered":"http:\/\/olemosaic.com\/producto\/bol-de-coco-rojo-salamandra-3\/"},"modified":"2025-07-25T20:35:23","modified_gmt":"2025-07-25T18:35:23","slug":"bol-noix-de-coco-rouge-salamandre-espagne","status":"publish","type":"product","link":"https:\/\/olemosaic.com\/fr\/produit\/bol-noix-de-coco-rouge-salamandre-espagne\/","title":{"rendered":"Bol en noix de coco rouge. Salamandre. Espagne."},"content":{"rendered":"<p>Ce bol en noix de coco rouge est un exemple exquis de l&rsquo;artisanat espagnol, id\u00e9al pour ajouter une touche exotique et vibrante \u00e0 n&rsquo;importe quel int\u00e9rieur. Fabriqu\u00e9 \u00e0 partir de coque de noix de coco, ce bol pr\u00e9sente une finition naturelle qui souligne la singularit\u00e9 de chaque pi\u00e8ce. Son int\u00e9rieur est orn\u00e9 d&rsquo;une mosa\u00efque attrayante de couleurs rouges, cr\u00e9ant un contraste visuel captivant. Au centre, une salamandre \u00e0 l&rsquo;effet peint \u00e0 la main dans des tons marron et orange symbolise la biodiversit\u00e9 et le folklore de la r\u00e9gion, \u00e9voquant la richesse culturelle de l&rsquo;Espagne.<\/p>\n<p>La salamandre, symbole de transformation et d&rsquo;adaptabilit\u00e9, est un \u00e9l\u00e9ment marquant de nombreuses traditions populaires, et sa repr\u00e9sentation dans ce bol ajoute une valeur esth\u00e9tique et culturelle. Ce souvenir d&rsquo;Espagne est parfait pour ceux qui recherchent un souvenir authentique et significatif de leur voyage, combinant design, tradition et fonctionnalit\u00e9 en une seule pi\u00e8ce.<\/p>\n<p>Chez Ol\u00e9 Mosaic, nous nous sp\u00e9cialisons dans la distribution de souvenirs en gros, garantissant que nos clients trouvent des produits authentiques et de qualit\u00e9. Ce bol en noix de coco rouge est une excellente option pour les boutiques de cadeaux touristiques souhaitant offrir \u00e0 leurs clients un voyage sensoriel \u00e0 travers la culture espagnole, en mettant en avant son artisanat et sa connexion avec le patrimoine local.<\/p>\n","protected":false},"excerpt":{"rendered":"<p>Bol en noix de coco rouge d\u00e9cor\u00e9 d&rsquo;un design de salamandre, id\u00e9al pour donner une touche exotique \u00e0 votre int\u00e9rieur. Ce bol \u00e9l\u00e9gant est fabriqu\u00e9 \u00e0 partir de coque de noix de coco, ce qui lui donne une finition naturelle et unique. Son int\u00e9rieur pr\u00e9sente une mosa\u00efque attrayante de couleurs rouges, tandis que la salamandre, au design artisanal peint \u00e0 la main dans des tons marron et orange, se d\u00e9tache au centre, symbolisant la biodiversit\u00e9 et le folklore de la r\u00e9gion. Un souvenir parfait d&rsquo;Espagne alliant artisanat et tradition.<\/p>\n","protected":false},"featured_media":11834,"template":"","meta":{"_acf_changed":false},"product_brand":[],"product_cat":[521],"product_tag":[530],"class_list":{"0":"post-29386","1":"product","2":"type-product","3":"status-publish","4":"has-post-thumbnail","6":"product_cat-bols","7":"product_tag-animaux","8":"pa_motivo-salamandres","10":"first","11":"instock","12":"shipping-taxable","13":"product-type-simple"},"acf":[],"_links":{"self":[{"href":"https:\/\/olemosaic.com\/fr\/wp-json\/wp\/v2\/product\/29386","targetHints":{"allow":["GET"]}}],"collection":[{"href":"https:\/\/olemosaic.com\/fr\/wp-json\/wp\/v2\/product"}],"about":[{"href":"https:\/\/olemosaic.com\/fr\/wp-json\/wp\/v2\/types\/product"}],"wp:featuredmedia":[{"embeddable":true,"href":"https:\/\/olemosaic.com\/fr\/wp-json\/wp\/v2\/media\/11834"}],"wp:attachment":[{"href":"https:\/\/olemosaic.com\/fr\/wp-json\/wp\/v2\/media?parent=29386"}],"wp:term":[{"taxonomy":"product_brand","embeddable":true,"href":"https:\/\/olemosaic.com\/fr\/wp-json\/wp\/v2\/product_brand?post=29386"},{"taxonomy":"product_cat","embeddable":true,"href":"https:\/\/olemosaic.com\/fr\/wp-json\/wp\/v2\/product_cat?post=29386"},{"taxonomy":"product_tag","embeddable":true,"href":"https:\/\/olemosaic.com\/fr\/wp-json\/wp\/v2\/product_tag?post=29386"}],"curies":[{"name":"wp","href":"https:\/\/api.w.org\/{rel}","templated":true}]}}