{"id":29385,"date":"2025-02-20T22:30:59","date_gmt":"2025-02-20T22:30:59","guid":{"rendered":"http:\/\/olemosaic.com\/producto\/bol-de-coco-rojo-sagrada-familia-barcelona\/"},"modified":"2025-07-25T19:57:23","modified_gmt":"2025-07-25T17:57:23","slug":"bol-noix-de-coco-rouge-sagrada-familia-barcelone","status":"publish","type":"product","link":"https:\/\/olemosaic.com\/fr\/produit\/bol-noix-de-coco-rouge-sagrada-familia-barcelone\/","title":{"rendered":"Bol en noix de coco rouge. Sagrada Familia. Barcelone."},"content":{"rendered":"<p>Ce bol en noix de coco rouge est un charmant souvenir qui capture l&rsquo;essence de l&#8217;embl\u00e9matique Sagrada Familia de Barcelone. Son int\u00e9rieur pr\u00e9sente un m\u00e9lange vibrant de tons rouges et dor\u00e9s, \u00e9voquant la lumi\u00e8re magique qui filtre \u00e0 travers les impressionnants vitraux de la c\u00e9l\u00e8bre basilique, un chef-d&rsquo;\u0153uvre de l&rsquo;architecte Antoni Gaud\u00ed devenu le symbole de la ville. La partie ext\u00e9rieure, fabriqu\u00e9e en noix de coco naturelle, souligne l&rsquo;authenticit\u00e9 du produit, lui donnant une touche rustique qui contraste avec l&rsquo;opulence d\u00e9licate de l&rsquo;int\u00e9rieur. Au centre du bol, le logo de Barcelone se d\u00e9tache, ajoutant un signe distinctif qui assure son caract\u00e8re unique.<\/p>\n<p>Ce bol n&rsquo;est pas seulement une pi\u00e8ce d\u00e9corative impressionnante, mais aussi un pr\u00e9cieux souvenir culturel qui relie son propri\u00e9taire \u00e0 la riche histoire et \u00e0 l&rsquo;art architectural de Barcelone. Id\u00e9al pour ceux qui cherchent \u00e0 ramener un morceau de la ville chez eux, ce bol en noix de coco est parfait tant pour un usage fonctionnel que pour \u00eatre expos\u00e9 comme une belle \u0153uvre d&rsquo;art.<\/p>\n<p>Chez Ol\u00e9 Mosaic, nous nous sp\u00e9cialisons dans la distribution de souvenirs authentiques en gros, offrant des produits qui c\u00e9l\u00e8brent la richesse du patrimoine espagnol. Ce bol en noix de coco rouge est une excellente option pour les boutiques de cadeaux touristiques \u00e0 la recherche d&rsquo;articles distinctifs et de haute qualit\u00e9. Avec son design attrayant et sa pertinence culturelle, c&rsquo;est un souvenir id\u00e9al pour capturer la magie de Barcelone.<\/p>\n","protected":false},"excerpt":{"rendered":"<p>Bol en noix de coco rouge, inspir\u00e9 de l&#8217;embl\u00e9matique Sagrada Familia de Barcelone. Ce bol d\u00e9licat pr\u00e9sente un design int\u00e9rieur avec un m\u00e9lange vibrant de rouges et de dor\u00e9s, imitant la lumi\u00e8re filtrant \u00e0 travers les vitraux de la c\u00e9l\u00e8bre basilique. L&rsquo;ext\u00e9rieur, en noix de coco naturelle, souligne son authenticit\u00e9, tandis que le logo de Barcelone au centre ajoute une touche distinctive. Une pi\u00e8ce d\u00e9corative id\u00e9ale pour apporter un morceau de l&rsquo;architecture moderniste dans votre maison.<\/p>\n","protected":false},"featured_media":13410,"template":"","meta":{"_acf_changed":false},"product_brand":[],"product_cat":[521],"product_tag":[],"class_list":{"0":"post-29385","1":"product","2":"type-product","3":"status-publish","4":"has-post-thumbnail","6":"product_cat-bols","7":"pa_ciudad-barcelona","8":"pa_motivo-sagrada-familia","9":"pa_pais-espana","11":"first","12":"instock","13":"shipping-taxable","14":"product-type-simple"},"acf":[],"_links":{"self":[{"href":"https:\/\/olemosaic.com\/fr\/wp-json\/wp\/v2\/product\/29385","targetHints":{"allow":["GET"]}}],"collection":[{"href":"https:\/\/olemosaic.com\/fr\/wp-json\/wp\/v2\/product"}],"about":[{"href":"https:\/\/olemosaic.com\/fr\/wp-json\/wp\/v2\/types\/product"}],"wp:featuredmedia":[{"embeddable":true,"href":"https:\/\/olemosaic.com\/fr\/wp-json\/wp\/v2\/media\/13410"}],"wp:attachment":[{"href":"https:\/\/olemosaic.com\/fr\/wp-json\/wp\/v2\/media?parent=29385"}],"wp:term":[{"taxonomy":"product_brand","embeddable":true,"href":"https:\/\/olemosaic.com\/fr\/wp-json\/wp\/v2\/product_brand?post=29385"},{"taxonomy":"product_cat","embeddable":true,"href":"https:\/\/olemosaic.com\/fr\/wp-json\/wp\/v2\/product_cat?post=29385"},{"taxonomy":"product_tag","embeddable":true,"href":"https:\/\/olemosaic.com\/fr\/wp-json\/wp\/v2\/product_tag?post=29385"}],"curies":[{"name":"wp","href":"https:\/\/api.w.org\/{rel}","templated":true}]}}