{"id":29384,"date":"2025-02-20T23:30:59","date_gmt":"2025-02-20T22:30:59","guid":{"rendered":"http:\/\/olemosaic.com\/producto\/bol-de-coco-rojo-abanico\/"},"modified":"2025-07-25T18:33:26","modified_gmt":"2025-07-25T16:33:26","slug":"bol-noix-de-coco-rouge-eventail","status":"publish","type":"product","link":"https:\/\/olemosaic.com\/fr\/produit\/bol-noix-de-coco-rouge-eventail\/","title":{"rendered":"Bol en noix de coco rouge. \u00c9ventail."},"content":{"rendered":"<p>Ce bol en noix de coco rouge est un v\u00e9ritable tr\u00e9sor qui capture l&rsquo;essence du folklore espagnol, en particulier la culture vibrante de l&rsquo;Andalousie. Son design circulaire est orn\u00e9 d&rsquo;un charmant motif d&rsquo;\u00e9ventail, qui rend hommage \u00e0 la tradition flamenca et \u00e0 la beaut\u00e9 de ses danses. Peint \u00e0 la main, chaque bol est une pi\u00e8ce unique, se distinguant par sa couleur rouge vibrante et le d\u00e9licat motif de c\u0153urs qui entoure le bord, symbolisant l&rsquo;amour et la joie, des valeurs festives profond\u00e9ment ancr\u00e9es dans la culture espagnole.<\/p>\n<p>L&rsquo;int\u00e9rieur du bol pr\u00e9sente un \u00e9l\u00e9gant \u00e9ventail, repr\u00e9sentant la sophistication et l&rsquo;art du flamenco, tandis que la base noire donne du ton et fait ressortir les couleurs \u00e9clatantes de sa d\u00e9coration. Ce produit artisanal n&rsquo;est pas seulement parfait comme centre de table ou \u00e9l\u00e9ment d\u00e9coratif pour la maison, mais il remplit \u00e9galement la fonction d&rsquo;une pi\u00e8ce de collection exquise. Son authenticit\u00e9 et sa pertinence culturelle en font un excellent souvenir pour les touristes cherchant \u00e0 emporter un morceau de la riche tradition espagnole.<\/p>\n<p>Chez Ol\u00e9 Mosaic, nous sommes des distributeurs sp\u00e9cialis\u00e9s dans les souvenirs en gros, et ce bol en noix de coco rouge est une option id\u00e9ale pour les boutiques de cadeaux touristiques souhaitant proposer des produits repr\u00e9sentant la culture andalouse. Ce bol n&rsquo;est pas seulement un accessoire esth\u00e9tique, mais un rappel significatif des traditions et de l&rsquo;art de l&rsquo;Espagne, parfait pour ceux qui souhaitent ramener un souvenir authentique de leurs exp\u00e9riences.<\/p>\n","protected":false},"excerpt":{"rendered":"<p>Bol en noix de coco rouge, d\u00e9cor\u00e9 d&rsquo;un charmant design d&rsquo;\u00e9ventail inspir\u00e9 de la riche tradition culturelle espagnole. Ce produit artisanal se distingue par sa couleur rouge vibrante et sa forme circulaire, orn\u00e9 de petits c\u0153urs et d&rsquo;un motif \u00e9l\u00e9gant rappelant les \u00e9ventails typiques du flamenco. Peinte de mani\u00e8re artisanale, chaque pi\u00e8ce est unique, ce qui en fait un excellent souvenir capturant l&rsquo;essence du folklore andalou. Id\u00e9al pour une utilisation comme centre de table ou comme objet d\u00e9coratif.<\/p>\n","protected":false},"featured_media":10192,"template":"","meta":{"_acf_changed":false},"product_brand":[],"product_cat":[521],"product_tag":[],"class_list":{"0":"post-29384","1":"product","2":"type-product","3":"status-publish","4":"has-post-thumbnail","6":"product_cat-bols","8":"first","9":"instock","10":"shipping-taxable","11":"product-type-simple"},"acf":[],"_links":{"self":[{"href":"https:\/\/olemosaic.com\/fr\/wp-json\/wp\/v2\/product\/29384","targetHints":{"allow":["GET"]}}],"collection":[{"href":"https:\/\/olemosaic.com\/fr\/wp-json\/wp\/v2\/product"}],"about":[{"href":"https:\/\/olemosaic.com\/fr\/wp-json\/wp\/v2\/types\/product"}],"wp:featuredmedia":[{"embeddable":true,"href":"https:\/\/olemosaic.com\/fr\/wp-json\/wp\/v2\/media\/10192"}],"wp:attachment":[{"href":"https:\/\/olemosaic.com\/fr\/wp-json\/wp\/v2\/media?parent=29384"}],"wp:term":[{"taxonomy":"product_brand","embeddable":true,"href":"https:\/\/olemosaic.com\/fr\/wp-json\/wp\/v2\/product_brand?post=29384"},{"taxonomy":"product_cat","embeddable":true,"href":"https:\/\/olemosaic.com\/fr\/wp-json\/wp\/v2\/product_cat?post=29384"},{"taxonomy":"product_tag","embeddable":true,"href":"https:\/\/olemosaic.com\/fr\/wp-json\/wp\/v2\/product_tag?post=29384"}],"curies":[{"name":"wp","href":"https:\/\/api.w.org\/{rel}","templated":true}]}}