{"id":29366,"date":"2025-02-20T23:30:58","date_gmt":"2025-02-20T22:30:58","guid":{"rendered":"http:\/\/olemosaic.com\/producto\/bol-de-coco-rojo-salamandra-gran-canaria-2\/"},"modified":"2025-07-25T19:45:06","modified_gmt":"2025-07-25T17:45:06","slug":"bol-noix-de-coco-rouge-salamandre-grande-canarie-2","status":"publish","type":"product","link":"https:\/\/olemosaic.com\/fr\/produit\/bol-noix-de-coco-rouge-salamandre-grande-canarie-2\/","title":{"rendered":"Bol en noix de coco rouge. Salamandre. Mosa\u00efque. Grande Canarie."},"content":{"rendered":"<p>Ce bol d\u00e9coratif en noix de coco rouge est une pi\u00e8ce unique qui refl\u00e8te la riche biodiversit\u00e9 de la Grande Canarie. Fabriqu\u00e9 \u00e0 partir de coques de noix de coco, ce bol attrayant pr\u00e9sente un design vibrant avec des motifs rouges et dor\u00e9s qui \u00e9voquent le paysage canarien chaud et color\u00e9. Sur sa surface, la salamandre embl\u00e9matique se d\u00e9tache, symbole repr\u00e9sentatif de l&rsquo;\u00eele, qui se combine harmonieusement avec l&rsquo;inscription \u00ab\u00a0Gran Canaria\u00a0\u00bb, offrant une touche d&rsquo;authenticit\u00e9 \u00e0 ce souvenir. La combinaison de couleurs vives, associ\u00e9e aux d\u00e9tails dor\u00e9s, offre une esth\u00e9tique captivante et \u00e9l\u00e9gante, parfaite pour n&rsquo;importe quel coin de votre maison. Ce bol en noix de coco n&rsquo;est pas seulement un article d\u00e9coratif, mais un v\u00e9ritable souvenir qui capture l&rsquo;essence de l&rsquo;\u00eele, id\u00e9al pour les touristes qui cherchent \u00e0 emporter un souvenir sp\u00e9cial de leur visite. Chez Ol\u00e9 Mosaic, nous sommes fiers d&rsquo;\u00eatre un distributeur de souvenirs authentiques en gros, offrant des produits qui c\u00e9l\u00e8brent la culture et la tradition de l&rsquo;Espagne et de ses r\u00e9gions. Ce bol est une excellente option pour les boutiques de cadeaux touristiques cherchant \u00e0 offrir \u00e0 leurs clients un v\u00e9ritable morceau de la Grande Canarie.<\/p>\n","protected":false},"excerpt":{"rendered":"<p>Bol en noix de coco rouge d\u00e9cor\u00e9, inspir\u00e9 de la faune de la Grande Canarie. Ce bol attrayant, \u00e9labor\u00e9 \u00e0 partir de coque de noix de coco, pr\u00e9sente un design brillant avec des motifs rouges et dor\u00e9s \u00e9voquant le paysage color\u00e9 des Canaries. La salamandre embl\u00e9matique, symbole de l&rsquo;\u00eele, se distingue, accompagn\u00e9e de l&rsquo;inscription \u00ab Gran Canaria \u00bb. Un souvenir unique qui capture l&rsquo;essence de l&rsquo;\u00eele, id\u00e9al pour n&rsquo;importe quel coin de la maison.<\/p>\n","protected":false},"featured_media":10120,"template":"","meta":{"_acf_changed":false},"product_brand":[],"product_cat":[521],"product_tag":[530],"class_list":{"0":"post-29366","1":"product","2":"type-product","3":"status-publish","4":"has-post-thumbnail","6":"product_cat-bols","7":"product_tag-animaux","8":"pa_ciudad-gran-canaria","9":"pa_motivo-salamandres","10":"pa_pais-espana","12":"first","13":"instock","14":"shipping-taxable","15":"product-type-simple"},"acf":[],"_links":{"self":[{"href":"https:\/\/olemosaic.com\/fr\/wp-json\/wp\/v2\/product\/29366","targetHints":{"allow":["GET"]}}],"collection":[{"href":"https:\/\/olemosaic.com\/fr\/wp-json\/wp\/v2\/product"}],"about":[{"href":"https:\/\/olemosaic.com\/fr\/wp-json\/wp\/v2\/types\/product"}],"wp:featuredmedia":[{"embeddable":true,"href":"https:\/\/olemosaic.com\/fr\/wp-json\/wp\/v2\/media\/10120"}],"wp:attachment":[{"href":"https:\/\/olemosaic.com\/fr\/wp-json\/wp\/v2\/media?parent=29366"}],"wp:term":[{"taxonomy":"product_brand","embeddable":true,"href":"https:\/\/olemosaic.com\/fr\/wp-json\/wp\/v2\/product_brand?post=29366"},{"taxonomy":"product_cat","embeddable":true,"href":"https:\/\/olemosaic.com\/fr\/wp-json\/wp\/v2\/product_cat?post=29366"},{"taxonomy":"product_tag","embeddable":true,"href":"https:\/\/olemosaic.com\/fr\/wp-json\/wp\/v2\/product_tag?post=29366"}],"curies":[{"name":"wp","href":"https:\/\/api.w.org\/{rel}","templated":true}]}}