{"id":29365,"date":"2025-02-20T23:30:58","date_gmt":"2025-02-20T22:30:58","guid":{"rendered":"http:\/\/olemosaic.com\/producto\/bol-de-coco-rojo-tortuga-barcelona-3\/"},"modified":"2025-07-25T19:24:42","modified_gmt":"2025-07-25T17:24:42","slug":"bol-noix-de-coco-rouge-tortue-barcelone-3","status":"publish","type":"product","link":"https:\/\/olemosaic.com\/fr\/produit\/bol-noix-de-coco-rouge-tortue-barcelone-3\/","title":{"rendered":"Bol en noix de coco rouge. Tortue. Style m\u00e9diterran\u00e9en. Barcelone."},"content":{"rendered":"<p>Ce bol en noix de coco rouge d\u00e9cor\u00e9 est un v\u00e9ritable tr\u00e9sor artisanal qui capture l&rsquo;essence de Barcelone. Fabriqu\u00e9 en noix de coco, sa forme ovale et \u00e9l\u00e9gante est rehauss\u00e9e par une finition vibrante dans des tons rouges, qui s&rsquo;harmonise avec un fond blanc. La pi\u00e8ce est orn\u00e9e d&rsquo;une tortue \u00e0 l&rsquo;effet peint \u00e0 la main, qui apporte non seulement une touche artistique, mais \u00e9voque \u00e9galement le lien avec la mer M\u00e9diterran\u00e9e, symbole de vie et de nature dans cette ville embl\u00e9matique. Juste en dessous de la tortue, le texte \u00ab\u00a0Barcelona\u00a0\u00bb ressort, en faisant un souvenir parfait qui c\u00e9l\u00e8bre la culture locale.<\/p>\n<p>La d\u00e9coration de ce bol s&rsquo;inspire du folklore et de la biodiversit\u00e9 de la r\u00e9gion, ce qui le rend id\u00e9al aussi bien comme objet d\u00e9coratif que pour servir des ap\u00e9ritifs. Son design tr\u00e8s sp\u00e9cial apporte non seulement un \u00e9l\u00e9ment visuel percutant, mais constitue \u00e9galement un excellent cadeau pour ceux qui recherchent un souvenir authentique de leur visite \u00e0 Barcelone.<\/p>\n<p>Chez Ol\u00e9 Mosaic, nous sommes fiers de proposer des souvenirs uniques qui refl\u00e8tent la richesse culturelle de l&rsquo;Espagne. Ce bol en noix de coco rouge se pr\u00e9sente comme une option id\u00e9ale pour les boutiques de cadeaux touristiques \u00e0 la recherche de produits authentiques et de qualit\u00e9. Avec ce bol, les touristes peuvent ramener chez eux un morceau de Barcelone, un souvenir qui allie art et fonctionnalit\u00e9 en un seul article.<\/p>\n","protected":false},"excerpt":{"rendered":"<p>Bol en noix de coco rouge d\u00e9cor\u00e9 d&rsquo;un motif de tortue \u00e9voquant l&rsquo;essence de Barcelone. Ce bol original, aux finitions rouges et fond blanc, se distingue par sa forme ovale et \u00e9l\u00e9gante. La tortue, au design artisanal peint \u00e0 la main, est compl\u00e9t\u00e9e par le mot \u00ab\u00a0Barcelona\u00a0\u00bb, faisant de cet article un souvenir parfait qui fusionne art et fonctionnalit\u00e9. Id\u00e9al pour ajouter une touche distinctive \u00e0 n&rsquo;importe quel int\u00e9rieur.<\/p>\n","protected":false},"featured_media":11874,"template":"","meta":{"_acf_changed":false},"product_brand":[],"product_cat":[521],"product_tag":[530],"class_list":{"0":"post-29365","1":"product","2":"type-product","3":"status-publish","4":"has-post-thumbnail","6":"product_cat-bols","7":"product_tag-animaux","8":"pa_ciudad-barcelona","9":"pa_motivo-tortues","10":"pa_pais-espana","12":"first","13":"instock","14":"shipping-taxable","15":"product-type-simple"},"acf":[],"_links":{"self":[{"href":"https:\/\/olemosaic.com\/fr\/wp-json\/wp\/v2\/product\/29365","targetHints":{"allow":["GET"]}}],"collection":[{"href":"https:\/\/olemosaic.com\/fr\/wp-json\/wp\/v2\/product"}],"about":[{"href":"https:\/\/olemosaic.com\/fr\/wp-json\/wp\/v2\/types\/product"}],"wp:featuredmedia":[{"embeddable":true,"href":"https:\/\/olemosaic.com\/fr\/wp-json\/wp\/v2\/media\/11874"}],"wp:attachment":[{"href":"https:\/\/olemosaic.com\/fr\/wp-json\/wp\/v2\/media?parent=29365"}],"wp:term":[{"taxonomy":"product_brand","embeddable":true,"href":"https:\/\/olemosaic.com\/fr\/wp-json\/wp\/v2\/product_brand?post=29365"},{"taxonomy":"product_cat","embeddable":true,"href":"https:\/\/olemosaic.com\/fr\/wp-json\/wp\/v2\/product_cat?post=29365"},{"taxonomy":"product_tag","embeddable":true,"href":"https:\/\/olemosaic.com\/fr\/wp-json\/wp\/v2\/product_tag?post=29365"}],"curies":[{"name":"wp","href":"https:\/\/api.w.org\/{rel}","templated":true}]}}