{"id":29364,"date":"2025-02-20T22:30:58","date_gmt":"2025-02-20T22:30:58","guid":{"rendered":"http:\/\/olemosaic.com\/producto\/bol-de-coco-rojo-flecha-camino-de-santiago\/"},"modified":"2025-07-25T19:28:45","modified_gmt":"2025-07-25T17:28:45","slug":"bol-noix-de-coco-rouge-fleche-chemin-de-compostelle","status":"publish","type":"product","link":"https:\/\/olemosaic.com\/fr\/produit\/bol-noix-de-coco-rouge-fleche-chemin-de-compostelle\/","title":{"rendered":"Bol en noix de coco rouge. Fl\u00e8che. Chemin de Compostelle."},"content":{"rendered":"<p>Ce bol en noix de coco rouge d\u00e9cor\u00e9 est un v\u00e9ritable hommage \u00e0 l&#8217;embl\u00e9matique Chemin de Compostelle, id\u00e9al pour ceux qui recherchent un souvenir significatif de cette travers\u00e9e historique. Son design artistique pr\u00e9sente une base blanche qui met en valeur un motif attrayant de formes ovales dans des tons rouges vibrants, \u00e9voquant la passion et l&rsquo;esprit du chemin. \u00c0 l&rsquo;int\u00e9rieur, la fl\u00e8che indiquant la direction du Chemin de Compostelle se distingue, accompagn\u00e9e du texte \u00ab\u00a0CAMINO DE SANTIAGO\u00a0\u00bb dans une finition m\u00e9tallique \u00e9l\u00e9gante qui ajoute une touche de sophistication.<\/p>\n<p>Sa forme organique et captivante, associ\u00e9e \u00e0 la combinaison de couleurs, en fait un souvenir parfait qui encapsule l&rsquo;essence de la tradition de cette route mill\u00e9naire. Ce bol est une pi\u00e8ce unique qui, en plus d&rsquo;\u00eatre un objet d\u00e9coratif, rappelle les exp\u00e9riences et le parcours \u00e0 travers les paysages et les cultures qui marquent le Chemin. Chez Ol\u00e9 Mosaic, nous sommes des distributeurs de souvenirs qui c\u00e9l\u00e8brent la richesse culturelle de l&rsquo;Espagne. Ce bol en noix de coco rouge est un excellent choix pour les boutiques de cadeaux touristiques, id\u00e9al pour les voyageurs \u00e0 la recherche de souvenirs authentiques et repr\u00e9sentatifs qui capturent l&rsquo;essence de leur exp\u00e9rience sur le Chemin de Compostelle. En tant que grossistes en souvenirs, nous proposons des produits alliant artisanat et signification, parfaits pour chaque client.<\/p>\n","protected":false},"excerpt":{"rendered":"<p>Bol en noix de coco rouge d\u00e9cor\u00e9 d&rsquo;un design \u00e9voquant le Chemin de Compostelle. Ce bol attrayant pr\u00e9sente une base blanche qui fait ressortir un motif de formes ovales dans des tons rouges. \u00c0 l&rsquo;int\u00e9rieur, une fl\u00e8che indiquant la direction du chemin se distingue, accompagn\u00e9e du texte \u00ab\u00a0CAMINO DE SANTIAGO\u00a0\u00bb dans une finition m\u00e9tallique \u00e9l\u00e9gante. Sa forme organique et ses couleurs vibrantes en font un souvenir id\u00e9al pour se souvenir de la riche tradition de cette route historique.<\/p>\n","protected":false},"featured_media":11938,"template":"","meta":{"_acf_changed":false},"product_brand":[],"product_cat":[521],"product_tag":[],"class_list":{"0":"post-29364","1":"product","2":"type-product","3":"status-publish","4":"has-post-thumbnail","6":"product_cat-bols","7":"pa_ciudad-santiago-de-compostela","8":"pa_motivo-fleches","9":"pa_pais-espana","11":"first","12":"instock","13":"shipping-taxable","14":"product-type-simple"},"acf":[],"_links":{"self":[{"href":"https:\/\/olemosaic.com\/fr\/wp-json\/wp\/v2\/product\/29364","targetHints":{"allow":["GET"]}}],"collection":[{"href":"https:\/\/olemosaic.com\/fr\/wp-json\/wp\/v2\/product"}],"about":[{"href":"https:\/\/olemosaic.com\/fr\/wp-json\/wp\/v2\/types\/product"}],"wp:featuredmedia":[{"embeddable":true,"href":"https:\/\/olemosaic.com\/fr\/wp-json\/wp\/v2\/media\/11938"}],"wp:attachment":[{"href":"https:\/\/olemosaic.com\/fr\/wp-json\/wp\/v2\/media?parent=29364"}],"wp:term":[{"taxonomy":"product_brand","embeddable":true,"href":"https:\/\/olemosaic.com\/fr\/wp-json\/wp\/v2\/product_brand?post=29364"},{"taxonomy":"product_cat","embeddable":true,"href":"https:\/\/olemosaic.com\/fr\/wp-json\/wp\/v2\/product_cat?post=29364"},{"taxonomy":"product_tag","embeddable":true,"href":"https:\/\/olemosaic.com\/fr\/wp-json\/wp\/v2\/product_tag?post=29364"}],"curies":[{"name":"wp","href":"https:\/\/api.w.org\/{rel}","templated":true}]}}