{"id":29363,"date":"2025-02-20T23:30:58","date_gmt":"2025-02-20T22:30:58","guid":{"rendered":"http:\/\/olemosaic.com\/producto\/bol-de-coco-rojo-salamandra-tenerife-3\/"},"modified":"2025-07-25T18:57:04","modified_gmt":"2025-07-25T16:57:04","slug":"bol-noix-de-coco-rouge-salamandre-tenerife-3","status":"publish","type":"product","link":"https:\/\/olemosaic.com\/fr\/produit\/bol-noix-de-coco-rouge-salamandre-tenerife-3\/","title":{"rendered":"Bol en noix de coco rouge. Salamandre. Tenerife. Canaries."},"content":{"rendered":"<p>Ce bol en noix de coco rouge, orn\u00e9 d&rsquo;une sympathique salamandre, est un bel exemple de l&rsquo;artisanat canarien, capturant l&rsquo;essence et la biodiversit\u00e9 de Tenerife. Fabriqu\u00e9 \u00e0 partir de v\u00e9ritables noix de coco, le bol pr\u00e9sente une finition rouge vibrante rehauss\u00e9e de d\u00e9licats d\u00e9tails blancs simulant les \u00e9cailles de la salamandre, un symbole repr\u00e9sentatif de la riche faune locale. Au centre, l&rsquo;illustration charmante de la salamandre, accompagn\u00e9e du mot \u00ab\u00a0Tenerife\u00a0\u00bb, ajoute une touche authentique et distinctive, faisant de cet article un souvenir parfait de l&rsquo;\u00eele.<\/p>\n<p>La fusion des couleurs et des textures le rend non seulement visuellement attrayant, mais aussi polyvalent : id\u00e9al pour d\u00e9corer n&rsquo;importe quel espace ou comme objet pratique dans la maison. Les touristes trouveront dans ce bol un souvenir unique qui refl\u00e8te la beaut\u00e9 naturelle des \u00eeles Canaries et leur culture. Chez Ol\u00e9 Mosaic, nous nous sp\u00e9cialisons dans la distribution de souvenirs en gros, offrant des produits authentiques qui c\u00e9l\u00e8brent le patrimoine canarien. Ce bol en noix de coco rouge est une excellente option pour les boutiques de cadeaux touristiques \u00e0 la recherche de pi\u00e8ces distinctives et pleines de sens. D\u00e9couvrez l&rsquo;authenticit\u00e9 et la beaut\u00e9 de nos souvenirs de Tenerife, parfaits pour se rem\u00e9morer un voyage inoubliable.<\/p>\n","protected":false},"excerpt":{"rendered":"<p>Bol en noix de coco rouge d\u00e9cor\u00e9 d&rsquo;une sympathique salamandre, repr\u00e9sentant la riche faune de Tenerife. Cet article attrayant combine un design frappant avec des \u00e9l\u00e9ments peints \u00e0 la main, mettant en valeur des tons rouges et des d\u00e9tails blancs simulant des \u00e9cailles. Au centre, l&rsquo;illustration de la salamandre, accompagn\u00e9e du nom \u00ab\u00a0Tenerife\u00a0\u00bb, ajoute une touche locale et distinctive. Id\u00e9al pour d\u00e9corer ou comme souvenir de la beaut\u00e9 canarienne.<\/p>\n","protected":false},"featured_media":11922,"template":"","meta":{"_acf_changed":false},"product_brand":[],"product_cat":[521],"product_tag":[530],"class_list":{"0":"post-29363","1":"product","2":"type-product","3":"status-publish","4":"has-post-thumbnail","6":"product_cat-bols","7":"product_tag-animaux","8":"pa_ciudad-tenerife","9":"pa_motivo-salamandres","10":"pa_pais-espana","12":"first","13":"instock","14":"shipping-taxable","15":"product-type-simple"},"acf":[],"_links":{"self":[{"href":"https:\/\/olemosaic.com\/fr\/wp-json\/wp\/v2\/product\/29363","targetHints":{"allow":["GET"]}}],"collection":[{"href":"https:\/\/olemosaic.com\/fr\/wp-json\/wp\/v2\/product"}],"about":[{"href":"https:\/\/olemosaic.com\/fr\/wp-json\/wp\/v2\/types\/product"}],"wp:featuredmedia":[{"embeddable":true,"href":"https:\/\/olemosaic.com\/fr\/wp-json\/wp\/v2\/media\/11922"}],"wp:attachment":[{"href":"https:\/\/olemosaic.com\/fr\/wp-json\/wp\/v2\/media?parent=29363"}],"wp:term":[{"taxonomy":"product_brand","embeddable":true,"href":"https:\/\/olemosaic.com\/fr\/wp-json\/wp\/v2\/product_brand?post=29363"},{"taxonomy":"product_cat","embeddable":true,"href":"https:\/\/olemosaic.com\/fr\/wp-json\/wp\/v2\/product_cat?post=29363"},{"taxonomy":"product_tag","embeddable":true,"href":"https:\/\/olemosaic.com\/fr\/wp-json\/wp\/v2\/product_tag?post=29363"}],"curies":[{"name":"wp","href":"https:\/\/api.w.org\/{rel}","templated":true}]}}