{"id":29356,"date":"2025-02-20T23:30:57","date_gmt":"2025-02-20T22:30:57","guid":{"rendered":"http:\/\/olemosaic.com\/producto\/bol-de-coco-rojo-salamandra-mallorca-3\/"},"modified":"2025-07-25T19:11:57","modified_gmt":"2025-07-25T17:11:57","slug":"bol-noix-de-coco-rouge-salamandre-majorque-3","status":"publish","type":"product","link":"https:\/\/olemosaic.com\/fr\/produit\/bol-noix-de-coco-rouge-salamandre-majorque-3\/","title":{"rendered":"Bol en noix de coco rouge. Salamandre. Style m\u00e9diterran\u00e9en. Majorque."},"content":{"rendered":"<p>Ce bol en noix de coco rouge d\u00e9cor\u00e9 d&rsquo;une salamandre est un authentique tr\u00e9sor de Majorque, con\u00e7u pour ceux qui recherchent des souvenirs capturant l&rsquo;essence de l&rsquo;\u00eele. Ce magnifique bol pr\u00e9sente une base rouge vibrante, peinte \u00e0 la main avec un effet craquel\u00e9 qui ajoute de la profondeur et du caract\u00e8re \u00e0 l&rsquo;objet. La figure de la salamandre, symbole embl\u00e9matique de la faune m\u00e9diterran\u00e9enne, se d\u00e9tache en dor\u00e9, offrant un attrait visuel in\u00e9gal\u00e9. Son design m\u00e9ticuleux ne fait pas que souligner sa beaut\u00e9, il refl\u00e8te \u00e9galement la riche biodiversit\u00e9 qui caract\u00e9rise Majorque.<\/p>\n<p>Id\u00e9al comme objet d\u00e9coratif ou souvenir, ce bol \u00e9voque les couleurs et la vivacit\u00e9 de l&rsquo;\u00eele, devenant un cadeau m\u00e9morable pour ceux qui souhaitent emporter un morceau de la culture majorquine. La salamandre, en plus d&rsquo;\u00eatre un symbole repr\u00e9sentatif de la nature locale, est aussi un motif appr\u00e9ci\u00e9 dans l&rsquo;artisanat de la r\u00e9gion. Son authenticit\u00e9 et son design artisanal le rendent parfait pour les boutiques de cadeaux touristiques souhaitant proposer des produits uniques et de qualit\u00e9.<\/p>\n<p>Chez Ol\u00e9 Mosaic, nous nous sp\u00e9cialisons dans la distribution de souvenirs en gros, et ce bol en noix de coco rouge est une excellente option pour se d\u00e9marquer dans n&rsquo;importe quelle vitrine. En choisissant notre produit, vous ne ramenez pas seulement un souvenir chez vous, mais une pi\u00e8ce culturelle qui c\u00e9l\u00e8bre la tradition et l&rsquo;art de Majorque, garantissant satisfaction et authenticit\u00e9 \u00e0 chaque achat.<\/p>\n","protected":false},"excerpt":{"rendered":"<p>Bol en noix de coco rouge d\u00e9cor\u00e9 d&rsquo;une salamandre, typique de Majorque. Ce beau bol pr\u00e9sente un design artisanal, peint \u00e0 la main, sur une base rouge vibrante avec un effet craquel\u00e9 qui lui donne une profondeur visuelle. La figure de la salamandre, symbole de la faune m\u00e9diterran\u00e9enne, se d\u00e9tache en dor\u00e9, compl\u00e9tant la d\u00e9coration. Id\u00e9al comme objet d\u00e9coratif ou souvenir, il \u00e9voque l&rsquo;essence et les couleurs de l&rsquo;\u00eele.<\/p>\n","protected":false},"featured_media":10116,"template":"","meta":{"_acf_changed":false},"product_brand":[],"product_cat":[521],"product_tag":[530],"class_list":{"0":"post-29356","1":"product","2":"type-product","3":"status-publish","4":"has-post-thumbnail","6":"product_cat-bols","7":"product_tag-animaux","8":"pa_ciudad-mallorca","9":"pa_motivo-salamandres","10":"pa_pais-espana","12":"first","13":"instock","14":"shipping-taxable","15":"product-type-simple"},"acf":[],"_links":{"self":[{"href":"https:\/\/olemosaic.com\/fr\/wp-json\/wp\/v2\/product\/29356","targetHints":{"allow":["GET"]}}],"collection":[{"href":"https:\/\/olemosaic.com\/fr\/wp-json\/wp\/v2\/product"}],"about":[{"href":"https:\/\/olemosaic.com\/fr\/wp-json\/wp\/v2\/types\/product"}],"wp:featuredmedia":[{"embeddable":true,"href":"https:\/\/olemosaic.com\/fr\/wp-json\/wp\/v2\/media\/10116"}],"wp:attachment":[{"href":"https:\/\/olemosaic.com\/fr\/wp-json\/wp\/v2\/media?parent=29356"}],"wp:term":[{"taxonomy":"product_brand","embeddable":true,"href":"https:\/\/olemosaic.com\/fr\/wp-json\/wp\/v2\/product_brand?post=29356"},{"taxonomy":"product_cat","embeddable":true,"href":"https:\/\/olemosaic.com\/fr\/wp-json\/wp\/v2\/product_cat?post=29356"},{"taxonomy":"product_tag","embeddable":true,"href":"https:\/\/olemosaic.com\/fr\/wp-json\/wp\/v2\/product_tag?post=29356"}],"curies":[{"name":"wp","href":"https:\/\/api.w.org\/{rel}","templated":true}]}}