{"id":29355,"date":"2025-02-20T23:30:57","date_gmt":"2025-02-20T22:30:57","guid":{"rendered":"http:\/\/olemosaic.com\/producto\/bol-de-coco-rojo-salamandra-gran-canaria\/"},"modified":"2025-07-25T19:18:22","modified_gmt":"2025-07-25T17:18:22","slug":"bol-noix-de-coco-rouge-salamandre-grande-canarie","status":"publish","type":"product","link":"https:\/\/olemosaic.com\/fr\/produit\/bol-noix-de-coco-rouge-salamandre-grande-canarie\/","title":{"rendered":"Bol en noix de coco rouge. Salamandre. Grande Canarie."},"content":{"rendered":"<p>Ce bol en noix de coco rouge, d\u00e9cor\u00e9 d&rsquo;une salamandre frappante, est un souvenir exceptionnel qui capture l&rsquo;essence culturelle de la Grande Canarie. Sa couleur rouge vibrante, combin\u00e9e \u00e0 des motifs en forme de c\u0153urs entourant la base, rend cette pi\u00e8ce artisanale visuellement percutante et repr\u00e9sentative de la joie et du folklore canarien. Au centre du bol, se distingue la figure d&rsquo;une salamandre, symbole de chance et de r\u00e9silience dans de nombreuses cultures, accompagn\u00e9e du texte \u00ab Gran Canaria \u00bb, le tout peint \u00e0 la main avec une attention aux d\u00e9tails refl\u00e9tant le d\u00e9vouement des artisans locaux.<\/p>\n<p>La texture et la forme de la noix de coco ajoutent une authenticit\u00e9 unique, faisant de cet objet une excellente option tant pour la d\u00e9coration que pour la collection. Ce bol n&rsquo;est pas seulement un souvenir, mais une c\u00e9l\u00e9bration des traditions canariennes, id\u00e9ale pour ceux qui recherchent des souvenirs authentiques lors de leur visite aux \u00eeles.<\/p>\n<p>Chez Ol\u00e9 Mosaic, nous sommes passionn\u00e9s par la distribution de souvenirs en gros, proposant des produits qui refl\u00e8tent l&rsquo;h\u00e9ritage culturel de leurs r\u00e9gions. Ce bol en noix de coco rouge est id\u00e9al pour les boutiques de cadeaux touristiques souhaitant proposer des articles distinctifs et riches en signification. En tant que grossistes en souvenirs de la Grande Canarie, nous garantissons l&rsquo;authenticit\u00e9 et la qualit\u00e9 de chaque pi\u00e8ce de notre collection.<\/p>\n","protected":false},"excerpt":{"rendered":"<p>Bol en noix de coco rouge d\u00e9cor\u00e9 d&rsquo;une salamandre frappante, repr\u00e9sentant la culture de la Grande Canarie. Cet article artisanal, \u00e9labor\u00e9 \u00e0 partir de noix de coco, se distingue par sa couleur rouge vibrante et ses motifs en forme de c\u0153urs ornant la base. Au centre, la figure d&rsquo;une salamandre \u00e0 c\u00f4t\u00e9 du texte \u00ab Gran Canaria \u00bb, tous deux peints \u00e0 la main avec grand d\u00e9tail. Parfait comme souvenir ou \u00e9l\u00e9ment d\u00e9coratif, il refl\u00e8te le charme du folklore canarien.<\/p>\n","protected":false},"featured_media":10220,"template":"","meta":{"_acf_changed":false},"product_brand":[],"product_cat":[521],"product_tag":[530],"class_list":{"0":"post-29355","1":"product","2":"type-product","3":"status-publish","4":"has-post-thumbnail","6":"product_cat-bols","7":"product_tag-animaux","8":"pa_ciudad-gran-canaria","9":"pa_motivo-salamandres","10":"pa_pais-espana","12":"first","13":"instock","14":"shipping-taxable","15":"product-type-simple"},"acf":[],"_links":{"self":[{"href":"https:\/\/olemosaic.com\/fr\/wp-json\/wp\/v2\/product\/29355","targetHints":{"allow":["GET"]}}],"collection":[{"href":"https:\/\/olemosaic.com\/fr\/wp-json\/wp\/v2\/product"}],"about":[{"href":"https:\/\/olemosaic.com\/fr\/wp-json\/wp\/v2\/types\/product"}],"wp:featuredmedia":[{"embeddable":true,"href":"https:\/\/olemosaic.com\/fr\/wp-json\/wp\/v2\/media\/10220"}],"wp:attachment":[{"href":"https:\/\/olemosaic.com\/fr\/wp-json\/wp\/v2\/media?parent=29355"}],"wp:term":[{"taxonomy":"product_brand","embeddable":true,"href":"https:\/\/olemosaic.com\/fr\/wp-json\/wp\/v2\/product_brand?post=29355"},{"taxonomy":"product_cat","embeddable":true,"href":"https:\/\/olemosaic.com\/fr\/wp-json\/wp\/v2\/product_cat?post=29355"},{"taxonomy":"product_tag","embeddable":true,"href":"https:\/\/olemosaic.com\/fr\/wp-json\/wp\/v2\/product_tag?post=29355"}],"curies":[{"name":"wp","href":"https:\/\/api.w.org\/{rel}","templated":true}]}}