{"id":29352,"date":"2025-02-20T23:30:57","date_gmt":"2025-02-20T22:30:57","guid":{"rendered":"http:\/\/olemosaic.com\/producto\/bol-de-coco-rojo-tortuga-mallorca-3\/"},"modified":"2025-07-25T20:33:02","modified_gmt":"2025-07-25T18:33:02","slug":"bol-noix-de-coco-rouge-tortue-majorque-3","status":"publish","type":"product","link":"https:\/\/olemosaic.com\/fr\/produit\/bol-noix-de-coco-rouge-tortue-majorque-3\/","title":{"rendered":"Bol en noix de coco rouge. Tortue. \u00cele. Majorque."},"content":{"rendered":"<p>Ce bol en noix de coco rouge, d\u00e9cor\u00e9 d&rsquo;une tortue exquise, est un authentique souvenir de Majorque, con\u00e7u pour capturer l&rsquo;essence et le charme de cette belle \u00eele m\u00e9diterran\u00e9enne. Fabriqu\u00e9 de mani\u00e8re artisanale, chaque bol pr\u00e9sente un fond noir vibrant parsem\u00e9 de c\u0153urs rouges, ce qui apporte une touche moderne et attrayante \u00e0 son esth\u00e9tique. Au centre, se distingue la repr\u00e9sentation d&rsquo;une tortue, un symbole de la vie marine qui habite les eaux m\u00e9diterran\u00e9ennes et qui rappelle la riche biodiversit\u00e9 caract\u00e9risant Majorque. L&rsquo;inscription \u00ab\u00a0MALLORCA\u00a0\u00bb sur la partie inf\u00e9rieure du motif souligne son authenticit\u00e9, faisant de ce bol un souvenir in\u00e9gal\u00e9 de la r\u00e9gion.<\/p>\n<p>Son fini brillant ne fait pas que ressortir les couleurs vives, il en fait \u00e9galement un \u00e9l\u00e9ment d\u00e9coratif parfait pour n&rsquo;importe quel foyer. Ce bol n&rsquo;est pas seulement un objet fonctionnel, il sert aussi de merveilleuse pi\u00e8ce de conversation qui transporte celui qui le poss\u00e8de vers la chaleur et la beaut\u00e9 des plages majorquines. Chez Ol\u00e9 Mosaic, nous sommes sp\u00e9cialistes de la distribution de souvenirs en gros et proposons une vari\u00e9t\u00e9 de produits authentiques de Majorque. Ce bol en noix de coco rouge est une excellente option pour les boutiques de cadeaux touristiques \u00e0 la recherche d&rsquo;articles uniques et culturellement significatifs, parfaits pour les voyageurs souhaitant emporter un petit morceau de l&rsquo;\u00eele sous la forme d&rsquo;un charmant souvenir.<\/p>\n","protected":false},"excerpt":{"rendered":"<p>Bol en noix de coco rouge, d\u00e9cor\u00e9 d&rsquo;un motif de tortue exquis \u00e9voquant le charme de Majorque. Fabriqu\u00e9 de mani\u00e8re artisanale, ce bol pr\u00e9sente un fond noir parsem\u00e9 de c\u0153urs rouges, avec une tortue au centre et l&rsquo;inscription \u00ab\u00a0MALLORCA\u00a0\u00bb. Son fini brillant et vibrant ajoute une touche moderne \u00e0 cette pi\u00e8ce traditionnelle, id\u00e9ale pour compl\u00e9ter votre collection de souvenirs ou comme \u00e9l\u00e9ment d\u00e9coratif attrayant dans n&rsquo;importe quel foyer.<\/p>\n","protected":false},"featured_media":10268,"template":"","meta":{"_acf_changed":false},"product_brand":[],"product_cat":[521],"product_tag":[530],"class_list":{"0":"post-29352","1":"product","2":"type-product","3":"status-publish","4":"has-post-thumbnail","6":"product_cat-bols","7":"product_tag-animaux","8":"pa_ciudad-mallorca","9":"pa_motivo-tortues","10":"pa_pais-espana","12":"first","13":"instock","14":"shipping-taxable","15":"product-type-simple"},"acf":[],"_links":{"self":[{"href":"https:\/\/olemosaic.com\/fr\/wp-json\/wp\/v2\/product\/29352","targetHints":{"allow":["GET"]}}],"collection":[{"href":"https:\/\/olemosaic.com\/fr\/wp-json\/wp\/v2\/product"}],"about":[{"href":"https:\/\/olemosaic.com\/fr\/wp-json\/wp\/v2\/types\/product"}],"wp:featuredmedia":[{"embeddable":true,"href":"https:\/\/olemosaic.com\/fr\/wp-json\/wp\/v2\/media\/10268"}],"wp:attachment":[{"href":"https:\/\/olemosaic.com\/fr\/wp-json\/wp\/v2\/media?parent=29352"}],"wp:term":[{"taxonomy":"product_brand","embeddable":true,"href":"https:\/\/olemosaic.com\/fr\/wp-json\/wp\/v2\/product_brand?post=29352"},{"taxonomy":"product_cat","embeddable":true,"href":"https:\/\/olemosaic.com\/fr\/wp-json\/wp\/v2\/product_cat?post=29352"},{"taxonomy":"product_tag","embeddable":true,"href":"https:\/\/olemosaic.com\/fr\/wp-json\/wp\/v2\/product_tag?post=29352"}],"curies":[{"name":"wp","href":"https:\/\/api.w.org\/{rel}","templated":true}]}}