{"id":29351,"date":"2025-02-20T23:30:57","date_gmt":"2025-02-20T22:30:57","guid":{"rendered":"http:\/\/olemosaic.com\/producto\/bol-de-coco-rojo-tortuga-mallorca-2\/"},"modified":"2025-07-25T19:35:46","modified_gmt":"2025-07-25T17:35:46","slug":"bol-noix-de-coco-rouge-tortue-majorque-2","status":"publish","type":"product","link":"https:\/\/olemosaic.com\/fr\/produit\/bol-noix-de-coco-rouge-tortue-majorque-2\/","title":{"rendered":"Bol en noix de coco rouge. Tortue. Majorque. Fond marin."},"content":{"rendered":"<p>Ce bol en noix de coco rouge, orn\u00e9 d&rsquo;une attachante tortue, est un v\u00e9ritable tr\u00e9sor qui capture l&rsquo;essence du paysage marin de Majorque. Fabriqu\u00e9 artisanalement dans une solide coque de noix de coco, sa couleur rouge vibrante se combine parfaitement avec des d\u00e9tails dor\u00e9s, cr\u00e9ant une pi\u00e8ce qui irradie l&rsquo;attrait m\u00e9diterran\u00e9en. La d\u00e9coration pr\u00e9sente une magnifique tortue avec un effet peint \u00e0 la main, symbole de la vie marine et de la riche biodiversit\u00e9 des eaux qui entourent l&rsquo;\u00eele. Ce motif a \u00e9t\u00e9 d\u00e9taill\u00e9 avec une palette de couleurs naturelles, \u00e9voquant l&rsquo;environnement marin et la tranquillit\u00e9 des plages majorquines.<\/p>\n<p>Le bol pr\u00e9sente \u00e9galement un design complexe incorporant des motifs qui rappellent les vagues de la mer et la texture du sable, renfor\u00e7ant sa connexion culturelle avec la r\u00e9gion. De plus, le texte \u00ab MALLORCA \u00bb est \u00e9l\u00e9gamment int\u00e9gr\u00e9 dans le design, faisant de cet article un souvenir repr\u00e9sentatif qui murmure des histoires de l&rsquo;\u00eele. Id\u00e9al comme cadeau ou pour les amateurs de souvenirs, ce bol en noix de coco est parfait pour d\u00e9corer n&rsquo;importe quelle maison, ajoutant une touche exotique et authentique.<\/p>\n<p>Chez Ol\u00e9 Mosaic, nous sommes fiers de proposer une grande vari\u00e9t\u00e9 de souvenirs de Majorque et d&rsquo;autres destinations touristiques, garantissant que nos clients, grossistes en souvenirs, trouvent des produits pleins d&rsquo;authenticit\u00e9 et de pertinence culturelle. Ce bol est un choix id\u00e9al pour ceux qui recherchent des souvenirs de qualit\u00e9 capturant l&rsquo;essence de leurs voyages.<\/p>\n","protected":false},"excerpt":{"rendered":"<p>Bol en noix de coco rouge d\u00e9cor\u00e9 d&rsquo;une sympathique tortue, repr\u00e9sentant le charme de Majorque. Cet article distinctif, fait de noix de coco, pr\u00e9sente des tons rouges et dor\u00e9s vibrants. Son design artistique comprend des motifs complexes \u00e9voquant l&rsquo;ambiance marine, avec la tortue au design artisanal, peinte \u00e0 la main, dans des couleurs naturelles et l&rsquo;inscription \u00ab MALLORCA \u00bb. Une pi\u00e8ce id\u00e9ale pour les collectionneurs ou comme cadeau, qui enrichira n&rsquo;importe quelle maison d&rsquo;une touche m\u00e9diterran\u00e9enne.<\/p>\n","protected":false},"featured_media":10156,"template":"","meta":{"_acf_changed":false},"product_brand":[],"product_cat":[521],"product_tag":[530],"class_list":{"0":"post-29351","1":"product","2":"type-product","3":"status-publish","4":"has-post-thumbnail","6":"product_cat-bols","7":"product_tag-animaux","8":"pa_ciudad-mallorca","9":"pa_motivo-tortues","10":"pa_pais-espana","12":"first","13":"instock","14":"shipping-taxable","15":"product-type-simple"},"acf":[],"_links":{"self":[{"href":"https:\/\/olemosaic.com\/fr\/wp-json\/wp\/v2\/product\/29351","targetHints":{"allow":["GET"]}}],"collection":[{"href":"https:\/\/olemosaic.com\/fr\/wp-json\/wp\/v2\/product"}],"about":[{"href":"https:\/\/olemosaic.com\/fr\/wp-json\/wp\/v2\/types\/product"}],"wp:featuredmedia":[{"embeddable":true,"href":"https:\/\/olemosaic.com\/fr\/wp-json\/wp\/v2\/media\/10156"}],"wp:attachment":[{"href":"https:\/\/olemosaic.com\/fr\/wp-json\/wp\/v2\/media?parent=29351"}],"wp:term":[{"taxonomy":"product_brand","embeddable":true,"href":"https:\/\/olemosaic.com\/fr\/wp-json\/wp\/v2\/product_brand?post=29351"},{"taxonomy":"product_cat","embeddable":true,"href":"https:\/\/olemosaic.com\/fr\/wp-json\/wp\/v2\/product_cat?post=29351"},{"taxonomy":"product_tag","embeddable":true,"href":"https:\/\/olemosaic.com\/fr\/wp-json\/wp\/v2\/product_tag?post=29351"}],"curies":[{"name":"wp","href":"https:\/\/api.w.org\/{rel}","templated":true}]}}