{"id":29350,"date":"2025-02-20T23:30:57","date_gmt":"2025-02-20T22:30:57","guid":{"rendered":"http:\/\/olemosaic.com\/producto\/bol-de-coco-rojo-salamandra\/"},"modified":"2025-07-25T19:31:10","modified_gmt":"2025-07-25T17:31:10","slug":"bol-noix-de-coco-rouge-salamandre","status":"publish","type":"product","link":"https:\/\/olemosaic.com\/fr\/produit\/bol-noix-de-coco-rouge-salamandre\/","title":{"rendered":"Bol en noix de coco rouge. Salamandre."},"content":{"rendered":"<p>Ce bol en noix de coco rouge, d\u00e9cor\u00e9 d&rsquo;une \u00e9l\u00e9gante salamandre, est une pi\u00e8ce artisanale unique qui encapsule l&rsquo;essence de la culture locale. Fabriqu\u00e9 \u00e0 partir de coque de noix de coco, chaque bol est peint \u00e0 la main, ce qui garantit qu&rsquo;il n&rsquo;y a pas deux pi\u00e8ces identiques, soulignant l&rsquo;authenticit\u00e9 de ce magnifique souvenir. Avec des tons rouges vibrants entrelac\u00e9s de d\u00e9tails dor\u00e9s, le design pr\u00e9sente une salamandre au centre, symbolisant la faune typique de la r\u00e9gion et sa connexion avec la nature.<\/p>\n<p>La salamandre, repr\u00e9sent\u00e9e dans un dor\u00e9 brillant, repose sur un motif complexe qui \u00e9voque la texture et les couleurs d&rsquo;un paysage vibrant, apportant une touche artistique et \u00e9th\u00e9r\u00e9e. Ce bol n&rsquo;est pas seulement un objet d\u00e9coratif, il est aussi fonctionnel, id\u00e9al pour une utilisation lors d&rsquo;\u00e9v\u00e9nements ou comme compl\u00e9ment dans la maison, ajoutant un morceau de culture \u00e0 n&rsquo;importe quel espace.<\/p>\n<p>Chez Ol\u00e9 Mosaic, nous sommes distributeurs de souvenirs de haute qualit\u00e9, et ce bol en noix de coco rouge se distingue par sa pertinence culturelle et sa proposition esth\u00e9tique. C&rsquo;est une excellente option pour les boutiques qui cherchent \u00e0 offrir \u00e0 leurs clients un souvenir authentique et repr\u00e9sentatif de la r\u00e9gion, tout en valorisant l&rsquo;art traditionnel et la fonctionnalit\u00e9 de leurs produits.<\/p>\n","protected":false},"excerpt":{"rendered":"<p>Bol en noix de coco rouge d\u00e9cor\u00e9 d&rsquo;un \u00e9l\u00e9gant motif de salamandre. Fabriqu\u00e9 \u00e0 partir de coque de noix de coco, ce bol est une pi\u00e8ce unique, au design artisanal, peint \u00e0 la main, qui se distingue par ses tons rouges vibrants et ses d\u00e9tails dor\u00e9s. La salamandre centrale, entour\u00e9e d&rsquo;un motif complexe, repr\u00e9sente la faune typique de la r\u00e9gion. Id\u00e9al pour la d\u00e9coration ou comme compl\u00e9ment lors d&rsquo;\u00e9v\u00e9nements, ce bol combine art traditionnel et fonctionnalit\u00e9, apportant une touche culturelle \u00e0 votre maison.<\/p>\n","protected":false},"featured_media":10069,"template":"","meta":{"_acf_changed":false},"product_brand":[],"product_cat":[521],"product_tag":[530],"class_list":{"0":"post-29350","1":"product","2":"type-product","3":"status-publish","4":"has-post-thumbnail","6":"product_cat-bols","7":"product_tag-animaux","8":"pa_motivo-salamandres","10":"first","11":"instock","12":"shipping-taxable","13":"product-type-simple"},"acf":[],"_links":{"self":[{"href":"https:\/\/olemosaic.com\/fr\/wp-json\/wp\/v2\/product\/29350","targetHints":{"allow":["GET"]}}],"collection":[{"href":"https:\/\/olemosaic.com\/fr\/wp-json\/wp\/v2\/product"}],"about":[{"href":"https:\/\/olemosaic.com\/fr\/wp-json\/wp\/v2\/types\/product"}],"wp:featuredmedia":[{"embeddable":true,"href":"https:\/\/olemosaic.com\/fr\/wp-json\/wp\/v2\/media\/10069"}],"wp:attachment":[{"href":"https:\/\/olemosaic.com\/fr\/wp-json\/wp\/v2\/media?parent=29350"}],"wp:term":[{"taxonomy":"product_brand","embeddable":true,"href":"https:\/\/olemosaic.com\/fr\/wp-json\/wp\/v2\/product_brand?post=29350"},{"taxonomy":"product_cat","embeddable":true,"href":"https:\/\/olemosaic.com\/fr\/wp-json\/wp\/v2\/product_cat?post=29350"},{"taxonomy":"product_tag","embeddable":true,"href":"https:\/\/olemosaic.com\/fr\/wp-json\/wp\/v2\/product_tag?post=29350"}],"curies":[{"name":"wp","href":"https:\/\/api.w.org\/{rel}","templated":true}]}}