{"id":29349,"date":"2025-02-20T22:30:56","date_gmt":"2025-02-20T22:30:56","guid":{"rendered":"http:\/\/olemosaic.com\/producto\/bol-de-coco-rojo-tortuga-mallorca\/"},"modified":"2025-07-25T19:40:44","modified_gmt":"2025-07-25T17:40:44","slug":"bol-noix-de-coco-rouge-tortue-majorque","status":"publish","type":"product","link":"https:\/\/olemosaic.com\/fr\/produit\/bol-noix-de-coco-rouge-tortue-majorque\/","title":{"rendered":"Bol en noix de coco rouge. Tortue. Majorque."},"content":{"rendered":"<p>Ce bol en noix de coco rouge, d\u00e9cor\u00e9 d&rsquo;un magnifique motif de tortue, est un v\u00e9ritable embl\u00e8me de l&rsquo;artisanat majorquin. Les teintes rouges et roses vibrantes qui l&rsquo;ornent \u00e9voquent la chaleur et la splendeur de l&rsquo;environnement naturel de l&rsquo;\u00eele, cr\u00e9ant un objet \u00e0 la fois d\u00e9coratif et fonctionnel. Au centre du bol, une \u00e9l\u00e9gante tortue, imprim\u00e9e avec pr\u00e9cision, symbolise la riche vie marine qui entoure ce paradis m\u00e9diterran\u00e9en, connectant l&rsquo;utilisateur \u00e0 la beaut\u00e9 de l&rsquo;oc\u00e9an.<\/p>\n<p>La finition artisanale du bol, qui allie tradition et modernit\u00e9, en fait le souvenir parfait pour ceux qui souhaitent emporter un petit morceau de Majorque. Id\u00e9al pour une utilisation sur la table comme centre de table ou pour ranger de petits objets, ce bol capture non seulement l&rsquo;essence de l&rsquo;\u00eele, mais refl\u00e8te \u00e9galement sa culture et son d\u00e9vouement \u00e0 la pr\u00e9servation de la vie marine. Chez Ol\u00e9 Mosaic, nous sommes fiers de proposer des souvenirs authentiques et de qualit\u00e9 en gros, et ce bol en noix de coco repr\u00e9sente une excellente option pour les boutiques de cadeaux touristiques. Les souvenirs de Majorque n&rsquo;ont jamais \u00e9t\u00e9 aussi attrayants ou significatifs qu&rsquo;avec ce bol qui c\u00e9l\u00e8bre la connexion entre l&rsquo;art, l&rsquo;environnement naturel et la culture locale.<\/p>\n","protected":false},"excerpt":{"rendered":"<p>Bol en noix de coco rouge d\u00e9cor\u00e9 d&rsquo;un motif de tortue, inspir\u00e9 par la beaut\u00e9 de Majorque. Cet article artisanal pr\u00e9sente une finition dans des tons rouge\u00e2tres et ros\u00e9s, avec des d\u00e9tails \u00e9voquant la vie marine. La tortue est \u00e9l\u00e9gamment imprim\u00e9e au centre, soulignant la connexion avec la culture locale et l&rsquo;environnement naturel de l&rsquo;\u00eele. Parfait pour un usage d\u00e9coratif ou fonctionnel, ce bol est un souvenir distinctif de Majorque.<\/p>\n","protected":false},"featured_media":11894,"template":"","meta":{"_acf_changed":false},"product_brand":[],"product_cat":[521],"product_tag":[530],"class_list":{"0":"post-29349","1":"product","2":"type-product","3":"status-publish","4":"has-post-thumbnail","6":"product_cat-bols","7":"product_tag-animaux","8":"pa_ciudad-mallorca","9":"pa_motivo-tortues","10":"pa_pais-espana","12":"first","13":"instock","14":"shipping-taxable","15":"product-type-simple"},"acf":[],"_links":{"self":[{"href":"https:\/\/olemosaic.com\/fr\/wp-json\/wp\/v2\/product\/29349","targetHints":{"allow":["GET"]}}],"collection":[{"href":"https:\/\/olemosaic.com\/fr\/wp-json\/wp\/v2\/product"}],"about":[{"href":"https:\/\/olemosaic.com\/fr\/wp-json\/wp\/v2\/types\/product"}],"wp:featuredmedia":[{"embeddable":true,"href":"https:\/\/olemosaic.com\/fr\/wp-json\/wp\/v2\/media\/11894"}],"wp:attachment":[{"href":"https:\/\/olemosaic.com\/fr\/wp-json\/wp\/v2\/media?parent=29349"}],"wp:term":[{"taxonomy":"product_brand","embeddable":true,"href":"https:\/\/olemosaic.com\/fr\/wp-json\/wp\/v2\/product_brand?post=29349"},{"taxonomy":"product_cat","embeddable":true,"href":"https:\/\/olemosaic.com\/fr\/wp-json\/wp\/v2\/product_cat?post=29349"},{"taxonomy":"product_tag","embeddable":true,"href":"https:\/\/olemosaic.com\/fr\/wp-json\/wp\/v2\/product_tag?post=29349"}],"curies":[{"name":"wp","href":"https:\/\/api.w.org\/{rel}","templated":true}]}}