{"id":29347,"date":"2025-02-20T23:30:56","date_gmt":"2025-02-20T22:30:56","guid":{"rendered":"http:\/\/olemosaic.com\/producto\/bol-de-coco-rojo-delfin-barcelona-4\/"},"modified":"2025-07-25T20:22:49","modified_gmt":"2025-07-25T18:22:49","slug":"bol-noix-de-coco-rouge-dauphin-barcelone-4","status":"publish","type":"product","link":"https:\/\/olemosaic.com\/fr\/produit\/bol-noix-de-coco-rouge-dauphin-barcelone-4\/","title":{"rendered":"Bol en noix de coco rouge. Dauphin. Style m\u00e9diterran\u00e9en. Barcelone."},"content":{"rendered":"<p>Ce bol en noix de coco rouge, d\u00e9cor\u00e9 d&rsquo;un sympathique dauphin, est une pi\u00e8ce unique qui capture l&rsquo;essence de la vie marine vibrante de Barcelone. Avec un design accrocheur, le bol pr\u00e9sente une base en noix de coco avec une finition brillante dans des tons rouge\u00e2tres, rappelant les magnifiques couchers de soleil de la M\u00e9diterran\u00e9e. Sa forme courbe et douce est compl\u00e9t\u00e9e par un motif artistique de taches qui s&rsquo;\u00e9tendent sur la partie ext\u00e9rieure, \u00e9voquant les vagues de la mer.<\/p>\n<p>Au centre, un dauphin stylis\u00e9, symbole de joie et de libert\u00e9, se d\u00e9tache sur un fond clair, symbolisant l&rsquo;esprit de l&rsquo;oc\u00e9an qui entoure la ville. De plus, l&rsquo;inscription \u00ab\u00a0Barcelona\u00a0\u00bb sur la partie inf\u00e9rieure ajoute une touche nostalgique et fonctionnelle, en faisant un souvenir parfait de la cit\u00e9 comtale. Ce bol est non seulement id\u00e9al pour servir des ap\u00e9ritifs, mais il sert \u00e9galement d&rsquo;\u00e9l\u00e9ment d\u00e9coratif attrayant, compl\u00e9tant n&rsquo;importe quel espace avec un air m\u00e9diterran\u00e9en.<\/p>\n<p>Faisant partie de la riche culture catalane, ce souvenir est un excellent cadeau pour les touristes qui cherchent \u00e0 emporter un morceau de Barcelone. Chez Ol\u00e9 Mosaic, nous sommes sp\u00e9cialistes de la distribution de souvenirs en gros, et ce bol en noix de coco est une repr\u00e9sentation authentique de la tradition et du charme de la r\u00e9gion. Parfait pour les boutiques de cadeaux touristiques souhaitant proposer des pi\u00e8ces originales et significatives, ce bol en noix de coco rouge est un cadeau qui \u00e9voque des souvenirs inoubliables.<\/p>\n","protected":false},"excerpt":{"rendered":"<p>Bol en noix de coco rouge d\u00e9cor\u00e9 d&rsquo;un charmant dauphin, inspir\u00e9 de la vie marine de Barcelone. Ce bol exclusif pr\u00e9sente un design accrocheur avec des motifs dans des tons rouge\u00e2tres et une finition brillante qui souligne la forme courbe de la noix de coco. Au centre, un dauphin stylis\u00e9 repose sur un fond clair, tandis que le mot \u00ab\u00a0Barcelona\u00a0\u00bb ajoute une touche nostalgique. Parfait comme \u00e9l\u00e9ment d\u00e9coratif ou pour servir des ap\u00e9ritifs, ce bol est une pi\u00e8ce unique qui capture l&rsquo;essence de la M\u00e9diterran\u00e9e.<\/p>\n","protected":false},"featured_media":11870,"template":"","meta":{"_acf_changed":false},"product_brand":[],"product_cat":[521],"product_tag":[530],"class_list":{"0":"post-29347","1":"product","2":"type-product","3":"status-publish","4":"has-post-thumbnail","6":"product_cat-bols","7":"product_tag-animaux","8":"pa_ciudad-barcelona","9":"pa_motivo-dauphins","10":"pa_pais-espana","12":"first","13":"instock","14":"shipping-taxable","15":"product-type-simple"},"acf":[],"_links":{"self":[{"href":"https:\/\/olemosaic.com\/fr\/wp-json\/wp\/v2\/product\/29347","targetHints":{"allow":["GET"]}}],"collection":[{"href":"https:\/\/olemosaic.com\/fr\/wp-json\/wp\/v2\/product"}],"about":[{"href":"https:\/\/olemosaic.com\/fr\/wp-json\/wp\/v2\/types\/product"}],"wp:featuredmedia":[{"embeddable":true,"href":"https:\/\/olemosaic.com\/fr\/wp-json\/wp\/v2\/media\/11870"}],"wp:attachment":[{"href":"https:\/\/olemosaic.com\/fr\/wp-json\/wp\/v2\/media?parent=29347"}],"wp:term":[{"taxonomy":"product_brand","embeddable":true,"href":"https:\/\/olemosaic.com\/fr\/wp-json\/wp\/v2\/product_brand?post=29347"},{"taxonomy":"product_cat","embeddable":true,"href":"https:\/\/olemosaic.com\/fr\/wp-json\/wp\/v2\/product_cat?post=29347"},{"taxonomy":"product_tag","embeddable":true,"href":"https:\/\/olemosaic.com\/fr\/wp-json\/wp\/v2\/product_tag?post=29347"}],"curies":[{"name":"wp","href":"https:\/\/api.w.org\/{rel}","templated":true}]}}