{"id":29331,"date":"2025-02-20T23:30:56","date_gmt":"2025-02-20T22:30:56","guid":{"rendered":"http:\/\/olemosaic.com\/producto\/bol-de-coco-rojo-caballito-de-mar-3\/"},"modified":"2025-07-25T20:24:27","modified_gmt":"2025-07-25T18:24:27","slug":"bol-noix-de-coco-rouge-hippocampe-3","status":"publish","type":"product","link":"https:\/\/olemosaic.com\/fr\/produit\/bol-noix-de-coco-rouge-hippocampe-3\/","title":{"rendered":"Bol en noix de coco rouge. Hippocampe. Style m\u00e9diterran\u00e9en."},"content":{"rendered":"<p>Ce bol en noix de coco rouge, d\u00e9cor\u00e9 d&rsquo;un charmant hippocampe, est une pi\u00e8ce unique qui apporte une touche m\u00e9diterran\u00e9enne authentique \u00e0 n&rsquo;importe quelle maison. Sa couleur rouge vibrante, brillante et s\u00e9duisante, capte l&rsquo;attention et ajoute une touche de joie \u00e0 la d\u00e9coration int\u00e9rieure. Peint \u00e0 la main, le bol affiche un design captivant avec des c\u0153urs et des \u00e9clats de couleurs, g\u00e9n\u00e9rant un effet visuel dynamique et attrayant qui se d\u00e9marque dans n&rsquo;importe quel environnement. L&rsquo;hippocampe, symbolique de la vie marine, est \u00e9l\u00e9gamment pr\u00e9sent\u00e9 au centre, symbolisant l&rsquo;amour et la protection, ce qui en fait un cadeau significatif.<\/p>\n<p>Le choix de la noix de coco comme mat\u00e9riau conf\u00e8re au bol une texture naturelle et exotique, soulignant le lien avec l&rsquo;environnement m\u00e9diterran\u00e9en et sa biodiversit\u00e9. Ce souvenir, qui refl\u00e8te l&rsquo;essence de l&rsquo;art local, est plus qu&rsquo;un simple objet d\u00e9coratif ; c&rsquo;est un rappel embl\u00e9matique des magnifiques paysages et de la riche culture de la r\u00e9gion. Chez Ol\u00e9 Mosaic, notre engagement est d&rsquo;offrir des souvenirs authentiques qui mettent en valeur l&rsquo;identit\u00e9 culturelle de leur origine. Ce bol en noix de coco n&rsquo;est pas seulement une excellente option pour les touristes \u00e0 la recherche de souvenirs repr\u00e9sentatifs, mais il devient \u00e9galement un article indispensable pour les boutiques de cadeaux touristiques qui appr\u00e9cient l&rsquo;artisanat et l&rsquo;authenticit\u00e9 des produits qu&rsquo;elles proposent.<\/p>\n","protected":false},"excerpt":{"rendered":"<p>Bol en noix de coco rouge d\u00e9cor\u00e9 d&rsquo;un charmant hippocampe, id\u00e9al pour ajouter une touche m\u00e9diterran\u00e9enne \u00e0 n&rsquo;importe quelle maison. Ce bol se distingue par sa couleur rouge vibrante et son design artisanal, peint \u00e0 la main, qui inclut des c\u0153urs et des \u00e9clats de couleurs, cr\u00e9ant un effet visuel attrayant. Le choix de la noix de coco comme mat\u00e9riau apporte un air naturel et exotique, faisant de cette pi\u00e8ce un beau souvenir qui refl\u00e8te l&rsquo;essence de l&rsquo;art local.<\/p>\n","protected":false},"featured_media":10172,"template":"","meta":{"_acf_changed":false},"product_brand":[],"product_cat":[521],"product_tag":[530],"class_list":{"0":"post-29331","1":"product","2":"type-product","3":"status-publish","4":"has-post-thumbnail","6":"product_cat-bols","7":"product_tag-animaux","8":"pa_motivo-hippocampes","10":"first","11":"instock","12":"shipping-taxable","13":"product-type-simple"},"acf":[],"_links":{"self":[{"href":"https:\/\/olemosaic.com\/fr\/wp-json\/wp\/v2\/product\/29331","targetHints":{"allow":["GET"]}}],"collection":[{"href":"https:\/\/olemosaic.com\/fr\/wp-json\/wp\/v2\/product"}],"about":[{"href":"https:\/\/olemosaic.com\/fr\/wp-json\/wp\/v2\/types\/product"}],"wp:featuredmedia":[{"embeddable":true,"href":"https:\/\/olemosaic.com\/fr\/wp-json\/wp\/v2\/media\/10172"}],"wp:attachment":[{"href":"https:\/\/olemosaic.com\/fr\/wp-json\/wp\/v2\/media?parent=29331"}],"wp:term":[{"taxonomy":"product_brand","embeddable":true,"href":"https:\/\/olemosaic.com\/fr\/wp-json\/wp\/v2\/product_brand?post=29331"},{"taxonomy":"product_cat","embeddable":true,"href":"https:\/\/olemosaic.com\/fr\/wp-json\/wp\/v2\/product_cat?post=29331"},{"taxonomy":"product_tag","embeddable":true,"href":"https:\/\/olemosaic.com\/fr\/wp-json\/wp\/v2\/product_tag?post=29331"}],"curies":[{"name":"wp","href":"https:\/\/api.w.org\/{rel}","templated":true}]}}