{"id":29330,"date":"2025-02-20T22:30:56","date_gmt":"2025-02-20T22:30:56","guid":{"rendered":"http:\/\/olemosaic.com\/producto\/bol-de-coco-rojo-caballito-de-mar-barcelona\/"},"modified":"2025-07-25T19:16:49","modified_gmt":"2025-07-25T17:16:49","slug":"bol-noix-de-coco-rouge-hippocampe-barcelone","status":"publish","type":"product","link":"https:\/\/olemosaic.com\/fr\/produit\/bol-noix-de-coco-rouge-hippocampe-barcelone\/","title":{"rendered":"Bol en noix de coco rouge. Hippocampe. Barcelone."},"content":{"rendered":"<p>Ce bol en noix de coco rouge, d\u00e9cor\u00e9 d&rsquo;un charmant hippocampe, est un souvenir embl\u00e9matique de Barcelone, con\u00e7u pour capturer l&rsquo;essence vibrante de cette ville iconique. Avec une finition brillante, ce bol attrayant se distingue par son fond rouge intense, qui \u00e9voque l&rsquo;\u00e9nergie m\u00e9diterran\u00e9enne, tandis que l&rsquo;\u00e9l\u00e9gant hippocampe au centre est un symbole de la riche vie marine qui entoure la c\u00f4te catalane. La pi\u00e8ce est entour\u00e9e de petits c\u0153urs dans un design d\u00e9licat qui ajoute une touche romantique, parfait pour ceux qui cherchent \u00e0 se souvenir de moments sp\u00e9ciaux dans cette belle ville.<\/p>\n<p>L&rsquo;hippocampe, en plus d&rsquo;\u00eatre un attrait visuel, est \u00e9troitement li\u00e9 au c\u00e9l\u00e8bre aquarium de Barcelone et \u00e0 la culture maritime que la ville embrasse. Ce bol n&rsquo;est pas seulement un \u00e9l\u00e9ment d\u00e9coratif, il peut aussi \u00eatre utilis\u00e9 de mani\u00e8re fonctionnelle dans la maison, que ce soit comme centre de table ou pour servir des ap\u00e9ritifs, apportant un air artistique et culturel \u00e0 n&rsquo;importe quel espace.<\/p>\n<p>Chez Ol\u00e9 Mosaic, nous nous sp\u00e9cialisons dans la distribution de souvenirs en gros, et ce bol en noix de coco repr\u00e9sente parfaitement notre offre de produits authentiques et de qualit\u00e9. C&rsquo;est une excellente option pour les boutiques de cadeaux touristiques \u00e0 la recherche de souvenirs originaux de Barcelone, avec un design qui refl\u00e8te la richesse culturelle de la ville. En tant que grossistes de souvenirs, nous garantissons l&rsquo;authenticit\u00e9 et un style unique dans chacun de nos produits.<\/p>\n","protected":false},"excerpt":{"rendered":"<p>Bol en noix de coco rouge orn\u00e9 d&rsquo;un charmant hippocampe, repr\u00e9sentant l&rsquo;essence de Barcelone. Ce bol attrayant pr\u00e9sente un design vibrant avec un fond rouge et des d\u00e9tails noirs, mettant en valeur un hippocampe au centre, entour\u00e9 de petits c\u0153urs. Id\u00e9al comme souvenir, cet article combine une finition brillante avec un style artistique qui refl\u00e8te la richesse culturelle de la ville. Parfait pour un usage d\u00e9coratif ou comme \u00e9l\u00e9ment fonctionnel dans la maison.<\/p>\n","protected":false},"featured_media":10252,"template":"","meta":{"_acf_changed":false},"product_brand":[],"product_cat":[521],"product_tag":[530],"class_list":{"0":"post-29330","1":"product","2":"type-product","3":"status-publish","4":"has-post-thumbnail","6":"product_cat-bols","7":"product_tag-animaux","8":"pa_ciudad-barcelona","9":"pa_motivo-hippocampes","10":"pa_pais-espana","12":"first","13":"instock","14":"shipping-taxable","15":"product-type-simple"},"acf":[],"_links":{"self":[{"href":"https:\/\/olemosaic.com\/fr\/wp-json\/wp\/v2\/product\/29330","targetHints":{"allow":["GET"]}}],"collection":[{"href":"https:\/\/olemosaic.com\/fr\/wp-json\/wp\/v2\/product"}],"about":[{"href":"https:\/\/olemosaic.com\/fr\/wp-json\/wp\/v2\/types\/product"}],"wp:featuredmedia":[{"embeddable":true,"href":"https:\/\/olemosaic.com\/fr\/wp-json\/wp\/v2\/media\/10252"}],"wp:attachment":[{"href":"https:\/\/olemosaic.com\/fr\/wp-json\/wp\/v2\/media?parent=29330"}],"wp:term":[{"taxonomy":"product_brand","embeddable":true,"href":"https:\/\/olemosaic.com\/fr\/wp-json\/wp\/v2\/product_brand?post=29330"},{"taxonomy":"product_cat","embeddable":true,"href":"https:\/\/olemosaic.com\/fr\/wp-json\/wp\/v2\/product_cat?post=29330"},{"taxonomy":"product_tag","embeddable":true,"href":"https:\/\/olemosaic.com\/fr\/wp-json\/wp\/v2\/product_tag?post=29330"}],"curies":[{"name":"wp","href":"https:\/\/api.w.org\/{rel}","templated":true}]}}