{"id":29329,"date":"2025-02-20T22:30:56","date_gmt":"2025-02-20T22:30:56","guid":{"rendered":"http:\/\/olemosaic.com\/producto\/bol-de-coco-rojo-tortuga-tenerife\/"},"modified":"2025-07-25T19:25:48","modified_gmt":"2025-07-25T17:25:48","slug":"bol-noix-de-coco-rouge-tortue-tenerife","status":"publish","type":"product","link":"https:\/\/olemosaic.com\/fr\/produit\/bol-noix-de-coco-rouge-tortue-tenerife\/","title":{"rendered":"Bol en noix de coco rouge. Tortue. Tenerife."},"content":{"rendered":"<p>Ce bol en noix de coco rouge, d\u00e9cor\u00e9 d&rsquo;un \u00e9l\u00e9gant design de tortue, est un v\u00e9ritable tr\u00e9sor de Tenerife, parfait pour ceux qui recherchent un souvenir repr\u00e9sentatif et plein de sens culturel. \u00c9labor\u00e9 \u00e0 partir de coques de noix de coco recycl\u00e9es, ce bol se distingue par sa finition brillante et sa d\u00e9coration vibrante, qui inclut des motifs de coquillages dans des tons rouges \u00e9voquant la beaut\u00e9 des plages des Canaries. L&rsquo;image centrale d&rsquo;une tortue, symbole embl\u00e9matique de la vie marine de la r\u00e9gion, souligne la connexion avec l&rsquo;\u00e9cosyst\u00e8me de Tenerife et le respect de la nature qui caract\u00e9rise ses habitants.<\/p>\n<p>Le mot \u00ab\u00a0TENERIFE\u00a0\u00bb est strat\u00e9giquement plac\u00e9 dans le design, ce qui non seulement souligne son origine, mais en fait \u00e9galement un rappel distinctif de l&rsquo;\u00eele. Ce bol n&rsquo;est pas seulement id\u00e9al comme pi\u00e8ce d\u00e9corative, il est aussi fonctionnel pour un usage quotidien, permettant de profiter d&rsquo;un petit morceau de Tenerife \u00e0 la maison. Chaque pi\u00e8ce est unique, t\u00e9moignant du d\u00e9vouement artisanal des cr\u00e9ateurs locaux, ce qui en fait un souvenir authentique et charg\u00e9 de culture.<\/p>\n<p>Chez Ol\u00e9 Mosaic, nous distribuons ce bol en noix de coco rouge et d&rsquo;autres souvenirs authentiques en gros, id\u00e9aux pour les boutiques de cadeaux touristiques souhaitant offrir \u00e0 leurs clients une exp\u00e9rience et un souvenir uniques des \u00eeles Canaries. Ce bol tortue est, sans aucun doute, un excellent choix pour ceux qui recherchent un cadeau m\u00e9morable et significatif repr\u00e9sentant la beaut\u00e9 et la culture de Tenerife.<\/p>\n","protected":false},"excerpt":{"rendered":"<p>Bol en noix de coco rouge d\u00e9cor\u00e9 d&rsquo;un \u00e9l\u00e9gant design de tortue, typique de Tenerife. Ce bol attrayant pr\u00e9sente une finition brillante et est orn\u00e9 de motifs de coquillages dans des tons rouge\u00e2tres, lui donnant une touche vibrante. L&rsquo;image centrale d&rsquo;une tortue, symbole de la vie marine, est accompagn\u00e9e du mot \u00ab\u00a0TENERIFE\u00a0\u00bb, soulignant son origine locale. Parfait comme pi\u00e8ce d\u00e9corative ou pour un usage quotidien, il allie beaut\u00e9 et culture en un seul objet.<\/p>\n","protected":false},"featured_media":11934,"template":"","meta":{"_acf_changed":false},"product_brand":[],"product_cat":[521],"product_tag":[530],"class_list":{"0":"post-29329","1":"product","2":"type-product","3":"status-publish","4":"has-post-thumbnail","6":"product_cat-bols","7":"product_tag-animaux","8":"pa_ciudad-tenerife","9":"pa_motivo-tortues","10":"pa_pais-espana","12":"first","13":"instock","14":"shipping-taxable","15":"product-type-simple"},"acf":[],"_links":{"self":[{"href":"https:\/\/olemosaic.com\/fr\/wp-json\/wp\/v2\/product\/29329","targetHints":{"allow":["GET"]}}],"collection":[{"href":"https:\/\/olemosaic.com\/fr\/wp-json\/wp\/v2\/product"}],"about":[{"href":"https:\/\/olemosaic.com\/fr\/wp-json\/wp\/v2\/types\/product"}],"wp:featuredmedia":[{"embeddable":true,"href":"https:\/\/olemosaic.com\/fr\/wp-json\/wp\/v2\/media\/11934"}],"wp:attachment":[{"href":"https:\/\/olemosaic.com\/fr\/wp-json\/wp\/v2\/media?parent=29329"}],"wp:term":[{"taxonomy":"product_brand","embeddable":true,"href":"https:\/\/olemosaic.com\/fr\/wp-json\/wp\/v2\/product_brand?post=29329"},{"taxonomy":"product_cat","embeddable":true,"href":"https:\/\/olemosaic.com\/fr\/wp-json\/wp\/v2\/product_cat?post=29329"},{"taxonomy":"product_tag","embeddable":true,"href":"https:\/\/olemosaic.com\/fr\/wp-json\/wp\/v2\/product_tag?post=29329"}],"curies":[{"name":"wp","href":"https:\/\/api.w.org\/{rel}","templated":true}]}}