{"id":29328,"date":"2025-02-20T23:30:55","date_gmt":"2025-02-20T22:30:55","guid":{"rendered":"http:\/\/olemosaic.com\/producto\/bol-de-coco-rojo-caballito-de-mar-2\/"},"modified":"2025-07-25T19:54:15","modified_gmt":"2025-07-25T17:54:15","slug":"bol-noix-de-coco-rouge-hippocampe-2","status":"publish","type":"product","link":"https:\/\/olemosaic.com\/fr\/produit\/bol-noix-de-coco-rouge-hippocampe-2\/","title":{"rendered":"Bol en noix de coco rouge. Hippocampe. Style m\u00e9diterran\u00e9en. Espagne."},"content":{"rendered":"<p>Ce bol en noix de coco rouge, orn\u00e9 d&rsquo;un \u00e9l\u00e9gant hippocampe, est un joyau artisanal qui capture l&rsquo;essence des c\u00f4tes m\u00e9diterran\u00e9ennes. Fabriqu\u00e9 \u00e0 partir d&rsquo;une coque de noix de coco, son int\u00e9rieur rouge vibrant se distingue par un design innovant simulant un filet dor\u00e9, ajoutant une touche de sophistication \u00e0 son apparence. L&rsquo;hippocampe, peint \u00e0 la main avec des d\u00e9tails m\u00e9ticuleux, repr\u00e9sente la riche faune marine du littoral espagnol, faisant de cette pi\u00e8ce un souvenir attrayant qui \u00e9voque les brises douces et la beaut\u00e9 des plages m\u00e9diterran\u00e9ennes.<\/p>\n<p>La touche dor\u00e9e qui enveloppe l&rsquo;int\u00e9rieur du bol compl\u00e8te parfaitement les tons chauds du rouge, cr\u00e9ant un contraste visuel captivant. Ce bol n&rsquo;est pas seulement un excellent \u00e9l\u00e9ment d\u00e9coratif, mais sert \u00e9galement de cadeau original et significatif, id\u00e9al pour ceux qui souhaitent emporter avec eux un morceau de l&rsquo;ambiance c\u00f4ti\u00e8re enchanteresse de l&rsquo;Espagne. Son design singulier et sa fabrication artisanale garantissent que chaque pi\u00e8ce est unique, offrant aux touristes un souvenir authentique et plein de caract\u00e8re culturel.<\/p>\n<p>Chez Ol\u00e9 Mosaic, nous sommes fiers d&rsquo;\u00eatre des distributeurs de souvenirs authentiques et de qualit\u00e9. Ce bol en noix de coco est une option parfaite pour les boutiques de cadeaux touristiques qui recherchent des articles mettant en valeur la beaut\u00e9 du patrimoine m\u00e9diterran\u00e9en et son artisanat. Avec ce bol, vous n&rsquo;offrez pas seulement un souvenir, mais aussi une histoire \u00e0 c\u00e9l\u00e9brer.<\/p>\n","protected":false},"excerpt":{"rendered":"<p>Bol en noix de coco rouge d\u00e9cor\u00e9 d&rsquo;un \u00e9l\u00e9gant hippocampe, id\u00e9al comme souvenir des c\u00f4tes m\u00e9diterran\u00e9ennes. Cet article exclusif, fait de noix de coco, pr\u00e9sente un int\u00e9rieur rouge vibrant avec des d\u00e9tails dor\u00e9s complexes simulant un filet. L&rsquo;hippocampe, au design artisanal peint \u00e0 la main, apporte une touche marine distinctive et artistique. Parfait pour d\u00e9corer n&rsquo;importe quel espace ou comme cadeau original \u00e9voquant le charme du littoral espagnol.<\/p>\n","protected":false},"featured_media":10073,"template":"","meta":{"_acf_changed":false},"product_brand":[],"product_cat":[521],"product_tag":[530],"class_list":{"0":"post-29328","1":"product","2":"type-product","3":"status-publish","4":"has-post-thumbnail","6":"product_cat-bols","7":"product_tag-animaux","8":"pa_motivo-hippocampes","10":"first","11":"instock","12":"shipping-taxable","13":"product-type-simple"},"acf":[],"_links":{"self":[{"href":"https:\/\/olemosaic.com\/fr\/wp-json\/wp\/v2\/product\/29328","targetHints":{"allow":["GET"]}}],"collection":[{"href":"https:\/\/olemosaic.com\/fr\/wp-json\/wp\/v2\/product"}],"about":[{"href":"https:\/\/olemosaic.com\/fr\/wp-json\/wp\/v2\/types\/product"}],"wp:featuredmedia":[{"embeddable":true,"href":"https:\/\/olemosaic.com\/fr\/wp-json\/wp\/v2\/media\/10073"}],"wp:attachment":[{"href":"https:\/\/olemosaic.com\/fr\/wp-json\/wp\/v2\/media?parent=29328"}],"wp:term":[{"taxonomy":"product_brand","embeddable":true,"href":"https:\/\/olemosaic.com\/fr\/wp-json\/wp\/v2\/product_brand?post=29328"},{"taxonomy":"product_cat","embeddable":true,"href":"https:\/\/olemosaic.com\/fr\/wp-json\/wp\/v2\/product_cat?post=29328"},{"taxonomy":"product_tag","embeddable":true,"href":"https:\/\/olemosaic.com\/fr\/wp-json\/wp\/v2\/product_tag?post=29328"}],"curies":[{"name":"wp","href":"https:\/\/api.w.org\/{rel}","templated":true}]}}