{"id":29327,"date":"2025-02-20T22:30:55","date_gmt":"2025-02-20T22:30:55","guid":{"rendered":"http:\/\/olemosaic.com\/producto\/bol-de-coco-rojo-caballito-de-mar-menorca\/"},"modified":"2025-07-25T19:42:38","modified_gmt":"2025-07-25T17:42:38","slug":"bol-noix-de-coco-rouge-hippocampe-minorque","status":"publish","type":"product","link":"https:\/\/olemosaic.com\/fr\/produit\/bol-noix-de-coco-rouge-hippocampe-minorque\/","title":{"rendered":"Bol en noix de coco rouge. Hippocampe. Minorque."},"content":{"rendered":"<p>Ce bol en noix de coco rouge, orn\u00e9 d&rsquo;un \u00e9l\u00e9gant hippocampe, est un souvenir embl\u00e9matique de Minorque qui capture l&rsquo;essence de la M\u00e9diterran\u00e9e dans chaque d\u00e9tail. Son design unique pr\u00e9sente une combinaison d\u00e9licate de tons rouges et blancs, avec une finition brillante qui souligne ses formes organiques, \u00e9voquant la beaut\u00e9 naturelle de l&rsquo;\u00eele. L&rsquo;hippocampe, figure embl\u00e9matique de la faune marine de Minorque, est magnifiquement sculpt\u00e9, symbolisant la connexion de Minorque avec ses eaux cristallines et sa riche biodiversit\u00e9.<\/p>\n<p>Le bol n&rsquo;est pas seulement un objet d\u00e9coratif, mais aussi fonctionnel, id\u00e9al pour servir des ap\u00e9ritifs et des desserts en toute occasion. Les d\u00e9tails inspir\u00e9s de la flore et de la faune marines entourent la pi\u00e8ce, ajoutant une touche artistique qui en fait un point focal dans n&rsquo;importe quelle maison. De plus, son mat\u00e9riau en noix de coco apporte une finition naturelle et exotique, renfor\u00e7ant son authenticit\u00e9 en tant que souvenir typique de Minorque.<\/p>\n<p>Chez Ol\u00e9 Mosaic, nous nous sp\u00e9cialisons dans la distribution en gros de souvenirs authentiques, offrant aux boutiques de cadeaux touristiques des options de qualit\u00e9 qui refl\u00e8tent la richesse culturelle de l&rsquo;Espagne. Ce bol en noix de coco rouge est un excellent choix pour ceux qui recherchent des souvenirs uniques et repr\u00e9sentatifs de Minorque, alliant art, fonctionnalit\u00e9 et tradition en une seule pi\u00e8ce.<\/p>\n","protected":false},"excerpt":{"rendered":"<p>Bol en noix de coco rouge d\u00e9cor\u00e9 d&rsquo;un \u00e9l\u00e9gant hippocampe, symbole de Minorque. Ce bol attrayant affiche une combinaison d\u00e9licate de tons rouges et blancs, avec une finition brillante qui rehausse ses formes organiques. Le design inclut des d\u00e9tails inspir\u00e9s de la flore et de la faune marines, et son mat\u00e9riau en noix de coco lui apporte une touche naturelle et exotique. Id\u00e9al comme \u00e9l\u00e9ment d\u00e9coratif ou pour servir des ap\u00e9ritifs, capturant l&rsquo;essence m\u00e9diterran\u00e9enne.<\/p>\n","protected":false},"featured_media":11906,"template":"","meta":{"_acf_changed":false},"product_brand":[],"product_cat":[521],"product_tag":[530],"class_list":{"0":"post-29327","1":"product","2":"type-product","3":"status-publish","4":"has-post-thumbnail","6":"product_cat-bols","7":"product_tag-animaux","8":"pa_ciudad-menorca","9":"pa_motivo-hippocampes","10":"pa_pais-espana","12":"first","13":"instock","14":"shipping-taxable","15":"product-type-simple"},"acf":[],"_links":{"self":[{"href":"https:\/\/olemosaic.com\/fr\/wp-json\/wp\/v2\/product\/29327","targetHints":{"allow":["GET"]}}],"collection":[{"href":"https:\/\/olemosaic.com\/fr\/wp-json\/wp\/v2\/product"}],"about":[{"href":"https:\/\/olemosaic.com\/fr\/wp-json\/wp\/v2\/types\/product"}],"wp:featuredmedia":[{"embeddable":true,"href":"https:\/\/olemosaic.com\/fr\/wp-json\/wp\/v2\/media\/11906"}],"wp:attachment":[{"href":"https:\/\/olemosaic.com\/fr\/wp-json\/wp\/v2\/media?parent=29327"}],"wp:term":[{"taxonomy":"product_brand","embeddable":true,"href":"https:\/\/olemosaic.com\/fr\/wp-json\/wp\/v2\/product_brand?post=29327"},{"taxonomy":"product_cat","embeddable":true,"href":"https:\/\/olemosaic.com\/fr\/wp-json\/wp\/v2\/product_cat?post=29327"},{"taxonomy":"product_tag","embeddable":true,"href":"https:\/\/olemosaic.com\/fr\/wp-json\/wp\/v2\/product_tag?post=29327"}],"curies":[{"name":"wp","href":"https:\/\/api.w.org\/{rel}","templated":true}]}}