{"id":29316,"date":"2025-02-20T23:30:55","date_gmt":"2025-02-20T22:30:55","guid":{"rendered":"http:\/\/olemosaic.com\/producto\/bol-de-coco-rojo-caballito-de-mar-mallorca-2\/"},"modified":"2025-07-25T19:38:19","modified_gmt":"2025-07-25T17:38:19","slug":"bol-noix-de-coco-rouge-hippocampe-majorque-fr","status":"publish","type":"product","link":"https:\/\/olemosaic.com\/fr\/produit\/bol-noix-de-coco-rouge-hippocampe-majorque-fr\/","title":{"rendered":"Bol en noix de coco rouge. Hippocampe. Majorque. Bal\u00e9ares."},"content":{"rendered":"<p>Ce bol en noix de coco rouge, d\u00e9cor\u00e9 d&rsquo;un \u00e9l\u00e9gant hippocampe, est un symbole charmant de la beaut\u00e9 de Majorque. Avec son fond rouge vibrant et sa finition brillante qui le fait ressortir, il capture la lumi\u00e8re de mani\u00e8re captivante. Au centre, la silhouette de l&rsquo;hippocampe est d\u00e9licatement dessin\u00e9e dans une \u00e9l\u00e9gante couleur dor\u00e9e, un hommage \u00e0 la riche vie marine qui entoure l&rsquo;\u00eele. Juste en dessous de l&rsquo;hippocampe, le texte \u00ab\u00a0MALLORCA\u00a0\u00bb est pr\u00e9sent\u00e9 de mani\u00e8re pro\u00e9minente, renfor\u00e7ant son lien avec cette r\u00e9gion magique de la M\u00e9diterran\u00e9e.<\/p>\n<p>Le bord du bol est d\u00e9licatement orn\u00e9 d&rsquo;un cadre de mosa\u00efques color\u00e9es qui apportent une touche artistique et authentique, repr\u00e9sentative de la tradition majorquine de l&rsquo;artisanat de la c\u00e9ramique. Ce design donne non seulement du caract\u00e8re au bol, mais constitue \u00e9galement un excellent exemple du folklore attrayant et des coutumes culturelles de Majorque, o\u00f9 la mer et sa faune font partie de la vie quotidienne.<\/p>\n<p>Id\u00e9al comme souvenir ou pour ajouter un accent m\u00e9diterran\u00e9en \u00e0 n&rsquo;importe quel espace, ce bol en noix de coco rouge est une excellente option pour les touristes \u00e0 la recherche d&rsquo;un souvenir authentique et significatif de leur visite sur l&rsquo;\u00eele. Chez Ol\u00e9 Mosaic, nous nous sp\u00e9cialisons dans la distribution de souvenirs en gros, et ce bol encapsule l&rsquo;essence de Majorque, devenant une pi\u00e8ce parfaite pour les boutiques de cadeaux touristiques souhaitant offrir des produits uniques et de qualit\u00e9.<\/p>\n","protected":false},"excerpt":{"rendered":"<p>Bol en noix de coco rouge d\u00e9cor\u00e9 d&rsquo;un \u00e9l\u00e9gant hippocampe, inspir\u00e9 par la beaut\u00e9 de Majorque. Ce bol attrayant, fabriqu\u00e9 en noix de coco, pr\u00e9sente un fond rouge vibrant avec une finition brillante, mettant en valeur son design tr\u00e8s sp\u00e9cial. La silhouette de l&rsquo;hippocampe se d\u00e9tache au centre, accompagn\u00e9e du texte \u00ab\u00a0MALLORCA\u00a0\u00bb, le tout encadr\u00e9 par une mosa\u00efque qui ajoute une touche authentique et color\u00e9e \u00e0 sa d\u00e9coration. Id\u00e9al comme souvenir ou pour donner une touche m\u00e9diterran\u00e9enne \u00e0 n&rsquo;importe quel espace.<\/p>\n","protected":false},"featured_media":11776,"template":"","meta":{"_acf_changed":false},"product_brand":[],"product_cat":[521],"product_tag":[530],"class_list":{"0":"post-29316","1":"product","2":"type-product","3":"status-publish","4":"has-post-thumbnail","6":"product_cat-bols","7":"product_tag-animaux","8":"pa_ciudad-mallorca","9":"pa_motivo-hippocampes","10":"pa_pais-espana","12":"first","13":"instock","14":"shipping-taxable","15":"product-type-simple"},"acf":[],"_links":{"self":[{"href":"https:\/\/olemosaic.com\/fr\/wp-json\/wp\/v2\/product\/29316","targetHints":{"allow":["GET"]}}],"collection":[{"href":"https:\/\/olemosaic.com\/fr\/wp-json\/wp\/v2\/product"}],"about":[{"href":"https:\/\/olemosaic.com\/fr\/wp-json\/wp\/v2\/types\/product"}],"wp:featuredmedia":[{"embeddable":true,"href":"https:\/\/olemosaic.com\/fr\/wp-json\/wp\/v2\/media\/11776"}],"wp:attachment":[{"href":"https:\/\/olemosaic.com\/fr\/wp-json\/wp\/v2\/media?parent=29316"}],"wp:term":[{"taxonomy":"product_brand","embeddable":true,"href":"https:\/\/olemosaic.com\/fr\/wp-json\/wp\/v2\/product_brand?post=29316"},{"taxonomy":"product_cat","embeddable":true,"href":"https:\/\/olemosaic.com\/fr\/wp-json\/wp\/v2\/product_cat?post=29316"},{"taxonomy":"product_tag","embeddable":true,"href":"https:\/\/olemosaic.com\/fr\/wp-json\/wp\/v2\/product_tag?post=29316"}],"curies":[{"name":"wp","href":"https:\/\/api.w.org\/{rel}","templated":true}]}}