{"id":29315,"date":"2025-02-20T23:30:55","date_gmt":"2025-02-20T22:30:55","guid":{"rendered":"http:\/\/olemosaic.com\/producto\/bol-de-coco-rojo-caballito-de-mar\/"},"modified":"2025-07-25T20:13:12","modified_gmt":"2025-07-25T18:13:12","slug":"bol-noix-de-coco-rouge-hippocampe","status":"publish","type":"product","link":"https:\/\/olemosaic.com\/fr\/produit\/bol-noix-de-coco-rouge-hippocampe\/","title":{"rendered":"Bol en noix de coco rouge. Hippocampe."},"content":{"rendered":"<p>Ce bol en noix de coco rouge, d\u00e9cor\u00e9 d&rsquo;un d\u00e9licat hippocampe, est une pi\u00e8ce artisanale unique, id\u00e9ale pour ajouter une touche artistique et culturelle \u00e0 n&rsquo;importe quel espace. Son design \u00e9l\u00e9gant se distingue par des mosa\u00efques rouges, qui \u00e9voquent la profondeur et la beaut\u00e9 vibrante de la mer, cr\u00e9ant un contraste visuel saisissant avec la courbe douce de la pi\u00e8ce. L&rsquo;int\u00e9rieur du bol pr\u00e9sente une finition brillante qui met en valeur l&rsquo;image centrale : un hippocampe peint \u00e0 la main dans des tons dor\u00e9s sophistiqu\u00e9s. Ce d\u00e9tail n&#8217;embellit pas seulement le bol, mais symbolise \u00e9galement le lien avec le monde marin, si important dans les cultures c\u00f4ti\u00e8res.<\/p>\n<p>Fabriqu\u00e9 \u00e0 la main par des artisans locaux, ce bol allie fonctionnalit\u00e9 et d\u00e9coration, s&rsquo;av\u00e9rant parfait aussi bien comme \u00e9l\u00e9ment d\u00e9coratif sur une \u00e9tag\u00e8re que pour servir des ap\u00e9ritifs lors d&rsquo;une r\u00e9union. Ce souvenir repr\u00e9sente la riche tradition artisanale de l&rsquo;Espagne et du Portugal, o\u00f9 l&rsquo;art de la mosa\u00efque et la th\u00e9matique marine font partie du patrimoine culturel.<\/p>\n<p>Chez Ol\u00e9 Mosaic, nous nous sp\u00e9cialisons dans la distribution de souvenirs en gros, et ce bol en noix de coco rouge est une excellente option pour les boutiques de cadeaux touristiques \u00e0 la recherche de produits authentiques et de qualit\u00e9. Nous proposons une vari\u00e9t\u00e9 de souvenirs qui capturent l&rsquo;essence de la r\u00e9gion, parfaits pour les voyageurs qui souhaitent emporter avec eux un morceau de la culture maritime.<\/p>\n","protected":false},"excerpt":{"rendered":"<p>Bol en noix de coco rouge d\u00e9cor\u00e9 d&rsquo;un d\u00e9licat hippocampe, id\u00e9al pour donner une touche artistique et culturelle \u00e0 n&rsquo;importe quel espace. Ce produit artisanal pr\u00e9sente un design \u00e9l\u00e9gant avec des mosa\u00efques rouges \u00e9voquant la mer et ses cr\u00e9atures, mettant en valeur sa forme courbe. L&rsquo;hippocampe, design artisanal peint \u00e0 la main dans des tons dor\u00e9s sur une base brillante, apporte une finition sophistiqu\u00e9e. Parfait comme \u00e9l\u00e9ment d\u00e9coratif ou pour un usage fonctionnel.<\/p>\n","protected":false},"featured_media":11838,"template":"","meta":{"_acf_changed":false},"product_brand":[],"product_cat":[521],"product_tag":[530],"class_list":{"0":"post-29315","1":"product","2":"type-product","3":"status-publish","4":"has-post-thumbnail","6":"product_cat-bols","7":"product_tag-animaux","8":"pa_motivo-hippocampes","10":"first","11":"instock","12":"shipping-taxable","13":"product-type-simple"},"acf":[],"_links":{"self":[{"href":"https:\/\/olemosaic.com\/fr\/wp-json\/wp\/v2\/product\/29315","targetHints":{"allow":["GET"]}}],"collection":[{"href":"https:\/\/olemosaic.com\/fr\/wp-json\/wp\/v2\/product"}],"about":[{"href":"https:\/\/olemosaic.com\/fr\/wp-json\/wp\/v2\/types\/product"}],"wp:featuredmedia":[{"embeddable":true,"href":"https:\/\/olemosaic.com\/fr\/wp-json\/wp\/v2\/media\/11838"}],"wp:attachment":[{"href":"https:\/\/olemosaic.com\/fr\/wp-json\/wp\/v2\/media?parent=29315"}],"wp:term":[{"taxonomy":"product_brand","embeddable":true,"href":"https:\/\/olemosaic.com\/fr\/wp-json\/wp\/v2\/product_brand?post=29315"},{"taxonomy":"product_cat","embeddable":true,"href":"https:\/\/olemosaic.com\/fr\/wp-json\/wp\/v2\/product_cat?post=29315"},{"taxonomy":"product_tag","embeddable":true,"href":"https:\/\/olemosaic.com\/fr\/wp-json\/wp\/v2\/product_tag?post=29315"}],"curies":[{"name":"wp","href":"https:\/\/api.w.org\/{rel}","templated":true}]}}