{"id":29314,"date":"2025-02-20T23:30:55","date_gmt":"2025-02-20T22:30:55","guid":{"rendered":"http:\/\/olemosaic.com\/producto\/bol-de-coco-rojo-delfin-tenerife\/"},"modified":"2025-07-25T20:17:11","modified_gmt":"2025-07-25T18:17:11","slug":"bol-noix-de-coco-rouge-dauphin-tenerife","status":"publish","type":"product","link":"https:\/\/olemosaic.com\/fr\/produit\/bol-noix-de-coco-rouge-dauphin-tenerife\/","title":{"rendered":"Bol en noix de coco rouge. Dauphin. Tenerife."},"content":{"rendered":"<p>Ce bol en noix de coco rouge d\u00e9cor\u00e9 d&rsquo;un dauphin est une pi\u00e8ce exceptionnelle qui \u00e9voque la beaut\u00e9 naturelle et marine de Tenerife. Cr\u00e9\u00e9 \u00e0 partir de la coque de noix de coco, ce bol pr\u00e9sente un design artistique avec une finition lisse \u00e0 l&rsquo;int\u00e9rieur qui contraste parfaitement avec la d\u00e9coration ext\u00e9rieure vibrante dans les tons rouges dispos\u00e9s en forme de mosa\u00efque. Au centre, un dauphin dor\u00e9 se distingue, symbolisant la vie marine abondante dans les eaux des Canaries, ajoutant une touche d&rsquo;\u00e9l\u00e9gance et d&rsquo;authenticit\u00e9 \u00e0 la pi\u00e8ce.<\/p>\n<p>La combinaison de couleurs vives et l&rsquo;utilisation du mat\u00e9riau naturel de la noix de coco soulignent la diversit\u00e9 culturelle des \u00eeles Canaries, o\u00f9 le dauphin est un symbole tr\u00e8s appr\u00e9ci\u00e9 et repr\u00e9sentatif. Ce bol sert non seulement d&rsquo;objet d\u00e9coratif attrayant, mais aussi de souvenir unique capturant l&rsquo;essence de l&rsquo;\u00eele, ce qui en fait un cadeau id\u00e9al pour ceux qui souhaitent emporter un morceau de Tenerife. Parfait pour un usage quotidien ou comme \u00e9l\u00e9ment d\u00e9coratif dans n&rsquo;importe quel foyer, ce bol en noix de coco rouge est une excellente option pour les boutiques de cadeaux touristiques.<\/p>\n<p>Chez Ol\u00e9 Mosaic, nous nous consacrons \u00e0 la distribution de souvenirs en gros, proposant des produits qui refl\u00e8tent le riche h\u00e9ritage culturel de l&rsquo;Espagne. Ce bol en noix de coco est un souvenir de Tenerife qui connecte avec la nature, la culture et l&rsquo;art des \u00eeles Canaries, id\u00e9al pour ceux qui recherchent des souvenirs authentiques et significatifs.<\/p>\n","protected":false},"excerpt":{"rendered":"<p>Bol en noix de coco rouge d\u00e9cor\u00e9 d&rsquo;un dauphin, inspir\u00e9 par la beaut\u00e9 marine de Tenerife. Ce bol \u00e9l\u00e9gant pr\u00e9sente une finition lisse \u00e0 l&rsquo;int\u00e9rieur, tandis que l&rsquo;ext\u00e9rieur est orn\u00e9 de tons rouges sous forme de mosa\u00efque. Au centre, un design tr\u00e8s sp\u00e9cial de dauphin dor\u00e9 se distingue. La combinaison de couleurs vibrantes et l&rsquo;utilisation de la noix de coco, un mat\u00e9riau naturel, font de ce bol un souvenir unique capturant l&rsquo;essence de la culture canarienne. Id\u00e9al pour la d\u00e9coration ou un usage quotidien.<\/p>\n","protected":false},"featured_media":11930,"template":"","meta":{"_acf_changed":false},"product_brand":[],"product_cat":[521],"product_tag":[530],"class_list":{"0":"post-29314","1":"product","2":"type-product","3":"status-publish","4":"has-post-thumbnail","6":"product_cat-bols","7":"product_tag-animaux","8":"pa_ciudad-tenerife","9":"pa_motivo-dauphins","10":"pa_pais-espana","12":"first","13":"instock","14":"shipping-taxable","15":"product-type-simple"},"acf":[],"_links":{"self":[{"href":"https:\/\/olemosaic.com\/fr\/wp-json\/wp\/v2\/product\/29314","targetHints":{"allow":["GET"]}}],"collection":[{"href":"https:\/\/olemosaic.com\/fr\/wp-json\/wp\/v2\/product"}],"about":[{"href":"https:\/\/olemosaic.com\/fr\/wp-json\/wp\/v2\/types\/product"}],"wp:featuredmedia":[{"embeddable":true,"href":"https:\/\/olemosaic.com\/fr\/wp-json\/wp\/v2\/media\/11930"}],"wp:attachment":[{"href":"https:\/\/olemosaic.com\/fr\/wp-json\/wp\/v2\/media?parent=29314"}],"wp:term":[{"taxonomy":"product_brand","embeddable":true,"href":"https:\/\/olemosaic.com\/fr\/wp-json\/wp\/v2\/product_brand?post=29314"},{"taxonomy":"product_cat","embeddable":true,"href":"https:\/\/olemosaic.com\/fr\/wp-json\/wp\/v2\/product_cat?post=29314"},{"taxonomy":"product_tag","embeddable":true,"href":"https:\/\/olemosaic.com\/fr\/wp-json\/wp\/v2\/product_tag?post=29314"}],"curies":[{"name":"wp","href":"https:\/\/api.w.org\/{rel}","templated":true}]}}