{"id":29313,"date":"2025-02-20T22:30:55","date_gmt":"2025-02-20T22:30:55","guid":{"rendered":"http:\/\/olemosaic.com\/producto\/bol-de-coco-rojo-salamandra-tenerife\/"},"modified":"2025-07-25T19:16:55","modified_gmt":"2025-07-25T17:16:55","slug":"bol-noix-de-coco-rouge-salamandre-tenerife","status":"publish","type":"product","link":"https:\/\/olemosaic.com\/fr\/produit\/bol-noix-de-coco-rouge-salamandre-tenerife\/","title":{"rendered":"Bol en noix de coco rouge. Salamandre. Tenerife."},"content":{"rendered":"<p>Ce bol en noix de coco rouge d\u00e9cor\u00e9 de motifs de salamandre est une pi\u00e8ce unique qui capture l&rsquo;essence de la riche biodiversit\u00e9 de Tenerife. Fabriqu\u00e9 \u00e0 partir d&rsquo;une coque de noix de coco recycl\u00e9e, ce bol \u00e9l\u00e9gant pr\u00e9sente un design vibrant dans les tons rouges et dor\u00e9s, avec des textures complexes qui \u00e9voquent la faune locale et les traditions artisanales de l&rsquo;\u00eele. Au centre, une impressionnante salamandre dor\u00e9e se distingue, symbole de la nature tropicale de Tenerife, apportant une touche distinctive et captivante. Ce bol n&rsquo;est pas seulement une pi\u00e8ce d\u00e9corative exceptionnelle, il peut \u00e9galement \u00eatre utilis\u00e9 au quotidien, fusionnant fonctionnalit\u00e9 et style. L&rsquo;artisanat du bol refl\u00e8te l&rsquo;engagement envers la durabilit\u00e9 et la conservation de la richesse naturelle de la r\u00e9gion, faisant de ce souvenir un v\u00e9ritable rappel de la beaut\u00e9 de Tenerife. Parfait pour les touristes \u00e0 la recherche d&rsquo;un cadeau repr\u00e9sentatif et culturel, ce bol est id\u00e9al pour les boutiques de souvenirs touristiques souhaitant proposer des produits uniques et de qualit\u00e9. Chez Ol\u00e9 Mosaic, en tant que grossistes de souvenirs de Tenerife, nous garantissons l&rsquo;authenticit\u00e9 et le design de chaque article que nous distribuons.<\/p>\n","protected":false},"excerpt":{"rendered":"<p>Bol en noix de coco rouge, d\u00e9cor\u00e9 de motifs de salamandres, repr\u00e9sentant la richesse naturelle de Tenerife. Ce bol \u00e9l\u00e9gant, fabriqu\u00e9 \u00e0 partir de coque de noix de coco, pr\u00e9sente un design vibrant dans les tons rouges et dor\u00e9s, avec des textures complexes \u00e9voquant la faune locale. La salamandre dor\u00e9e se d\u00e9tache au centre, apportant une touche distinctive. Id\u00e9al comme pi\u00e8ce d\u00e9corative ou pour un usage quotidien, ce bol allie artisanat traditionnel et style moderne captivant.<\/p>\n","protected":false},"featured_media":10124,"template":"","meta":{"_acf_changed":false},"product_brand":[],"product_cat":[521],"product_tag":[530],"class_list":{"0":"post-29313","1":"product","2":"type-product","3":"status-publish","4":"has-post-thumbnail","6":"product_cat-bols","7":"product_tag-animaux","8":"pa_ciudad-tenerife","9":"pa_motivo-salamandres","10":"pa_pais-espana","12":"first","13":"instock","14":"shipping-taxable","15":"product-type-simple"},"acf":[],"_links":{"self":[{"href":"https:\/\/olemosaic.com\/fr\/wp-json\/wp\/v2\/product\/29313","targetHints":{"allow":["GET"]}}],"collection":[{"href":"https:\/\/olemosaic.com\/fr\/wp-json\/wp\/v2\/product"}],"about":[{"href":"https:\/\/olemosaic.com\/fr\/wp-json\/wp\/v2\/types\/product"}],"wp:featuredmedia":[{"embeddable":true,"href":"https:\/\/olemosaic.com\/fr\/wp-json\/wp\/v2\/media\/10124"}],"wp:attachment":[{"href":"https:\/\/olemosaic.com\/fr\/wp-json\/wp\/v2\/media?parent=29313"}],"wp:term":[{"taxonomy":"product_brand","embeddable":true,"href":"https:\/\/olemosaic.com\/fr\/wp-json\/wp\/v2\/product_brand?post=29313"},{"taxonomy":"product_cat","embeddable":true,"href":"https:\/\/olemosaic.com\/fr\/wp-json\/wp\/v2\/product_cat?post=29313"},{"taxonomy":"product_tag","embeddable":true,"href":"https:\/\/olemosaic.com\/fr\/wp-json\/wp\/v2\/product_tag?post=29313"}],"curies":[{"name":"wp","href":"https:\/\/api.w.org\/{rel}","templated":true}]}}