{"id":29300,"date":"2025-02-20T23:30:54","date_gmt":"2025-02-20T22:30:54","guid":{"rendered":"http:\/\/olemosaic.com\/producto\/bol-de-coco-rojo-delfin-barcelona-3\/"},"modified":"2025-07-25T20:17:34","modified_gmt":"2025-07-25T18:17:34","slug":"bol-de-coco-rouge-dauphin-barcelone-3","status":"publish","type":"product","link":"https:\/\/olemosaic.com\/fr\/produit\/bol-de-coco-rouge-dauphin-barcelone-3\/","title":{"rendered":"Bol de coco rouge. Dauphin. Barcelone. Motif c\u0153urs."},"content":{"rendered":"<p>Ce bol de coco rouge d\u00e9cor\u00e9 de dauphins est un souvenir unique et pr\u00e9cieux de Barcelone qui capture la joie et le dynamisme de la vie marine. Fabriqu\u00e9 \u00e0 la main, le bol pr\u00e9sente un design vibrant peint dans les tons rouges et noirs, o\u00f9 deux dauphins stylis\u00e9s nagent avec \u00e9l\u00e9gance, entour\u00e9s de c\u0153urs d\u00e9licats qui apportent une touche romantique et amusante. Au centre, le mot \u00ab\u00a0Barcelona\u00a0\u00bb se d\u00e9tache clairement, faisant de ce bol le souvenir parfait pour ceux qui cherchent \u00e0 emporter un petit morceau de cette ville embl\u00e9matique.<\/p>\n<p>La combinaison de la couleur rouge vibrante et du fond noir cr\u00e9e un contraste visuel percutant, id\u00e9al aussi bien comme \u00e9l\u00e9ment d\u00e9coratif dans la maison que pour servir des ap\u00e9ritifs ou des bonbons lors d&rsquo;une r\u00e9union. Cet article ne repr\u00e9sente pas seulement la beaut\u00e9 du littoral barcelonais, mais c\u00e9l\u00e8bre \u00e9galement le lien culturel avec la mer et la faune qui l&rsquo;habite.<\/p>\n<p>Chez Ol\u00e9 Mosaic, les souvenirs de Barcelone sont con\u00e7us pour attirer les touristes en qu\u00eate d&rsquo;authenticit\u00e9 et de qualit\u00e9. Notre bol de coco est une excellente option pour les boutiques de cadeaux touristiques souhaitant proposer des produits distinctifs et pleins de sens. En tant que distributeurs de souvenirs, nous garantissons que chaque pi\u00e8ce encapsule l&rsquo;essence de la culture locale, faisant de ce bol un choix id\u00e9al pour les amoureux de la cit\u00e9 comtale et de sa riche tradition.<\/p>\n","protected":false},"excerpt":{"rendered":"<p>Bol de coco rouge d\u00e9cor\u00e9 de dauphins, inspir\u00e9 par la vibrante Barcelone. Cet article attrayant pr\u00e9sente un design artisanal, peint \u00e0 la main, avec des dauphins stylis\u00e9s sur un fond de tons rouges et noirs, parsem\u00e9 de petits c\u0153urs. Au centre, le mot \u00ab\u00a0Barcelona\u00a0\u00bb se d\u00e9tache \u00e9l\u00e9gamment, faisant de ce bol une pi\u00e8ce unique qui capture l&rsquo;esprit local et l&rsquo;amour de la mer, id\u00e9al comme souvenir ou \u00e9l\u00e9ment d\u00e9coratif.<\/p>\n","protected":false},"featured_media":10264,"template":"","meta":{"_acf_changed":false},"product_brand":[],"product_cat":[521],"product_tag":[530],"class_list":{"0":"post-29300","1":"product","2":"type-product","3":"status-publish","4":"has-post-thumbnail","6":"product_cat-bols","7":"product_tag-animaux","8":"pa_ciudad-barcelona","9":"pa_motivo-dauphins","10":"pa_pais-espana","12":"first","13":"instock","14":"shipping-taxable","15":"product-type-simple"},"acf":[],"_links":{"self":[{"href":"https:\/\/olemosaic.com\/fr\/wp-json\/wp\/v2\/product\/29300","targetHints":{"allow":["GET"]}}],"collection":[{"href":"https:\/\/olemosaic.com\/fr\/wp-json\/wp\/v2\/product"}],"about":[{"href":"https:\/\/olemosaic.com\/fr\/wp-json\/wp\/v2\/types\/product"}],"wp:featuredmedia":[{"embeddable":true,"href":"https:\/\/olemosaic.com\/fr\/wp-json\/wp\/v2\/media\/10264"}],"wp:attachment":[{"href":"https:\/\/olemosaic.com\/fr\/wp-json\/wp\/v2\/media?parent=29300"}],"wp:term":[{"taxonomy":"product_brand","embeddable":true,"href":"https:\/\/olemosaic.com\/fr\/wp-json\/wp\/v2\/product_brand?post=29300"},{"taxonomy":"product_cat","embeddable":true,"href":"https:\/\/olemosaic.com\/fr\/wp-json\/wp\/v2\/product_cat?post=29300"},{"taxonomy":"product_tag","embeddable":true,"href":"https:\/\/olemosaic.com\/fr\/wp-json\/wp\/v2\/product_tag?post=29300"}],"curies":[{"name":"wp","href":"https:\/\/api.w.org\/{rel}","templated":true}]}}