{"id":29299,"date":"2025-02-20T23:30:54","date_gmt":"2025-02-20T22:30:54","guid":{"rendered":"http:\/\/olemosaic.com\/producto\/bol-de-coco-rojo-isla-tenerife\/"},"modified":"2025-07-25T18:58:43","modified_gmt":"2025-07-25T16:58:43","slug":"bol-de-coco-rouge-ile-tenerife","status":"publish","type":"product","link":"https:\/\/olemosaic.com\/fr\/produit\/bol-de-coco-rouge-ile-tenerife\/","title":{"rendered":"Bol de coco rouge. \u00cele. Tenerife."},"content":{"rendered":"<p>Ce bol de coco rouge, d\u00e9cor\u00e9 \u00e0 la main, est un souvenir exquis qui capture l&rsquo;essence de la beaut\u00e9 naturelle de Tenerife. Avec un design tr\u00e8s sp\u00e9cial, ce bol pr\u00e9sente un bord marron fonc\u00e9 qui souligne la palette vibrante de tons rouges et roses de sa surface, \u00e9voquant le paysage idyllique de l&rsquo;\u00eele canarienne. La partie int\u00e9rieure du bol brille d&rsquo;une luminosit\u00e9 qui refl\u00e8te la lumi\u00e8re, rehaussant son attrait esth\u00e9tique et fonctionnel. Sa forme ovale et douce en fait un choix id\u00e9al, non seulement pour servir des ap\u00e9ritifs, mais aussi comme pi\u00e8ce d\u00e9corative dans n&rsquo;importe quel foyer.<\/p>\n<p>Le travail artisanal derri\u00e8re ce bol refl\u00e8te les traditions de Tenerife, o\u00f9 la nature et la cr\u00e9ativit\u00e9 s&rsquo;entrelacent pour donner naissance \u00e0 des \u0153uvres uniques. Cet article ne repr\u00e9sente pas seulement un souvenir de l&rsquo;\u00eele, mais sert \u00e9galement de symbole de l&rsquo;art local et de la culture canarienne, ce qui en fait un excellent souvenir pour ceux qui cherchent \u00e0 emporter un morceau authentique de la r\u00e9gion.<\/p>\n<p>Chez Ol\u00e9 Mosaic, nous proposons ce bol de coco rouge dans le cadre de notre collection de souvenirs de Tenerife, en soulignant son authenticit\u00e9 et sa pertinence culturelle. Id\u00e9al pour les boutiques de cadeaux touristiques, ce bol est un choix parfait pour ceux qui recherchent des produits capturant l&rsquo;essence de leur visite aux \u00eeles Canaries et la richesse de leur patrimoine.<\/p>\n","protected":false},"excerpt":{"rendered":"<p>Bol de coco rouge d\u00e9cor\u00e9 dans un style artisanal, inspir\u00e9 par la beaut\u00e9 naturelle de Tenerife. Ce bol attrayant pr\u00e9sente un design tr\u00e8s sp\u00e9cial, avec un bord marron fonc\u00e9 et des d\u00e9tails dans les tons rouges et roses, \u00e9voquant le paysage vibrant de l&rsquo;\u00eele. La surface int\u00e9rieure brillante refl\u00e8te la lumi\u00e8re, tandis que la silhouette ovale et douce du bol en fait un choix id\u00e9al pour servir des ap\u00e9ritifs ou comme pi\u00e8ce d\u00e9corative. Un souvenir qui capture l&rsquo;essence du charme canarien.<\/p>\n","protected":false},"featured_media":11918,"template":"","meta":{"_acf_changed":false},"product_brand":[],"product_cat":[521],"product_tag":[],"class_list":{"0":"post-29299","1":"product","2":"type-product","3":"status-publish","4":"has-post-thumbnail","6":"product_cat-bols","7":"pa_ciudad-tenerife","8":"pa_motivo-iles","9":"pa_pais-espana","11":"first","12":"instock","13":"shipping-taxable","14":"product-type-simple"},"acf":[],"_links":{"self":[{"href":"https:\/\/olemosaic.com\/fr\/wp-json\/wp\/v2\/product\/29299","targetHints":{"allow":["GET"]}}],"collection":[{"href":"https:\/\/olemosaic.com\/fr\/wp-json\/wp\/v2\/product"}],"about":[{"href":"https:\/\/olemosaic.com\/fr\/wp-json\/wp\/v2\/types\/product"}],"wp:featuredmedia":[{"embeddable":true,"href":"https:\/\/olemosaic.com\/fr\/wp-json\/wp\/v2\/media\/11918"}],"wp:attachment":[{"href":"https:\/\/olemosaic.com\/fr\/wp-json\/wp\/v2\/media?parent=29299"}],"wp:term":[{"taxonomy":"product_brand","embeddable":true,"href":"https:\/\/olemosaic.com\/fr\/wp-json\/wp\/v2\/product_brand?post=29299"},{"taxonomy":"product_cat","embeddable":true,"href":"https:\/\/olemosaic.com\/fr\/wp-json\/wp\/v2\/product_cat?post=29299"},{"taxonomy":"product_tag","embeddable":true,"href":"https:\/\/olemosaic.com\/fr\/wp-json\/wp\/v2\/product_tag?post=29299"}],"curies":[{"name":"wp","href":"https:\/\/api.w.org\/{rel}","templated":true}]}}