{"id":29298,"date":"2025-02-20T22:30:54","date_gmt":"2025-02-20T22:30:54","guid":{"rendered":"http:\/\/olemosaic.com\/producto\/bol-de-coco-rojo-gran-canaria\/"},"modified":"2025-07-25T19:40:55","modified_gmt":"2025-07-25T17:40:55","slug":"bol-de-coco-rouge-grande-canarie","status":"publish","type":"product","link":"https:\/\/olemosaic.com\/fr\/produit\/bol-de-coco-rouge-grande-canarie\/","title":{"rendered":"Bol de coco rouge. Grande Canarie."},"content":{"rendered":"<p>Ce bol de coco rouge de Grande Canarie est une pi\u00e8ce d\u00e9corative exceptionnelle qui capture l&rsquo;essence vibrante des \u00eeles Canaries. Son ext\u00e9rieur est orn\u00e9 d&rsquo;un design spectaculaire dans les tons rouges et dor\u00e9s, \u00e9voquant les paysages chauds et color\u00e9s de la r\u00e9gion. Chaque bol est finement \u00e9labor\u00e9 selon une technique artisanale qui met en valeur des motifs complexes, ce qui en fait une v\u00e9ritable \u0153uvre d&rsquo;art. \u00c0 l&rsquo;int\u00e9rieur, le nom \u00ab\u00a0Gran Canaria\u00a0\u00bb est pr\u00e9sent\u00e9 en lettres dor\u00e9es, ajoutant une touche distinctive et \u00e9l\u00e9gante. Ce bol ne sert pas seulement de magnifique compl\u00e9ment d\u00e9coratif, mais il est \u00e9galement id\u00e9al pour ceux qui cherchent \u00e0 ajouter des souvenirs authentiques de l&rsquo;\u00eele \u00e0 leur collection.<\/p>\n<p>Le lien culturel de ce bol r\u00e9side dans son reflet de la riche tradition artisanale de Grande Canarie, o\u00f9 l&rsquo;utilisation de mat\u00e9riaux naturels et de designs inspir\u00e9s par la nature fait partie int\u00e9grante de la culture locale. C&rsquo;est un souvenir repr\u00e9sentatif parfait pour les touristes qui souhaitent emporter un morceau de la merveilleuse esth\u00e9tique canarienne. Chez Ol\u00e9 Mosaic, nous nous sp\u00e9cialisons dans la distribution de souvenirs en gros et ce bol de coco rouge est une excellente option pour les boutiques de cadeaux touristiques cherchant \u00e0 offrir des produits originaux et significatifs. En tant que grossistes de souvenirs, nous garantissons l&rsquo;authenticit\u00e9 et la valeur culturelle de chaque article que nous distribuons.<\/p>\n","protected":false},"excerpt":{"rendered":"<p>Bol de coco rouge de Grande Canarie, d\u00e9cor\u00e9 d&rsquo;un design vibrant dans les tons rouges et dor\u00e9s \u00e9voquant le paysage color\u00e9 des \u00eeles Canaries. Ce bol, finement \u00e9labor\u00e9, met en valeur des motifs complexes sur son ext\u00e9rieur, cr\u00e9\u00e9s avec une technique artisanale. \u00c0 l&rsquo;int\u00e9rieur, le nom \u00ab\u00a0Gran Canaria\u00a0\u00bb est pr\u00e9sent\u00e9 en lettres dor\u00e9es, ajoutant une touche distinctive. Id\u00e9al comme objet d\u00e9coratif ou compl\u00e9ment pour toute collection de souvenirs.<\/p>\n","protected":false},"featured_media":10101,"template":"","meta":{"_acf_changed":false},"product_brand":[],"product_cat":[521],"product_tag":[],"class_list":{"0":"post-29298","1":"product","2":"type-product","3":"status-publish","4":"has-post-thumbnail","6":"product_cat-bols","7":"pa_ciudad-gran-canaria","8":"pa_pais-espana","10":"first","11":"instock","12":"shipping-taxable","13":"product-type-simple"},"acf":[],"_links":{"self":[{"href":"https:\/\/olemosaic.com\/fr\/wp-json\/wp\/v2\/product\/29298","targetHints":{"allow":["GET"]}}],"collection":[{"href":"https:\/\/olemosaic.com\/fr\/wp-json\/wp\/v2\/product"}],"about":[{"href":"https:\/\/olemosaic.com\/fr\/wp-json\/wp\/v2\/types\/product"}],"wp:featuredmedia":[{"embeddable":true,"href":"https:\/\/olemosaic.com\/fr\/wp-json\/wp\/v2\/media\/10101"}],"wp:attachment":[{"href":"https:\/\/olemosaic.com\/fr\/wp-json\/wp\/v2\/media?parent=29298"}],"wp:term":[{"taxonomy":"product_brand","embeddable":true,"href":"https:\/\/olemosaic.com\/fr\/wp-json\/wp\/v2\/product_brand?post=29298"},{"taxonomy":"product_cat","embeddable":true,"href":"https:\/\/olemosaic.com\/fr\/wp-json\/wp\/v2\/product_cat?post=29298"},{"taxonomy":"product_tag","embeddable":true,"href":"https:\/\/olemosaic.com\/fr\/wp-json\/wp\/v2\/product_tag?post=29298"}],"curies":[{"name":"wp","href":"https:\/\/api.w.org\/{rel}","templated":true}]}}