{"id":29297,"date":"2025-02-20T23:30:53","date_gmt":"2025-02-20T22:30:53","guid":{"rendered":"http:\/\/olemosaic.com\/producto\/bol-de-coco-rojo-delfin-barcelona-2\/"},"modified":"2025-07-25T19:12:00","modified_gmt":"2025-07-25T17:12:00","slug":"bol-de-coco-rouge-dauphin-barcelone-2","status":"publish","type":"product","link":"https:\/\/olemosaic.com\/fr\/produit\/bol-de-coco-rouge-dauphin-barcelone-2\/","title":{"rendered":"Bol de coco rouge. Dauphin. Style m\u00e9diterran\u00e9en. Barcelone."},"content":{"rendered":"<p>Ce bol de coco rouge avec un dauphin illustr\u00e9 est un souvenir embl\u00e9matique de Barcelone, cr\u00e9\u00e9 pour ceux qui souhaitent emporter un morceau de la vibrante culture m\u00e9diterran\u00e9enne. Son design tr\u00e8s sp\u00e9cial inclut une finition brillante d&rsquo;un rouge intense attrayant, \u00e9voquant la chaleur et l&rsquo;\u00e9nergie de la cit\u00e9 comtale. La pi\u00e8ce est d\u00e9licatement d\u00e9cor\u00e9e de d\u00e9tails simulant les vagues de la mer, compl\u00e9tant son esth\u00e9tique et renfor\u00e7ant sa connexion avec l&rsquo;environnement marin qui entoure Barcelone.<\/p>\n<p>Au centre du bol, l&rsquo;image d&rsquo;un dauphin agile se d\u00e9tache, symbole de la faune marine habitant les eaux proches, \u00e9voquant la libert\u00e9 et la joie. Juste en dessous, le nom \u00ab\u00a0Barcelone\u00a0\u00bb est inscrit dans un style moderne, capturant l&rsquo;essence cosmopolite de la ville et sa richesse culturelle. Ce bol n&rsquo;est pas seulement un ajout spectaculaire \u00e0 n&rsquo;importe quelle table, mais aussi une repr\u00e9sentation authentique de l&rsquo;h\u00e9ritage artistique de la r\u00e9gion.<\/p>\n<p>Id\u00e9al comme souvenir, ce bol est parfait pour les touristes \u00e0 la recherche d&rsquo;une pi\u00e8ce unique et significative \u00e0 se rem\u00e9morer, tout en montrant le style et la tradition de Barcelone. Chez Ol\u00e9 Mosaic, nous sommes fiers d&rsquo;\u00eatre des distributeurs en gros de produits authentiques et culturels comme celui-ci, offrant aux boutiques de souvenirs touristiques l&rsquo;opportunit\u00e9 de proposer \u00e0 leurs clients un souvenir m\u00e9morable de leur visite dans cette ville merveilleuse.<\/p>\n","protected":false},"excerpt":{"rendered":"<p>Bol de coco rouge avec une illustration de dauphin, inspir\u00e9 par la culture vibrante de Barcelone. Ce bol original combine un design tr\u00e8s sp\u00e9cial avec une finition brillante d&rsquo;un rouge attrayant, d\u00e9cor\u00e9 de d\u00e9tails \u00e9voquant les vagues de la mer. Au centre se trouve l&rsquo;image d&rsquo;un dauphin, accompagn\u00e9e du nom \u00ab\u00a0Barcelone\u00a0\u00bb dans un style moderne, capturant l&rsquo;essence de la M\u00e9diterran\u00e9e et de sa faune marine. Id\u00e9al comme souvenir ou pour apporter une touche sp\u00e9ciale \u00e0 n&rsquo;importe quelle table.<\/p>\n","protected":false},"featured_media":11760,"template":"","meta":{"_acf_changed":false},"product_brand":[],"product_cat":[521],"product_tag":[530],"class_list":{"0":"post-29297","1":"product","2":"type-product","3":"status-publish","4":"has-post-thumbnail","6":"product_cat-bols","7":"product_tag-animaux","8":"pa_ciudad-barcelona","9":"pa_motivo-dauphins","10":"pa_pais-espana","12":"first","13":"instock","14":"shipping-taxable","15":"product-type-simple"},"acf":[],"_links":{"self":[{"href":"https:\/\/olemosaic.com\/fr\/wp-json\/wp\/v2\/product\/29297","targetHints":{"allow":["GET"]}}],"collection":[{"href":"https:\/\/olemosaic.com\/fr\/wp-json\/wp\/v2\/product"}],"about":[{"href":"https:\/\/olemosaic.com\/fr\/wp-json\/wp\/v2\/types\/product"}],"wp:featuredmedia":[{"embeddable":true,"href":"https:\/\/olemosaic.com\/fr\/wp-json\/wp\/v2\/media\/11760"}],"wp:attachment":[{"href":"https:\/\/olemosaic.com\/fr\/wp-json\/wp\/v2\/media?parent=29297"}],"wp:term":[{"taxonomy":"product_brand","embeddable":true,"href":"https:\/\/olemosaic.com\/fr\/wp-json\/wp\/v2\/product_brand?post=29297"},{"taxonomy":"product_cat","embeddable":true,"href":"https:\/\/olemosaic.com\/fr\/wp-json\/wp\/v2\/product_cat?post=29297"},{"taxonomy":"product_tag","embeddable":true,"href":"https:\/\/olemosaic.com\/fr\/wp-json\/wp\/v2\/product_tag?post=29297"}],"curies":[{"name":"wp","href":"https:\/\/api.w.org\/{rel}","templated":true}]}}