{"id":29293,"date":"2025-02-20T22:30:53","date_gmt":"2025-02-20T22:30:53","guid":{"rendered":"http:\/\/olemosaic.com\/producto\/bol-de-coco-rojo-camello-lanzarote\/"},"modified":"2025-07-25T18:42:50","modified_gmt":"2025-07-25T16:42:50","slug":"bol-noix-de-coco-rouge-chameau-lanzarote","status":"publish","type":"product","link":"https:\/\/olemosaic.com\/fr\/produit\/bol-noix-de-coco-rouge-chameau-lanzarote\/","title":{"rendered":"Bol en noix de coco rouge. Chameau. Lanzarote."},"content":{"rendered":"<p>Ce bol en noix de coco rouge avec une d\u00e9coration de chameau est une pi\u00e8ce exceptionnelle qui rend hommage \u00e0 la culture unique de Lanzarote. Fabriqu\u00e9 avec une finition en noix de coco, il pr\u00e9sente un magnifique design incurv\u00e9 orn\u00e9 de taches dans des tons rouges vibrants, qui captent imm\u00e9diatement l&rsquo;attention. Son int\u00e9rieur, soigneusement fini, se distingue par un motif \u00e9voquant la connexion de l&rsquo;archipel canarien avec les d\u00e9serts, symbolis\u00e9e par l&rsquo;\u00e9l\u00e9gante illustration d&rsquo;un chameau. Ce d\u00e9tail ajoute non seulement une touche d&rsquo;exotisme au bol, mais souligne \u00e9galement l&rsquo;identit\u00e9 culturelle de Lanzarote, o\u00f9 l&rsquo;influence du pass\u00e9 et la nature fusionnent en parfaite harmonie.<\/p>\n<p>Le chameau, \u00e9l\u00e9ment embl\u00e9matique de l&rsquo;histoire et de la tradition de la r\u00e9gion, invite \u00e0 emporter un morceau de Lanzarote dans n&rsquo;importe quel foyer, faisant de ce bol un excellent souvenir qui allie fonctionnalit\u00e9 et esth\u00e9tique. Que ce soit comme objet d\u00e9coratif ou comme accessoire pratique pour servir des ap\u00e9ritifs, son design artistique le fait ressortir dans n&rsquo;importe quel espace. Chez Ol\u00e9 Mosaic, leader de la distribution de souvenirs en gros, nous proposons ce bol comme une option id\u00e9ale pour les boutiques de cadeaux touristiques recherchant des produits authentiques et repr\u00e9sentatifs de la culture canarienne. Ce bol en noix de coco rouge n&rsquo;est pas seulement un beau souvenir, mais aussi un t\u00e9moignage du riche patrimoine culturel de Lanzarote, parfait pour les touristes \u00e0 la recherche de souvenirs uniques.<\/p>\n","protected":false},"excerpt":{"rendered":"<p>Bol en noix de coco rouge avec d\u00e9coration de chameau, inspir\u00e9 par la culture de Lanzarote. Ce bol \u00e9l\u00e9gant pr\u00e9sente une finition en noix de coco avec des taches rouges et est orn\u00e9 d&rsquo;une illustration de chameau symbolisant la connexion de l&rsquo;archipel avec le d\u00e9sert. Son design incurv\u00e9 et ses d\u00e9tails artistiques lui donnent un air exotique, en faisant un \u00e9l\u00e9ment d\u00e9coratif attrayant et fonctionnel \u00e0 la fois, id\u00e9al pour ajouter une touche canarienne \u00e0 n&rsquo;importe quel foyer.<\/p>\n","protected":false},"featured_media":12001,"template":"","meta":{"_acf_changed":false},"product_brand":[],"product_cat":[521],"product_tag":[530],"class_list":{"0":"post-29293","1":"product","2":"type-product","3":"status-publish","4":"has-post-thumbnail","6":"product_cat-bols","7":"product_tag-animaux","8":"pa_ciudad-lanzarote","9":"pa_motivo-chameaux","10":"pa_pais-espana","12":"first","13":"instock","14":"shipping-taxable","15":"product-type-simple"},"acf":[],"_links":{"self":[{"href":"https:\/\/olemosaic.com\/fr\/wp-json\/wp\/v2\/product\/29293","targetHints":{"allow":["GET"]}}],"collection":[{"href":"https:\/\/olemosaic.com\/fr\/wp-json\/wp\/v2\/product"}],"about":[{"href":"https:\/\/olemosaic.com\/fr\/wp-json\/wp\/v2\/types\/product"}],"wp:featuredmedia":[{"embeddable":true,"href":"https:\/\/olemosaic.com\/fr\/wp-json\/wp\/v2\/media\/12001"}],"wp:attachment":[{"href":"https:\/\/olemosaic.com\/fr\/wp-json\/wp\/v2\/media?parent=29293"}],"wp:term":[{"taxonomy":"product_brand","embeddable":true,"href":"https:\/\/olemosaic.com\/fr\/wp-json\/wp\/v2\/product_brand?post=29293"},{"taxonomy":"product_cat","embeddable":true,"href":"https:\/\/olemosaic.com\/fr\/wp-json\/wp\/v2\/product_cat?post=29293"},{"taxonomy":"product_tag","embeddable":true,"href":"https:\/\/olemosaic.com\/fr\/wp-json\/wp\/v2\/product_tag?post=29293"}],"curies":[{"name":"wp","href":"https:\/\/api.w.org\/{rel}","templated":true}]}}