{"id":29292,"date":"2025-02-20T23:30:53","date_gmt":"2025-02-20T22:30:53","guid":{"rendered":"http:\/\/olemosaic.com\/producto\/bol-de-coco-rojo-tenerife\/"},"modified":"2025-07-25T20:27:58","modified_gmt":"2025-07-25T18:27:58","slug":"bol-noix-de-coco-rouge-tenerife","status":"publish","type":"product","link":"https:\/\/olemosaic.com\/fr\/produit\/bol-noix-de-coco-rouge-tenerife\/","title":{"rendered":"Bol en noix de coco rouge. Tenerife."},"content":{"rendered":"<p>Ce bol en noix de coco rouge artisanal, inspir\u00e9 par l&rsquo;essence vibrante de Tenerife, est un chef-d&rsquo;\u0153uvre qui se distingue par son design unique et ses couleurs captivantes. Fabriqu\u00e9 \u00e0 partir de coque de noix de coco naturelle, chaque bol est peint \u00e0 la main avec des tons rouges et orange intenses, cr\u00e9ant un motif visuel qui \u00e9voque la texture de la nature luxuriante des Canaries. Au centre du bol, une repr\u00e9sentation perl\u00e9e de l&rsquo;\u00eele de Tenerife ressort, entour\u00e9e de d\u00e9licats d\u00e9tails dor\u00e9s qui accentuent son \u00e9l\u00e9gance et son authenticit\u00e9.<\/p>\n<p>Ce bol n&rsquo;est pas seulement un objet d\u00e9coratif, mais aussi un souvenir repr\u00e9sentatif de la culture de Tenerife. Sa fabrication artisanale garantit que chaque pi\u00e8ce est unique, refl\u00e9tant l&rsquo;engagement des artisans locaux envers la tradition et la qualit\u00e9. Parfait pour orner n&rsquo;importe quel espace, ce bol color\u00e9 est id\u00e9al comme cadeau sp\u00e9cial, offrant une touche de la chaleur et de la beaut\u00e9 des \u00eeles Canaries.<\/p>\n<p>Chez Ol\u00e9 Mosaic, nous sommes sp\u00e9cialis\u00e9s dans la distribution de souvenirs artisanaux en gros, et ce bol en noix de coco rouge est une excellente option pour les boutiques de cadeaux touristiques \u00e0 la recherche de produits authentiques et significatifs. Int\u00e9grer ce bol dans votre inventaire attirera non seulement les touristes en qu\u00eate de souvenirs authentiques, mais offrira \u00e9galement un morceau du charme de Tenerife que vos clients voudront emporter avec eux.<\/p>\n","protected":false},"excerpt":{"rendered":"<p>Bol en noix de coco rouge artisanal, inspir\u00e9 par l&rsquo;essence vibrante de Tenerife. Ce bol attrayant, fabriqu\u00e9 \u00e0 partir de coque de noix de coco, pr\u00e9sente un design d\u00e9coratif artisanal, peint \u00e0 la main, dans des tons rouges et orange, avec des motifs \u00e9voquant la texture de la nature canarienne. L&rsquo;image perl\u00e9e de l&rsquo;\u00eele de Tenerife, entour\u00e9e de d\u00e9tails dor\u00e9s, en fait une pi\u00e8ce unique, id\u00e9ale pour d\u00e9corer n&rsquo;importe quel espace ou comme cadeau sp\u00e9cial.<\/p>\n","protected":false},"featured_media":10105,"template":"","meta":{"_acf_changed":false},"product_brand":[],"product_cat":[521],"product_tag":[],"class_list":{"0":"post-29292","1":"product","2":"type-product","3":"status-publish","4":"has-post-thumbnail","6":"product_cat-bols","7":"pa_ciudad-tenerife","8":"pa_pais-espana","10":"first","11":"instock","12":"shipping-taxable","13":"product-type-simple"},"acf":[],"_links":{"self":[{"href":"https:\/\/olemosaic.com\/fr\/wp-json\/wp\/v2\/product\/29292","targetHints":{"allow":["GET"]}}],"collection":[{"href":"https:\/\/olemosaic.com\/fr\/wp-json\/wp\/v2\/product"}],"about":[{"href":"https:\/\/olemosaic.com\/fr\/wp-json\/wp\/v2\/types\/product"}],"wp:featuredmedia":[{"embeddable":true,"href":"https:\/\/olemosaic.com\/fr\/wp-json\/wp\/v2\/media\/10105"}],"wp:attachment":[{"href":"https:\/\/olemosaic.com\/fr\/wp-json\/wp\/v2\/media?parent=29292"}],"wp:term":[{"taxonomy":"product_brand","embeddable":true,"href":"https:\/\/olemosaic.com\/fr\/wp-json\/wp\/v2\/product_brand?post=29292"},{"taxonomy":"product_cat","embeddable":true,"href":"https:\/\/olemosaic.com\/fr\/wp-json\/wp\/v2\/product_cat?post=29292"},{"taxonomy":"product_tag","embeddable":true,"href":"https:\/\/olemosaic.com\/fr\/wp-json\/wp\/v2\/product_tag?post=29292"}],"curies":[{"name":"wp","href":"https:\/\/api.w.org\/{rel}","templated":true}]}}