{"id":29275,"date":"2025-02-20T23:30:53","date_gmt":"2025-02-20T22:30:53","guid":{"rendered":"http:\/\/olemosaic.com\/producto\/bol-de-coco-naranja-salamandra-tenerife-2\/"},"modified":"2025-07-25T18:49:19","modified_gmt":"2025-07-25T16:49:19","slug":"bol-noix-de-coco-orange-salamandre-tenerife-2","status":"publish","type":"product","link":"https:\/\/olemosaic.com\/fr\/produit\/bol-noix-de-coco-orange-salamandre-tenerife-2\/","title":{"rendered":"Bol en noix de coco orange. Salamandre. Tenerife."},"content":{"rendered":"<p>Ce bol en noix de coco peint est un v\u00e9ritable bijou qui capture l&rsquo;essence vibrante de Tenerife. Avec un design impressionnant aux tons orang\u00e9s, le bol se distingue par sa finition brillante et textur\u00e9e, \u00e9voquant la beaut\u00e9 des surfaces naturelles de l&rsquo;\u00eele. Au centre, on peut appr\u00e9cier une \u00e9l\u00e9gante salamandre, symbole de la faune locale, qui ajoute une touche distinctive et culturelle \u00e0 cette pi\u00e8ce. Le mot \u00ab\u00a0Tenerife\u00a0\u00bb est inscrit de mani\u00e8re pro\u00e9minente, en faisant un souvenir parfait de cette magnifique r\u00e9gion.<\/p>\n<p>Ce bol n&rsquo;est pas seulement un article d\u00e9coratif, il est aussi fonctionnel, id\u00e9al pour servir des ap\u00e9ritifs ou pour d\u00e9corer n&rsquo;importe quelle pi\u00e8ce de la maison. La technique de peinture \u00e0 la main garantit que chaque bol est unique, mettant en valeur l&rsquo;artisanat traditionnel conserv\u00e9 aux \u00eeles Canaries. Les couleurs vibrantes et l&rsquo;originalit\u00e9 du design en font un souvenir authentique, un hommage \u00e0 la culture et \u00e0 la nature de Tenerife.<\/p>\n<p>Chez Ol\u00e9 Mosaic, en tant que distributeurs de souvenirs en gros, nous proposons ce bol en noix de coco comme une option attrayante pour les boutiques de cadeaux touristiques recherchant des produits repr\u00e9sentant le patrimoine culturel espagnol. Ce bol en noix de coco peint est, sans aucun doute, une excellente id\u00e9e de souvenir pour les touristes souhaitant emporter un morceau de la beaut\u00e9 et de la singularit\u00e9 de Tenerife.<\/p>\n","protected":false},"excerpt":{"rendered":"<p>Bol en noix de coco peint dans des tons orange vibrants, d\u00e9cor\u00e9 d&rsquo;un design tr\u00e8s sp\u00e9cial d&rsquo;une salamandre repr\u00e9sentant la faune de Tenerife. Ce bol attrayant, \u00e9labor\u00e9 avec une technique de design artisanal et peint \u00e0 la main, pr\u00e9sente une finition brillante et textur\u00e9e \u00e9voquant les surfaces naturelles de l&rsquo;\u00eele. Avec le mot \u00ab\u00a0Tenerife\u00a0\u00bb inscrit, c&rsquo;est un souvenir id\u00e9al qui allie fonctionnalit\u00e9 et esth\u00e9tique, parfait pour rehausser tout espace d\u00e9coratif.<\/p>\n","protected":false},"featured_media":10125,"template":"","meta":{"_acf_changed":false},"product_brand":[],"product_cat":[521],"product_tag":[530],"class_list":{"0":"post-29275","1":"product","2":"type-product","3":"status-publish","4":"has-post-thumbnail","6":"product_cat-bols","7":"product_tag-animaux","8":"pa_ciudad-tenerife","9":"pa_motivo-salamandres","10":"pa_pais-espana","12":"first","13":"instock","14":"shipping-taxable","15":"product-type-simple"},"acf":[],"_links":{"self":[{"href":"https:\/\/olemosaic.com\/fr\/wp-json\/wp\/v2\/product\/29275","targetHints":{"allow":["GET"]}}],"collection":[{"href":"https:\/\/olemosaic.com\/fr\/wp-json\/wp\/v2\/product"}],"about":[{"href":"https:\/\/olemosaic.com\/fr\/wp-json\/wp\/v2\/types\/product"}],"wp:featuredmedia":[{"embeddable":true,"href":"https:\/\/olemosaic.com\/fr\/wp-json\/wp\/v2\/media\/10125"}],"wp:attachment":[{"href":"https:\/\/olemosaic.com\/fr\/wp-json\/wp\/v2\/media?parent=29275"}],"wp:term":[{"taxonomy":"product_brand","embeddable":true,"href":"https:\/\/olemosaic.com\/fr\/wp-json\/wp\/v2\/product_brand?post=29275"},{"taxonomy":"product_cat","embeddable":true,"href":"https:\/\/olemosaic.com\/fr\/wp-json\/wp\/v2\/product_cat?post=29275"},{"taxonomy":"product_tag","embeddable":true,"href":"https:\/\/olemosaic.com\/fr\/wp-json\/wp\/v2\/product_tag?post=29275"}],"curies":[{"name":"wp","href":"https:\/\/api.w.org\/{rel}","templated":true}]}}