{"id":29274,"date":"2025-02-20T23:30:52","date_gmt":"2025-02-20T22:30:52","guid":{"rendered":"http:\/\/olemosaic.com\/producto\/bol-de-coco-rojo-tortuga-barcelona-2\/"},"modified":"2025-07-25T19:03:30","modified_gmt":"2025-07-25T17:03:30","slug":"bol-noix-de-coco-rouge-tortue-barcelone-2","status":"publish","type":"product","link":"https:\/\/olemosaic.com\/fr\/produit\/bol-noix-de-coco-rouge-tortue-barcelone-2\/","title":{"rendered":"Bol en noix de coco rouge. Tortue. Barcelone."},"content":{"rendered":"<p>Ce bol en noix de coco peint \u00e0 la main est une \u0153uvre d&rsquo;art qui capture l&rsquo;essence vibrante de Barcelone. Sa couleur rouge intense, qui \u00e9voque la chaleur de la M\u00e9diterran\u00e9e, est magnifiquement d\u00e9cor\u00e9e d&rsquo;un design d\u00e9taill\u00e9 incluant une tortue au fond, symbole de la vie marine et de la diversit\u00e9 naturelle de la r\u00e9gion. Au centre, le texte \u00ab\u00a0Barcelona\u00a0\u00bb dans une couleur blanche sophistiqu\u00e9e ressort \u00e0 c\u00f4t\u00e9 d&rsquo;une mosa\u00efque de formes g\u00e9om\u00e9triques entourant le bord du bol, inspir\u00e9e par la c\u00e9l\u00e8bre \u0153uvre de Gaud\u00ed qui caract\u00e9rise l&rsquo;architecture de la ville.<\/p>\n<p>Chaque bol est une pi\u00e8ce unique, avec une surface qui refl\u00e8te l&rsquo;amour pour l&rsquo;artisanat et le folklore local. Id\u00e9al tant pour un usage d\u00e9coratif que pratique, ce souvenir ne sert pas seulement \u00e0 pr\u00e9senter des ap\u00e9ritifs, mais se distingue \u00e9galement comme un objet de collection qui raconte une histoire. La tortue, avec son design m\u00e9ticuleux, rend hommage aux c\u00f4tes de Barcelone et \u00e0 sa connexion avec l&rsquo;oc\u00e9an, tandis que les mosa\u00efques repr\u00e9sentent le riche h\u00e9ritage culturel que la ville offre \u00e0 ses visiteurs.<\/p>\n<p>Ol\u00e9 Mosaic est fier de proposer cette pi\u00e8ce authentique, qui est un excellent cadeau ou souvenir pour ceux qui souhaitent emporter un fragment de la culture m\u00e9diterran\u00e9enne. Ce bol en noix de coco est l&rsquo;option parfaite pour les boutiques de cadeaux touristiques cherchant \u00e0 offrir des produits qui ne sont pas seulement beaux, mais qui soulignent \u00e9galement la riche culture de Barcelone et sa pertinence en tant que destination touristique.<\/p>\n","protected":false},"excerpt":{"rendered":"<p>Bol en noix de coco au design artisanal, peint \u00e0 la main, d\u00e9cor\u00e9 d&rsquo;une tortue au fond et du mot \u00ab\u00a0Barcelona\u00a0\u00bb en blanc. Ce bol singulier pr\u00e9sente une couleur rouge vibrante, compl\u00e9t\u00e9e par des d\u00e9tails en forme de mosa\u00efque autour du bord, \u00e9voquant l&rsquo;art et le folklore de la ville. Son design unique et frais en fait un excellent souvenir ou une pi\u00e8ce d\u00e9corative repr\u00e9sentant l&rsquo;essence m\u00e9diterran\u00e9enne de Barcelone. Parfait pour collectionner ou offrir.<\/p>\n","protected":false},"featured_media":11764,"template":"","meta":{"_acf_changed":false},"product_brand":[],"product_cat":[521],"product_tag":[530],"class_list":{"0":"post-29274","1":"product","2":"type-product","3":"status-publish","4":"has-post-thumbnail","6":"product_cat-bols","7":"product_tag-animaux","8":"pa_ciudad-barcelona","9":"pa_motivo-tortues","10":"pa_pais-espana","12":"first","13":"instock","14":"shipping-taxable","15":"product-type-simple"},"acf":[],"_links":{"self":[{"href":"https:\/\/olemosaic.com\/fr\/wp-json\/wp\/v2\/product\/29274","targetHints":{"allow":["GET"]}}],"collection":[{"href":"https:\/\/olemosaic.com\/fr\/wp-json\/wp\/v2\/product"}],"about":[{"href":"https:\/\/olemosaic.com\/fr\/wp-json\/wp\/v2\/types\/product"}],"wp:featuredmedia":[{"embeddable":true,"href":"https:\/\/olemosaic.com\/fr\/wp-json\/wp\/v2\/media\/11764"}],"wp:attachment":[{"href":"https:\/\/olemosaic.com\/fr\/wp-json\/wp\/v2\/media?parent=29274"}],"wp:term":[{"taxonomy":"product_brand","embeddable":true,"href":"https:\/\/olemosaic.com\/fr\/wp-json\/wp\/v2\/product_brand?post=29274"},{"taxonomy":"product_cat","embeddable":true,"href":"https:\/\/olemosaic.com\/fr\/wp-json\/wp\/v2\/product_cat?post=29274"},{"taxonomy":"product_tag","embeddable":true,"href":"https:\/\/olemosaic.com\/fr\/wp-json\/wp\/v2\/product_tag?post=29274"}],"curies":[{"name":"wp","href":"https:\/\/api.w.org\/{rel}","templated":true}]}}