{"id":29273,"date":"2025-02-20T23:30:52","date_gmt":"2025-02-20T22:30:52","guid":{"rendered":"http:\/\/olemosaic.com\/producto\/bol-de-coco-con-flores-bailaora\/"},"modified":"2025-07-25T19:15:15","modified_gmt":"2025-07-25T17:15:15","slug":"bol-noix-de-coco-fleurs-danseuse-flamenco","status":"publish","type":"product","link":"https:\/\/olemosaic.com\/fr\/produit\/bol-noix-de-coco-fleurs-danseuse-flamenco\/","title":{"rendered":"Bol en noix de coco avec fleurs. Danseuse de flamenco."},"content":{"rendered":"<p>Ce bol en noix de coco peint \u00e0 la main est une \u0153uvre d&rsquo;art qui incarne l&rsquo;essence du folklore andalou. D\u00e9cor\u00e9 de motifs floraux vibrants, il pr\u00e9sente l&rsquo;\u00e9l\u00e9gante silhouette d&rsquo;une danseuse de flamenco au centre, montrant son talent. Cet attrait visuel s&rsquo;inscrit dans un fond de mosa\u00efque combinant des tons chauds de jaune, rouge et bleu, \u00e9voquant la chaleur du sud de l&rsquo;Espagne et la joie de ses traditions. Chaque d\u00e9tail du bol, des fleurs \u00e0 la repr\u00e9sentation de la danseuse, a \u00e9t\u00e9 soigneusement con\u00e7u, en faisant un authentique souvenir d&rsquo;Andalousie.<\/p>\n<p>Id\u00e9al comme \u00e9l\u00e9ment d\u00e9coratif ou pour servir des ap\u00e9ritifs, ce bol ne remplit pas seulement une fonction pratique, mais rend \u00e9galement hommage \u00e0 l&rsquo;art de la danse flamenco, une expression culturelle pleine de passion et de vie. Son design attrayant et sa connexion avec le patrimoine local en font un cadeau parfait et significatif pour les touristes souhaitant emporter un morceau de la riche culture andalouse chez eux.<\/p>\n<p>Chez Ol\u00e9 Mosaic, nous proposons ce type de souvenirs authentiques d&rsquo;Espagne, offrant aux boutiques de cadeaux touristiques l&rsquo;opportunit\u00e9 de pr\u00e9senter des produits qui refl\u00e8tent l&rsquo;authenticit\u00e9 de la tradition espagnole. Ce bol est un excellent choix pour tout client \u00e0 la recherche d&rsquo;un souvenir authentique d&rsquo;Andalousie.<\/p>\n","protected":false},"excerpt":{"rendered":"<p>Bol en noix de coco au design artisanal, peint \u00e0 la main, d\u00e9cor\u00e9 de motifs floraux vibrants et d&rsquo;une \u00e9l\u00e9gante danseuse de flamenco. Ce charmant bol repr\u00e9sente la richesse du folklore andalou, mettant en valeur sa silhouette caract\u00e9ristique sur un fond de mosa\u00efque aux couleurs chaudes, comme le jaune, le rouge et le bleu. Id\u00e9al comme \u00e9l\u00e9ment d\u00e9coratif ou pour servir des ap\u00e9ritifs, ce bol est un hommage \u00e0 la culture flamenco, \u00e9voquant la passion et l&rsquo;art de la danse traditionnelle.<\/p>\n","protected":false},"featured_media":13499,"template":"","meta":{"_acf_changed":false},"product_brand":[],"product_cat":[521],"product_tag":[],"class_list":{"0":"post-29273","1":"product","2":"type-product","3":"status-publish","4":"has-post-thumbnail","6":"product_cat-bols","7":"pa_motivo-danseurs","9":"first","10":"instock","11":"shipping-taxable","12":"product-type-simple"},"acf":[],"_links":{"self":[{"href":"https:\/\/olemosaic.com\/fr\/wp-json\/wp\/v2\/product\/29273","targetHints":{"allow":["GET"]}}],"collection":[{"href":"https:\/\/olemosaic.com\/fr\/wp-json\/wp\/v2\/product"}],"about":[{"href":"https:\/\/olemosaic.com\/fr\/wp-json\/wp\/v2\/types\/product"}],"wp:featuredmedia":[{"embeddable":true,"href":"https:\/\/olemosaic.com\/fr\/wp-json\/wp\/v2\/media\/13499"}],"wp:attachment":[{"href":"https:\/\/olemosaic.com\/fr\/wp-json\/wp\/v2\/media?parent=29273"}],"wp:term":[{"taxonomy":"product_brand","embeddable":true,"href":"https:\/\/olemosaic.com\/fr\/wp-json\/wp\/v2\/product_brand?post=29273"},{"taxonomy":"product_cat","embeddable":true,"href":"https:\/\/olemosaic.com\/fr\/wp-json\/wp\/v2\/product_cat?post=29273"},{"taxonomy":"product_tag","embeddable":true,"href":"https:\/\/olemosaic.com\/fr\/wp-json\/wp\/v2\/product_tag?post=29273"}],"curies":[{"name":"wp","href":"https:\/\/api.w.org\/{rel}","templated":true}]}}