{"id":29260,"date":"2025-02-20T23:30:52","date_gmt":"2025-02-20T22:30:52","guid":{"rendered":"http:\/\/olemosaic.com\/producto\/bol-de-coco-naranja-tortuga-mallorca-2\/"},"modified":"2025-07-25T20:24:21","modified_gmt":"2025-07-25T18:24:21","slug":"bol-noix-de-coco-orange-tortue-majorque-2","status":"publish","type":"product","link":"https:\/\/olemosaic.com\/fr\/produit\/bol-noix-de-coco-orange-tortue-majorque-2\/","title":{"rendered":"Bol en noix de coco orange. Tortue. Style m\u00e9diterran\u00e9en. Majorque."},"content":{"rendered":"<p>Ce bol en noix de coco peint \u00e0 la main est une splendide repr\u00e9sentation de la faune marine de Majorque, id\u00e9al comme souvenir ou pi\u00e8ce d\u00e9corative \u00e9voquant l&rsquo;essence de la M\u00e9diterran\u00e9e. Avec un design vibrant dans des tons orang\u00e9s, ce bol attrayant pr\u00e9sente en son centre une tortue, symbole de la vie marine dans les eaux cristallines de l&rsquo;\u00eele. La surface de la pi\u00e8ce est orn\u00e9e d&rsquo;un motif complexe m\u00e9langeant des tons chauds, soulignant l&rsquo;artisanat local m\u00e9ticuleux et le travail manuel qui la caract\u00e9rise. La finition brillante ne rehausse pas seulement la beaut\u00e9 du bol, mais lui apporte \u00e9galement une touche de sophistication, le rendant parfait pour \u00eatre expos\u00e9 dans n&rsquo;importe quel espace de la maison.<\/p>\n<p>Ce bol multifonctionnel est id\u00e9al pour ranger de petits objets ou simplement pour ajouter une touche d\u00e9corative \u00e0 n&rsquo;importe quel coin. Avec sa petite taille et son design attrayant, il deviendra un souvenir m\u00e9morable pour ceux qui visitent l&rsquo;\u00eele. Chez Ol\u00e9 Mosaic, nous sommes fiers de proposer des souvenirs actuels et authentiques de Majorque comme ce bol en noix de coco peint \u00e0 la main. C&rsquo;est une option brillante pour les boutiques de cadeaux touristiques \u00e0 la recherche de produits uniques et pertinents, mettant en avant la singularit\u00e9 de la culture majorquine et son lien avec les magnifiques paysages marins.<\/p>\n","protected":false},"excerpt":{"rendered":"<p>Bol en noix de coco au design artisanal, peint \u00e0 la main, inspir\u00e9 par la faune marine de Majorque. Ce bol orange attrayant pr\u00e9sente un design d\u00e9coratif avec une tortue au centre, compl\u00e9t\u00e9 par une finition brillante qui rehausse sa beaut\u00e9. La surface affiche un motif complexe dans des tons chauds qui souligne l&rsquo;artisanat local. Id\u00e9al comme pi\u00e8ce d\u00e9corative ou pour ranger de petits objets, il \u00e9voque l&rsquo;essence de la M\u00e9diterran\u00e9e.<\/p>\n","protected":false},"featured_media":10157,"template":"","meta":{"_acf_changed":false},"product_brand":[],"product_cat":[521],"product_tag":[530],"class_list":{"0":"post-29260","1":"product","2":"type-product","3":"status-publish","4":"has-post-thumbnail","6":"product_cat-bols","7":"product_tag-animaux","8":"pa_ciudad-mallorca","9":"pa_motivo-tortues","10":"pa_pais-espana","12":"first","13":"instock","14":"shipping-taxable","15":"product-type-simple"},"acf":[],"_links":{"self":[{"href":"https:\/\/olemosaic.com\/fr\/wp-json\/wp\/v2\/product\/29260","targetHints":{"allow":["GET"]}}],"collection":[{"href":"https:\/\/olemosaic.com\/fr\/wp-json\/wp\/v2\/product"}],"about":[{"href":"https:\/\/olemosaic.com\/fr\/wp-json\/wp\/v2\/types\/product"}],"wp:featuredmedia":[{"embeddable":true,"href":"https:\/\/olemosaic.com\/fr\/wp-json\/wp\/v2\/media\/10157"}],"wp:attachment":[{"href":"https:\/\/olemosaic.com\/fr\/wp-json\/wp\/v2\/media?parent=29260"}],"wp:term":[{"taxonomy":"product_brand","embeddable":true,"href":"https:\/\/olemosaic.com\/fr\/wp-json\/wp\/v2\/product_brand?post=29260"},{"taxonomy":"product_cat","embeddable":true,"href":"https:\/\/olemosaic.com\/fr\/wp-json\/wp\/v2\/product_cat?post=29260"},{"taxonomy":"product_tag","embeddable":true,"href":"https:\/\/olemosaic.com\/fr\/wp-json\/wp\/v2\/product_tag?post=29260"}],"curies":[{"name":"wp","href":"https:\/\/api.w.org\/{rel}","templated":true}]}}