{"id":29259,"date":"2025-02-20T23:30:52","date_gmt":"2025-02-20T22:30:52","guid":{"rendered":"http:\/\/olemosaic.com\/producto\/bol-de-coco-rojo-delfin-mallorca\/"},"modified":"2025-07-25T19:50:04","modified_gmt":"2025-07-25T17:50:04","slug":"bol-noix-de-coco-rouge-dauphin-majorque","status":"publish","type":"product","link":"https:\/\/olemosaic.com\/fr\/produit\/bol-noix-de-coco-rouge-dauphin-majorque\/","title":{"rendered":"Bol en noix de coco rouge. Dauphin. Majorque."},"content":{"rendered":"<p>Ce bol en noix de coco peint \u00e0 la main est un v\u00e9ritable bijou artisanal qui encapsule l&rsquo;essence de la M\u00e9diterran\u00e9e dans son design vibrant. Avec un fond captivant dans des tons rouges et dor\u00e9s, ce souvenir inspir\u00e9 de Majorque pr\u00e9sente en son centre l&rsquo;illustration d&rsquo;un dauphin, symbolisant la riche vie marine qui caract\u00e9rise l&rsquo;\u00eele. Le nom \u00ab\u00a0MALLORCA\u00a0\u00bb ressort en dor\u00e9, apportant une touche d&rsquo;\u00e9l\u00e9gance qui transforme ce bol en un \u00e9l\u00e9ment d\u00e9coratif parfait pour n&rsquo;importe quelle ambiance.<\/p>\n<p>La finition brillante du bol ne rehausse pas seulement son attrait visuel, mais refl\u00e8te \u00e9galement la lumi\u00e8re de mani\u00e8re fascinante, en faisant le centre d&rsquo;attention dans n&rsquo;importe quel espace. Les d\u00e9tails artistiques complexes de la surface ajoutent de la profondeur et de la texture, ce qui en fait un souvenir non seulement fonctionnel, mais \u00e9voquant \u00e9galement un fort sentiment d&rsquo;appartenance \u00e0 la culture majorquine.<\/p>\n<p>Ce bol en noix de coco est un excellent cadeau pour les touristes \u00e0 la recherche de souvenirs authentiques repr\u00e9sentant la beaut\u00e9 et le charme de Majorque. Chez Ol\u00e9 Mosaic, nous sommes sp\u00e9cialis\u00e9s dans la distribution de souvenirs en gros, garantissant la qualit\u00e9 et la valeur culturelle de chaque produit. Ce bol est une option id\u00e9ale pour les boutiques de cadeaux touristiques souhaitant proposer des souvenirs authentiques et significatifs, capturant l&rsquo;essence de l&rsquo;une des plus belles \u00eeles de la M\u00e9diterran\u00e9e.<\/p>\n","protected":false},"excerpt":{"rendered":"<p>Bol en noix de coco au design artisanal, peint \u00e0 la main, avec un design frappant dans des tons rouges et dor\u00e9s, inspir\u00e9 par la beaut\u00e9 marine de Majorque. Cet accessoire \u00e9l\u00e9gant pr\u00e9sente une illustration de dauphin au centre, ainsi que le nom \u00ab\u00a0MALLORCA\u00a0\u00bb mis en valeur en dor\u00e9. Sa finition brillante et ses d\u00e9tails artistiques en font un souvenir attrayant qui \u00e9voque le charme de la M\u00e9diterran\u00e9e, parfait pour orner n&rsquo;importe quel espace.<\/p>\n","protected":false},"featured_media":10144,"template":"","meta":{"_acf_changed":false},"product_brand":[],"product_cat":[521],"product_tag":[530],"class_list":{"0":"post-29259","1":"product","2":"type-product","3":"status-publish","4":"has-post-thumbnail","6":"product_cat-bols","7":"product_tag-animaux","8":"pa_ciudad-mallorca","9":"pa_motivo-dauphins","10":"pa_pais-espana","12":"first","13":"instock","14":"shipping-taxable","15":"product-type-simple"},"acf":[],"_links":{"self":[{"href":"https:\/\/olemosaic.com\/fr\/wp-json\/wp\/v2\/product\/29259","targetHints":{"allow":["GET"]}}],"collection":[{"href":"https:\/\/olemosaic.com\/fr\/wp-json\/wp\/v2\/product"}],"about":[{"href":"https:\/\/olemosaic.com\/fr\/wp-json\/wp\/v2\/types\/product"}],"wp:featuredmedia":[{"embeddable":true,"href":"https:\/\/olemosaic.com\/fr\/wp-json\/wp\/v2\/media\/10144"}],"wp:attachment":[{"href":"https:\/\/olemosaic.com\/fr\/wp-json\/wp\/v2\/media?parent=29259"}],"wp:term":[{"taxonomy":"product_brand","embeddable":true,"href":"https:\/\/olemosaic.com\/fr\/wp-json\/wp\/v2\/product_brand?post=29259"},{"taxonomy":"product_cat","embeddable":true,"href":"https:\/\/olemosaic.com\/fr\/wp-json\/wp\/v2\/product_cat?post=29259"},{"taxonomy":"product_tag","embeddable":true,"href":"https:\/\/olemosaic.com\/fr\/wp-json\/wp\/v2\/product_tag?post=29259"}],"curies":[{"name":"wp","href":"https:\/\/api.w.org\/{rel}","templated":true}]}}