{"id":29258,"date":"2025-02-20T23:30:52","date_gmt":"2025-02-20T22:30:52","guid":{"rendered":"http:\/\/olemosaic.com\/producto\/bol-de-coco-naranja-delfin-mallorca\/"},"modified":"2025-07-25T20:08:48","modified_gmt":"2025-07-25T18:08:48","slug":"bol-noix-de-coco-orange-dauphin-majorque","status":"publish","type":"product","link":"https:\/\/olemosaic.com\/fr\/produit\/bol-noix-de-coco-orange-dauphin-majorque\/","title":{"rendered":"Bol en noix de coco orange. Dauphin. Majorque."},"content":{"rendered":"<p>Ce bol en noix de coco peint \u00e0 la main est un souvenir exotique et pr\u00e9cieux de Majorque, \u00e9voquant la beaut\u00e9 marine de l&rsquo;\u00eele. Avec sa couleur orange vibrante et son design \u00e9l\u00e9gant de dauphin au centre, il capture l&rsquo;essence de l&rsquo;environnement c\u00f4tier, faisant de ce bol une repr\u00e9sentation authentique de la vie marine m\u00e9diterran\u00e9enne. Chaque pi\u00e8ce est unique, affichant une texture distinctive et des nuances color\u00e9es qui refl\u00e8tent la lumi\u00e8re de mani\u00e8re captivante, id\u00e9al pour apporter une touche sp\u00e9ciale \u00e0 n&rsquo;importe quel foyer.<\/p>\n<p>Au centre du bol, l&#8217;embl\u00e8me indiquant \u00ab\u00a0MALLORCA\u00a0\u00bb souligne le lien culturel et la fiert\u00e9 de l&rsquo;\u00eele, faisant de ce souvenir une option parfaite pour ceux qui souhaitent int\u00e9grer un morceau de la culture majorquine dans leur vie quotidienne. Ce bol n&rsquo;est pas seulement un objet d\u00e9coratif, mais aussi un rappel des exp\u00e9riences incroyables v\u00e9cues \u00e0 Majorque, que ce soit en profitant de sa gastronomie ou en se promenant sur ses plages.<\/p>\n<p>En tant que distributeurs de souvenirs en gros, chez Ol\u00e9 Mosaic, nous proposons des produits artisanaux de qualit\u00e9, garantissant que ce bol en noix de coco peint \u00e0 la main sera un excellent article pour les boutiques de cadeaux touristiques cherchant \u00e0 offrir des souvenirs authentiques et significatifs de Majorque. Un souvenir id\u00e9al qui incarne la beaut\u00e9 et l&rsquo;authenticit\u00e9 de l&rsquo;\u00eele.<\/p>\n","protected":false},"excerpt":{"rendered":"<p>Bol en noix de coco au design artisanal, peint \u00e0 la main, de couleur orange, d\u00e9cor\u00e9 d&rsquo;un \u00e9l\u00e9gant motif de dauphin repr\u00e9sentant la beaut\u00e9 marine de Majorque. Ce produit artisanal se distingue par sa texture distinctive et ses nuances color\u00e9es qui refl\u00e8tent la lumi\u00e8re de mani\u00e8re captivante. Au centre, il arbore un embl\u00e8me avec le mot \u00ab\u00a0MALLORCA\u00a0\u00bb, ce qui en fait un souvenir id\u00e9al, parfait pour rehausser l&rsquo;essence de l&rsquo;\u00eele et ajouter une touche distinctive \u00e0 n&rsquo;importe quel foyer.<\/p>\n","protected":false},"featured_media":10145,"template":"","meta":{"_acf_changed":false},"product_brand":[],"product_cat":[521],"product_tag":[530],"class_list":{"0":"post-29258","1":"product","2":"type-product","3":"status-publish","4":"has-post-thumbnail","6":"product_cat-bols","7":"product_tag-animaux","8":"pa_ciudad-mallorca","9":"pa_motivo-dauphins","10":"pa_pais-espana","12":"first","13":"instock","14":"shipping-taxable","15":"product-type-simple"},"acf":[],"_links":{"self":[{"href":"https:\/\/olemosaic.com\/fr\/wp-json\/wp\/v2\/product\/29258","targetHints":{"allow":["GET"]}}],"collection":[{"href":"https:\/\/olemosaic.com\/fr\/wp-json\/wp\/v2\/product"}],"about":[{"href":"https:\/\/olemosaic.com\/fr\/wp-json\/wp\/v2\/types\/product"}],"wp:featuredmedia":[{"embeddable":true,"href":"https:\/\/olemosaic.com\/fr\/wp-json\/wp\/v2\/media\/10145"}],"wp:attachment":[{"href":"https:\/\/olemosaic.com\/fr\/wp-json\/wp\/v2\/media?parent=29258"}],"wp:term":[{"taxonomy":"product_brand","embeddable":true,"href":"https:\/\/olemosaic.com\/fr\/wp-json\/wp\/v2\/product_brand?post=29258"},{"taxonomy":"product_cat","embeddable":true,"href":"https:\/\/olemosaic.com\/fr\/wp-json\/wp\/v2\/product_cat?post=29258"},{"taxonomy":"product_tag","embeddable":true,"href":"https:\/\/olemosaic.com\/fr\/wp-json\/wp\/v2\/product_tag?post=29258"}],"curies":[{"name":"wp","href":"https:\/\/api.w.org\/{rel}","templated":true}]}}