{"id":29257,"date":"2025-02-20T23:30:51","date_gmt":"2025-02-20T22:30:51","guid":{"rendered":"http:\/\/olemosaic.com\/producto\/bol-de-coco-con-flores-tortuga-barcelona\/"},"modified":"2025-07-25T20:13:58","modified_gmt":"2025-07-25T18:13:58","slug":"bol-noix-de-coco-fleurs-tortue-barcelone","status":"publish","type":"product","link":"https:\/\/olemosaic.com\/fr\/produit\/bol-noix-de-coco-fleurs-tortue-barcelone\/","title":{"rendered":"Bol en noix de coco avec fleurs. Tortue. Barcelone."},"content":{"rendered":"<p>Ce bol en noix de coco peint \u00e0 la main est un souvenir pr\u00e9cieux qui capture l&rsquo;essence vibrante de Barcelone. Sa finition artistique pr\u00e9sente un design color\u00e9, o\u00f9 des nuances chaudes de jaune, de bleu et de rouge s&rsquo;entrelacent dans une mosa\u00efque encadrant une charmante tortue au centre. La tortue, symbole de paix et de long\u00e9vit\u00e9, repr\u00e9sente la riche biodiversit\u00e9 de la M\u00e9diterran\u00e9e et rappelle aux visiteurs la beaut\u00e9 naturelle qui entoure la ville. Ce bol est non seulement parfait pour un usage quotidien, mais il fait \u00e9galement office d&rsquo;objet d\u00e9coratif attrayant qui ajoute une touche d&rsquo;authenticit\u00e9 \u00e0 n&rsquo;importe quel foyer.<\/p>\n<p>L&rsquo;art de la c\u00e9ramique \u00e0 Barcelone a de profondes racines culturelles, et ce bol incarne cette tradition artisanale. \u00c0 travers ses d\u00e9licats motifs floraux, il \u00e9voque la chaleur et l&rsquo;hospitalit\u00e9 de la culture catalane. En tant que souvenir, c&rsquo;est une repr\u00e9sentation id\u00e9ale de Barcelone, \u00e9voquant des souvenirs de ses plages, de ses habitants et de son atmosph\u00e8re joyeuse.<\/p>\n<p>Chez Ol\u00e9 Mosaic, nous sommes sp\u00e9cialis\u00e9s dans la distribution de souvenirs en gros, et ce bol en noix de coco est un choix exceptionnel pour les boutiques de cadeaux touristiques \u00e0 la recherche de produits mettant en valeur le meilleur de la culture locale. Nous proposons une vari\u00e9t\u00e9 de souvenirs authentiques, et ce bol est, sans aucun doute, une option id\u00e9ale pour les touristes souhaitant emporter chez eux un morceau de la magie de Barcelone.<\/p>\n","protected":false},"excerpt":{"rendered":"<p>Bol en noix de coco au design artisanal, peint \u00e0 la main, avec des motifs floraux et une tortue, \u00e9voquant l&rsquo;essence de Barcelone. Ce bol attrayant se distingue par sa finition artistique aux couleurs chaudes et vives, avec des tons jaunes, bleus et rouges encadrant une tortue au centre. Id\u00e9al comme objet d\u00e9coratif ou pour un usage quotidien, son design refl\u00e8te le folklore local et la riche biodiversit\u00e9 de la r\u00e9gion.<\/p>\n","protected":false},"featured_media":10376,"template":"","meta":{"_acf_changed":false},"product_brand":[],"product_cat":[521],"product_tag":[530],"class_list":{"0":"post-29257","1":"product","2":"type-product","3":"status-publish","4":"has-post-thumbnail","6":"product_cat-bols","7":"product_tag-animaux","8":"pa_ciudad-barcelona","9":"pa_motivo-tortues","10":"pa_pais-espana","12":"first","13":"instock","14":"shipping-taxable","15":"product-type-simple"},"acf":[],"_links":{"self":[{"href":"https:\/\/olemosaic.com\/fr\/wp-json\/wp\/v2\/product\/29257","targetHints":{"allow":["GET"]}}],"collection":[{"href":"https:\/\/olemosaic.com\/fr\/wp-json\/wp\/v2\/product"}],"about":[{"href":"https:\/\/olemosaic.com\/fr\/wp-json\/wp\/v2\/types\/product"}],"wp:featuredmedia":[{"embeddable":true,"href":"https:\/\/olemosaic.com\/fr\/wp-json\/wp\/v2\/media\/10376"}],"wp:attachment":[{"href":"https:\/\/olemosaic.com\/fr\/wp-json\/wp\/v2\/media?parent=29257"}],"wp:term":[{"taxonomy":"product_brand","embeddable":true,"href":"https:\/\/olemosaic.com\/fr\/wp-json\/wp\/v2\/product_brand?post=29257"},{"taxonomy":"product_cat","embeddable":true,"href":"https:\/\/olemosaic.com\/fr\/wp-json\/wp\/v2\/product_cat?post=29257"},{"taxonomy":"product_tag","embeddable":true,"href":"https:\/\/olemosaic.com\/fr\/wp-json\/wp\/v2\/product_tag?post=29257"}],"curies":[{"name":"wp","href":"https:\/\/api.w.org\/{rel}","templated":true}]}}