{"id":29244,"date":"2025-02-20T22:30:51","date_gmt":"2025-02-20T22:30:51","guid":{"rendered":"http:\/\/olemosaic.com\/producto\/bol-de-coco-naranja-camino-de-santiago\/"},"modified":"2025-07-25T19:45:50","modified_gmt":"2025-07-25T17:45:50","slug":"bol-noix-de-coco-orange-chemin-compostelle","status":"publish","type":"product","link":"https:\/\/olemosaic.com\/fr\/produit\/bol-noix-de-coco-orange-chemin-compostelle\/","title":{"rendered":"Bol en noix de coco orange. Chemin de Compostelle."},"content":{"rendered":"<p>Ce bol en noix de coco orange, d\u00e9cor\u00e9 du symbole embl\u00e9matique du Chemin de Compostelle, est une pi\u00e8ce artisanale qui capture l&rsquo;essence du c\u00e9l\u00e8bre p\u00e8lerinage espagnol. Sa finition brillante aux tons orang\u00e9s \u00e9voque la chaleur du soleil et la riche tradition qui entoure cette route historique. La technique de gravure utilis\u00e9e met en valeur de mani\u00e8re impressionnante le texte \u00ab\u00a0Camino de Santiago\u00a0\u00bb, accompagn\u00e9 de l&#8217;embl\u00e8me iconique qui personnifie la spiritualit\u00e9 et l&rsquo;aventure des nombreux p\u00e8lerins ayant parcouru ce chemin au fil des si\u00e8cles.<\/p>\n<p>Visuellement, le bol pr\u00e9sente un design complexe simulant un motif de mosa\u00efque, offrant une texture unique et sophistiqu\u00e9e qui en fait une pi\u00e8ce distinctive. La combinaison de la surface brillante et de la gravure d\u00e9taill\u00e9e non seulement embellit le produit, mais le rend \u00e9galement parfait pour \u00eatre expos\u00e9 dans n&rsquo;importe quelle maison ou boutique, rappelant aux visiteurs la riche tradition culturelle de l&rsquo;Espagne. Ce bol est un excellent souvenir qui allie originalit\u00e9 et artisanat, agissant comme un rappel tangible d&rsquo;une exp\u00e9rience m\u00e9morable sur le Chemin de Compostelle.<\/p>\n<p>Chez Ol\u00e9 Mosaic, nous sommes sp\u00e9cialistes de la distribution de souvenirs en gros, offrant des produits authentiques qui c\u00e9l\u00e8brent la culture espagnole. Ce bol en noix de coco est une option id\u00e9ale pour les boutiques cherchant \u00e0 ajouter une touche repr\u00e9sentative et color\u00e9e \u00e0 leur s\u00e9lection de souvenirs, en faisant un article attrayant tant pour les touristes que pour les amoureux de la tradition.<\/p>\n","protected":false},"excerpt":{"rendered":"<p>Bol en noix de coco orange d\u00e9cor\u00e9 du symbole du Chemin de Compostelle. Cet objet artisanal attrayant pr\u00e9sente une finition brillante aux tons orang\u00e9s et un design complexe \u00e9voquant l&rsquo;essence du c\u00e9l\u00e8bre p\u00e8lerinage espagnol. La pi\u00e8ce se distingue par sa technique de gravure, qui met en valeur le texte \u00ab\u00a0Camino de Santiago\u00a0\u00bb et l&#8217;embl\u00e8me iconique du chemin. Joyeux et distinctif, ce bol est un excellent souvenir alliant tradition et originalit\u00e9.<\/p>\n","protected":false},"featured_media":10109,"template":"","meta":{"_acf_changed":false},"product_brand":[],"product_cat":[521],"product_tag":[],"class_list":{"0":"post-29244","1":"product","2":"type-product","3":"status-publish","4":"has-post-thumbnail","6":"product_cat-bols","7":"pa_motivo-chemin-saint-jacques","9":"first","10":"instock","11":"shipping-taxable","12":"product-type-simple"},"acf":[],"_links":{"self":[{"href":"https:\/\/olemosaic.com\/fr\/wp-json\/wp\/v2\/product\/29244","targetHints":{"allow":["GET"]}}],"collection":[{"href":"https:\/\/olemosaic.com\/fr\/wp-json\/wp\/v2\/product"}],"about":[{"href":"https:\/\/olemosaic.com\/fr\/wp-json\/wp\/v2\/types\/product"}],"wp:featuredmedia":[{"embeddable":true,"href":"https:\/\/olemosaic.com\/fr\/wp-json\/wp\/v2\/media\/10109"}],"wp:attachment":[{"href":"https:\/\/olemosaic.com\/fr\/wp-json\/wp\/v2\/media?parent=29244"}],"wp:term":[{"taxonomy":"product_brand","embeddable":true,"href":"https:\/\/olemosaic.com\/fr\/wp-json\/wp\/v2\/product_brand?post=29244"},{"taxonomy":"product_cat","embeddable":true,"href":"https:\/\/olemosaic.com\/fr\/wp-json\/wp\/v2\/product_cat?post=29244"},{"taxonomy":"product_tag","embeddable":true,"href":"https:\/\/olemosaic.com\/fr\/wp-json\/wp\/v2\/product_tag?post=29244"}],"curies":[{"name":"wp","href":"https:\/\/api.w.org\/{rel}","templated":true}]}}