{"id":29243,"date":"2025-02-20T22:30:51","date_gmt":"2025-02-20T22:30:51","guid":{"rendered":"http:\/\/olemosaic.com\/producto\/bol-de-coco-naranja-mallorca\/"},"modified":"2025-07-25T19:59:33","modified_gmt":"2025-07-25T17:59:33","slug":"bol-noix-de-coco-orange-majorque","status":"publish","type":"product","link":"https:\/\/olemosaic.com\/fr\/produit\/bol-noix-de-coco-orange-majorque\/","title":{"rendered":"Bol en noix de coco orange. Majorque."},"content":{"rendered":"<p>Ce bol en noix de coco orange, artisanal et typique de Majorque, est une pi\u00e8ce unique qui capture l&rsquo;essence de l&rsquo;art et de la culture de l&rsquo;\u00eele. Fabriqu\u00e9 \u00e0 partir d&rsquo;une coque de noix de coco, il se distingue par son design int\u00e9rieur vibrant aux tons orange et dor\u00e9s, imitant la texture d\u00e9licate du corail marin. Au centre, on peut appr\u00e9cier la silhouette de l&rsquo;\u00eele de Majorque, soulign\u00e9e par des \u00e9clats dor\u00e9s qui apportent une touche d&rsquo;\u00e9l\u00e9gance et de sophistication. Cette pi\u00e8ce est id\u00e9ale aussi bien comme \u00e9l\u00e9ment d\u00e9coratif dans n&rsquo;importe quel foyer, apportant un air exotique et naturel, que pour servir des ap\u00e9ritifs lors de r\u00e9unions ou de c\u00e9l\u00e9brations, faisant de chaque repas une exp\u00e9rience m\u00e9morable.<\/p>\n<p>Le bol en noix de coco n&rsquo;est pas seulement une option d\u00e9corative, mais aussi un souvenir authentique qui \u00e9voque les magnifiques plages et le paysage vibrant de Majorque. Sa fabrication artisanale garantit que chaque pi\u00e8ce est unique, ce qui en fait un souvenir repr\u00e9sentatif du riche patrimoine culturel de la r\u00e9gion. Chez Ol\u00e9 Mosaic, en tant que grossiste de souvenirs de Majorque, nous proposons des produits qui mettent en valeur l&rsquo;artisanat et la singularit\u00e9 de chaque article. Ce bol en noix de coco est une excellente id\u00e9e pour les touristes \u00e0 la recherche d&rsquo;un cadeau sp\u00e9cial qui capture l&rsquo;essence de leur voyage, soulignant \u00e9galement l&rsquo;engagement de notre entreprise envers la qualit\u00e9 et l&rsquo;authenticit\u00e9 de chaque souvenir propos\u00e9.<\/p>\n","protected":false},"excerpt":{"rendered":"<p>Bol en noix de coco orange, artisanal et caract\u00e9ristique de Majorque. Cette pi\u00e8ce unique se distingue par son design int\u00e9rieur aux tons orange et dor\u00e9s, imitant la texture du corail. Au centre du bol, la silhouette de l&rsquo;\u00eele de Majorque ressort avec des \u00e9clats dor\u00e9s. Fabriqu\u00e9 \u00e0 partir d&rsquo;une coque de noix de coco, il est id\u00e9al comme \u00e9l\u00e9ment d\u00e9coratif ou pour servir des ap\u00e9ritifs, apportant une touche authentique et exotique \u00e0 n&rsquo;importe quelle table.<\/p>\n","protected":false},"featured_media":10098,"template":"","meta":{"_acf_changed":false},"product_brand":[],"product_cat":[521],"product_tag":[],"class_list":{"0":"post-29243","1":"product","2":"type-product","3":"status-publish","4":"has-post-thumbnail","6":"product_cat-bols","7":"pa_ciudad-mallorca","8":"pa_pais-espana","10":"first","11":"instock","12":"shipping-taxable","13":"product-type-simple"},"acf":[],"_links":{"self":[{"href":"https:\/\/olemosaic.com\/fr\/wp-json\/wp\/v2\/product\/29243","targetHints":{"allow":["GET"]}}],"collection":[{"href":"https:\/\/olemosaic.com\/fr\/wp-json\/wp\/v2\/product"}],"about":[{"href":"https:\/\/olemosaic.com\/fr\/wp-json\/wp\/v2\/types\/product"}],"wp:featuredmedia":[{"embeddable":true,"href":"https:\/\/olemosaic.com\/fr\/wp-json\/wp\/v2\/media\/10098"}],"wp:attachment":[{"href":"https:\/\/olemosaic.com\/fr\/wp-json\/wp\/v2\/media?parent=29243"}],"wp:term":[{"taxonomy":"product_brand","embeddable":true,"href":"https:\/\/olemosaic.com\/fr\/wp-json\/wp\/v2\/product_brand?post=29243"},{"taxonomy":"product_cat","embeddable":true,"href":"https:\/\/olemosaic.com\/fr\/wp-json\/wp\/v2\/product_cat?post=29243"},{"taxonomy":"product_tag","embeddable":true,"href":"https:\/\/olemosaic.com\/fr\/wp-json\/wp\/v2\/product_tag?post=29243"}],"curies":[{"name":"wp","href":"https:\/\/api.w.org\/{rel}","templated":true}]}}