{"id":29242,"date":"2025-02-20T22:30:51","date_gmt":"2025-02-20T22:30:51","guid":{"rendered":"http:\/\/olemosaic.com\/producto\/bol-de-coco-naranja-concha-camino-de-santiago\/"},"modified":"2025-07-25T20:30:52","modified_gmt":"2025-07-25T18:30:52","slug":"bol-noix-de-coco-orange-coquille-chemin-compostelle","status":"publish","type":"product","link":"https:\/\/olemosaic.com\/fr\/produit\/bol-noix-de-coco-orange-coquille-chemin-compostelle\/","title":{"rendered":"Bol en noix de coco orange. Coquille. Chemin de Compostelle."},"content":{"rendered":"<p>Ce bol en noix de coco orange, inspir\u00e9 du Chemin de Compostelle, est un souvenir exclusif qui capture l&rsquo;essence de cette route de p\u00e8lerinage embl\u00e9matique. Sa couleur orange vibrante, \u00e9voquant la chaleur et l&rsquo;\u00e9nergie ressenties en parcourant le chemin, en fait un objet d\u00e9coratif attrayant et symbolique. Fabriqu\u00e9 \u00e0 partir d&rsquo;une coquille naturelle, ce bol allie l&rsquo;art de l&rsquo;artisanat \u00e0 la tradition, pr\u00e9sentant \u00e0 l&rsquo;int\u00e9rieur le c\u00e9l\u00e8bre symbole du p\u00e8lerin, qui repr\u00e9sente la spiritualit\u00e9 et le sens de la communaut\u00e9 de ceux qui entreprennent cette travers\u00e9e.<\/p>\n<p>Le design du bol comprend un bord textur\u00e9 aux tons chauds, apportant une touche rustique et authentique, \u00e9vocatrice des paysages et de la culture du nord de l&rsquo;Espagne. Cet ustensile polyvalent est non seulement id\u00e9al pour \u00eatre expos\u00e9 sur des \u00e9tag\u00e8res comme \u00e9l\u00e9ment d\u00e9coratif, mais il peut \u00e9galement servir de r\u00e9cipient pratique dans n&rsquo;importe quelle maison, rappelant \u00e0 ses propri\u00e9taires la beaut\u00e9 du Chemin de Compostelle \u00e0 chaque utilisation.<\/p>\n<p>Chez Ol\u00e9 Mosaic, nous nous sp\u00e9cialisons dans la distribution de souvenirs en gros, et ce bol en noix de coco orange est une excellente option pour les boutiques de cadeaux touristiques cherchant \u00e0 offrir des produits authentiques et repr\u00e9sentatifs de la culture espagnole. Avec sa connexion culturelle et son esth\u00e9tique attrayante, ce bol se positionne comme un cadeau parfait pour les touristes et les p\u00e8lerins souhaitant emporter un morceau d&rsquo;histoire et de tradition.<\/p>\n","protected":false},"excerpt":{"rendered":"<p>Bol en noix de coco orange inspir\u00e9 du Chemin de Compostelle, fabriqu\u00e9 avec une coquille naturelle. Ce bol original se distingue par sa couleur orange vibrante et son design d\u00e9coratif, incluant le c\u00e9l\u00e8bre symbole du p\u00e8lerin. La base pr\u00e9sente un bord textur\u00e9 aux tons chauds, lui apportant une touche rustique et authentique. Id\u00e9al pour l&rsquo;exposition ou comme r\u00e9cipient pratique, ce bol repr\u00e9sente l&rsquo;essence de la tradition du Chemin dans chaque d\u00e9tail.<\/p>\n","protected":false},"featured_media":11745,"template":"","meta":{"_acf_changed":false},"product_brand":[],"product_cat":[521],"product_tag":[],"class_list":{"0":"post-29242","1":"product","2":"type-product","3":"status-publish","4":"has-post-thumbnail","6":"product_cat-bols","7":"pa_ciudad-santiago-de-compostela","8":"pa_motivo-coquillages","9":"pa_pais-espana","11":"first","12":"instock","13":"shipping-taxable","14":"product-type-simple"},"acf":[],"_links":{"self":[{"href":"https:\/\/olemosaic.com\/fr\/wp-json\/wp\/v2\/product\/29242","targetHints":{"allow":["GET"]}}],"collection":[{"href":"https:\/\/olemosaic.com\/fr\/wp-json\/wp\/v2\/product"}],"about":[{"href":"https:\/\/olemosaic.com\/fr\/wp-json\/wp\/v2\/types\/product"}],"wp:featuredmedia":[{"embeddable":true,"href":"https:\/\/olemosaic.com\/fr\/wp-json\/wp\/v2\/media\/11745"}],"wp:attachment":[{"href":"https:\/\/olemosaic.com\/fr\/wp-json\/wp\/v2\/media?parent=29242"}],"wp:term":[{"taxonomy":"product_brand","embeddable":true,"href":"https:\/\/olemosaic.com\/fr\/wp-json\/wp\/v2\/product_brand?post=29242"},{"taxonomy":"product_cat","embeddable":true,"href":"https:\/\/olemosaic.com\/fr\/wp-json\/wp\/v2\/product_cat?post=29242"},{"taxonomy":"product_tag","embeddable":true,"href":"https:\/\/olemosaic.com\/fr\/wp-json\/wp\/v2\/product_tag?post=29242"}],"curies":[{"name":"wp","href":"https:\/\/api.w.org\/{rel}","templated":true}]}}