{"id":29237,"date":"2025-02-20T23:30:50","date_gmt":"2025-02-20T22:30:50","guid":{"rendered":"http:\/\/olemosaic.com\/producto\/bol-de-coco-naranja-rueda\/"},"modified":"2025-07-25T18:44:40","modified_gmt":"2025-07-25T16:44:40","slug":"bol-noix-de-coco-orange-roue","status":"publish","type":"product","link":"https:\/\/olemosaic.com\/fr\/produit\/bol-noix-de-coco-orange-roue\/","title":{"rendered":"Bol en noix de coco orange. Roue."},"content":{"rendered":"<p>Ce bol en noix de coco orange est une pi\u00e8ce d\u00e9corative unique qui injecte une touche exotique et vibrante \u00e0 n&rsquo;importe quel int\u00e9rieur. Fabriqu\u00e9 \u00e0 partir d&rsquo;une coque de noix de coco, cet objet fascinant se distingue par sa couleur orange intense et sa finition brillante qui accroche la lumi\u00e8re, cr\u00e9ant un effet lumineux et attrayant. La technique de peinture \u00e0 la main met en valeur un motif de roue complexe, avec des d\u00e9tails blancs qui contrastent merveilleusement avec le fond. Ce motif circulaire apporte non seulement un caract\u00e8re artisanal, mais \u00e9voque \u00e9galement la riche tradition de la c\u00e9ramique et de la d\u00e9coration populaire, tr\u00e8s appr\u00e9ci\u00e9e dans diverses cultures.<\/p>\n<p>Ce bol est un \u00e9l\u00e9ment polyvalent, id\u00e9al aussi bien pour la table que pour d\u00e9corer des \u00e9tag\u00e8res ou des tables d&rsquo;appoint. Son authenticit\u00e9 et l&rsquo;art impliqu\u00e9 dans sa cr\u00e9ation en font un souvenir parfait pour ceux qui souhaitent emporter un fragment de la culture locale. De plus, ce bol en noix de coco orange est une excellente option pour les boutiques de cadeaux touristiques souhaitant offrir \u00e0 leurs clients un souvenir significatif et culturellement enrichissant. Chez Ol\u00e9 Mosaic, notre engagement est de distribuer des produits qui c\u00e9l\u00e8brent la tradition et l&rsquo;artisanat, faisant de ce bol un choix de qualit\u00e9 dans le domaine des souvenirs.<\/p>\n","protected":false},"excerpt":{"rendered":"<p>Bol en noix de coco orange avec motif de roue, parfait pour ajouter une touche exotique \u00e0 n&rsquo;importe quel int\u00e9rieur. Ce produit est \u00e9labor\u00e9 \u00e0 partir d&rsquo;une coque de noix de coco et se distingue par sa couleur vibrante et sa finition brillante. La technique de conception artisanale, peinte \u00e0 la main, met en valeur un motif de roue complexe dans des tons orange et des d\u00e9tails blancs, cr\u00e9ant un contraste visuel attrayant. Id\u00e9al comme \u00e9l\u00e9ment d\u00e9coratif ou pour une utilisation \u00e0 table, ce bol est un exemple authentique d&rsquo;artisanat traditionnel.<\/p>\n","protected":false},"featured_media":11730,"template":"","meta":{"_acf_changed":false},"product_brand":[],"product_cat":[521],"product_tag":[],"class_list":{"0":"post-29237","1":"product","2":"type-product","3":"status-publish","4":"has-post-thumbnail","6":"product_cat-bols","7":"pa_ciudad-rueda","8":"pa_pais-espana","10":"first","11":"instock","12":"shipping-taxable","13":"product-type-simple"},"acf":[],"_links":{"self":[{"href":"https:\/\/olemosaic.com\/fr\/wp-json\/wp\/v2\/product\/29237","targetHints":{"allow":["GET"]}}],"collection":[{"href":"https:\/\/olemosaic.com\/fr\/wp-json\/wp\/v2\/product"}],"about":[{"href":"https:\/\/olemosaic.com\/fr\/wp-json\/wp\/v2\/types\/product"}],"wp:featuredmedia":[{"embeddable":true,"href":"https:\/\/olemosaic.com\/fr\/wp-json\/wp\/v2\/media\/11730"}],"wp:attachment":[{"href":"https:\/\/olemosaic.com\/fr\/wp-json\/wp\/v2\/media?parent=29237"}],"wp:term":[{"taxonomy":"product_brand","embeddable":true,"href":"https:\/\/olemosaic.com\/fr\/wp-json\/wp\/v2\/product_brand?post=29237"},{"taxonomy":"product_cat","embeddable":true,"href":"https:\/\/olemosaic.com\/fr\/wp-json\/wp\/v2\/product_cat?post=29237"},{"taxonomy":"product_tag","embeddable":true,"href":"https:\/\/olemosaic.com\/fr\/wp-json\/wp\/v2\/product_tag?post=29237"}],"curies":[{"name":"wp","href":"https:\/\/api.w.org\/{rel}","templated":true}]}}