{"id":29236,"date":"2025-02-20T23:30:50","date_gmt":"2025-02-20T22:30:50","guid":{"rendered":"http:\/\/olemosaic.com\/producto\/bol-de-coco-naranja-bailaora-2\/"},"modified":"2025-07-25T18:35:44","modified_gmt":"2025-07-25T16:35:44","slug":"bol-noix-de-coco-orange-danseuse-flamenco-2","status":"publish","type":"product","link":"https:\/\/olemosaic.com\/fr\/produit\/bol-noix-de-coco-orange-danseuse-flamenco-2\/","title":{"rendered":"Bol en noix de coco orange. Danseuse de flamenco. Espagne."},"content":{"rendered":"<p>Ce bol en noix de coco orange est une pi\u00e8ce d\u00e9corative exceptionnelle qui repr\u00e9sente la riche culture flamenca de l&rsquo;Espagne. Fabriqu\u00e9 artisanalement \u00e0 partir de coques de noix de coco, cet article original se distingue par sa finition brillante dans des tons orang\u00e9s vibrants, \u00e9voquant la chaleur et la passion du flamenco. \u00c0 l&rsquo;int\u00e9rieur, le bol pr\u00e9sente une magnifique illustration \u00e0 l&rsquo;effet peint \u00e0 la main d&rsquo;une danseuse de flamenco en plein mouvement, capturant l&rsquo;\u00e9nergie et le rythme de cette danse traditionnelle. La silhouette d\u00e9taill\u00e9e de la danseuse, qui se dresse sur un fond dor\u00e9, souligne le dynamisme et l&rsquo;\u00e9l\u00e9gance de l&rsquo;art flamenco, symbolisant la fiert\u00e9 et la tradition de l&rsquo;Espagne.<\/p>\n<p>Ce bol n&rsquo;est pas seulement un objet fonctionnel pour la maison, mais aussi un souvenir authentique qui transporte l&rsquo;essence culturelle de la r\u00e9gion. Son design unique en fait un excellent cadeau pour ceux qui recherchent un souvenir significatif de leur visite en Espagne, ou pour d\u00e9corer n&rsquo;importe quel espace avec une touche d&rsquo;art et de tradition. Id\u00e9al pour les boutiques de cadeaux touristiques, ce bol en noix de coco orange est un t\u00e9moignage de la richesse artisanale et culturelle du pays, parfait pour ceux qui souhaitent emporter un morceau du patrimoine espagnol.<\/p>\n<p>Chez Ol\u00e9 Mosaic, nous sommes des distributeurs de souvenirs authentiques qui capturent l&rsquo;essence de chaque recoin de l&rsquo;Espagne, et ce bol en noix de coco est une repr\u00e9sentation id\u00e9ale de notre mission d&rsquo;offrir des produits originaux et culturellement pertinents. En tant que grossistes en artisanat, nous garantissons la qualit\u00e9 et l&rsquo;authenticit\u00e9 de chacun de nos articles.<\/p>\n","protected":false},"excerpt":{"rendered":"<p>Bol en noix de coco orange avec un design \u00e9l\u00e9gant repr\u00e9sentant une danseuse de flamenco. Cet article original, \u00e9labor\u00e9 \u00e0 partir d&rsquo;une coque de noix de coco, pr\u00e9sente une finition brillante dans des tons orange et des d\u00e9tails dor\u00e9s. La silhouette de la danseuse semble \u00eatre peinte \u00e0 la main, capturant le mouvement et la passion du flamenco. Parfait pour d\u00e9corer n&rsquo;importe quel espace ou comme cadeau exclusif \u00e9voquant l&rsquo;essence culturelle espagnole.<\/p>\n","protected":false},"featured_media":13419,"template":"","meta":{"_acf_changed":false},"product_brand":[],"product_cat":[521],"product_tag":[],"class_list":{"0":"post-29236","1":"product","2":"type-product","3":"status-publish","4":"has-post-thumbnail","6":"product_cat-bols","7":"pa_motivo-danseurs","9":"first","10":"instock","11":"shipping-taxable","12":"product-type-simple"},"acf":[],"_links":{"self":[{"href":"https:\/\/olemosaic.com\/fr\/wp-json\/wp\/v2\/product\/29236","targetHints":{"allow":["GET"]}}],"collection":[{"href":"https:\/\/olemosaic.com\/fr\/wp-json\/wp\/v2\/product"}],"about":[{"href":"https:\/\/olemosaic.com\/fr\/wp-json\/wp\/v2\/types\/product"}],"wp:featuredmedia":[{"embeddable":true,"href":"https:\/\/olemosaic.com\/fr\/wp-json\/wp\/v2\/media\/13419"}],"wp:attachment":[{"href":"https:\/\/olemosaic.com\/fr\/wp-json\/wp\/v2\/media?parent=29236"}],"wp:term":[{"taxonomy":"product_brand","embeddable":true,"href":"https:\/\/olemosaic.com\/fr\/wp-json\/wp\/v2\/product_brand?post=29236"},{"taxonomy":"product_cat","embeddable":true,"href":"https:\/\/olemosaic.com\/fr\/wp-json\/wp\/v2\/product_cat?post=29236"},{"taxonomy":"product_tag","embeddable":true,"href":"https:\/\/olemosaic.com\/fr\/wp-json\/wp\/v2\/product_tag?post=29236"}],"curies":[{"name":"wp","href":"https:\/\/api.w.org\/{rel}","templated":true}]}}